{"id":35004,"date":"2026-03-30T06:28:57","date_gmt":"2026-03-30T05:28:57","guid":{"rendered":"https:\/\/bigbuy.tupique.com\/produto\/superautomatic-coffee-maker-delonghi-magnifica-s-1450-w-white\/"},"modified":"2026-04-16T16:56:20","modified_gmt":"2026-04-16T15:56:20","slug":"superautomatic-coffee-maker-delonghi-magnifica-s-1450-w-white","status":"publish","type":"product","link":"https:\/\/bigbuy.tupique.com\/en\/produto\/superautomatic-coffee-maker-delonghi-magnifica-s-1450-w-white\/","title":{"rendered":"Cafeti\u00e8re superautomatique DeLonghi Magnifica S 1450 W Blanc"},"content":{"rendered":"<p>Si vous recherchez des \u00e9lectrom\u00e9nagers pour votre maison aux meilleurs prix, ne manquez pas <b>Cafeti\u00e8re superautomatique DeLonghi Magnifica S 1450 W Blanc<\/b> et une large s\u00e9lection de petits \u00e9lectrom\u00e9nagers de qualit\u00e9 !<\/p>\n<p>La <b>DeLonghi Magnifica S<\/b> est une <b>machine \u00e0 caf\u00e9 super-automatique<\/b> au design \u00e9l\u00e9gant, disponible en <b>blanc<\/b>, <b>noir<\/b> et <b>gris<\/b>, s\u2019adaptant \u00e0 tout style de cuisine moderne. Ce mod\u00e8le se distingue par sa facilit\u00e9 d\u2019utilisation et ses performances \u00e9lev\u00e9es, gr\u00e2ce \u00e0 une <b>pression de 15 bars<\/b> garantissant une extraction optimale du caf\u00e9 pour des expressos riches en ar\u00f4me et en cr\u00e8me. Elle dispose d\u2019un &lt;b;moulin int\u00e9gr\u00e9<\/b> pouvant moudre jusqu\u2019\u00e0 <b>250 grammes de grains de caf\u00e9<\/b>, assurant la fra\u00eecheur \u00e0 chaque tasse, et son <b>r\u00e9servoir d\u2019eau grande capacit\u00e9<\/b> permet de pr\u00e9parer plusieurs caf\u00e9s sans recharge fr\u00e9quente. Avec une <b>puissance de 1 450 W<\/b> et un fonctionnement \u00e0 <b>230 V<\/b>, la Magnifica S offre un chauffage rapide et efficace, id\u00e9al pour un usage quotidien intensif. Sa taille compacte de <b>50 cm<\/b> facilite son installation sur les plans de travail, m\u00eame avec un espace limit\u00e9, tandis que la qualit\u00e9 de fabrication DeLonghi garantit durabilit\u00e9 et fiabilit\u00e9 dans le temps. Ce mod\u00e8le r\u00e9pond aux besoins des amateurs de caf\u00e9 cherchant confort, personnalisation et r\u00e9sultats professionnels \u00e0 domicile. En r\u00e9sum\u00e9, la DeLonghi Magnifica S est une solution compl\u00e8te et efficace pour ceux qui valorisent vari\u00e9t\u00e9, fra\u00eecheur et qualit\u00e9 dans la pr\u00e9paration quotidienne du caf\u00e9.<\/p>\n<ul>\n<li>Type: Cafeti\u00e8re superautomatique<\/li>\n<li>Pression: 15 bar<\/li>\n<li>puissance: 1450 W<\/li>\n<li>Capacit\u00e9:\n<ul>\n<li>1,8 L<\/li>\n<li>250 g<\/li>\n<\/ul>\n<\/li>\n<li>Tasses: 2 Tasses<\/li>\n<li>Produit \u00e0 brancher: Oui<\/li>\n<li>Bloc d\u2019Alimentation: r\u00e9seau \u00e9lectrique<\/li>\n<li>Couleur:\n<ul>\n<li>Noir<\/li>\n<li>Gris<\/li>\n<li>Blanc<\/li>\n<\/ul>\n<\/li>\n<li>Largeur:\n<ul>\n<li>29 cm<\/li>\n<li>290 mm<\/li>\n<\/ul>\n<\/li>\n<li>\u00c9lev\u00e9: 43 cm<\/li>\n<li>Long:\n<ul>\n<li>50 cm<\/li>\n<li>43 cm<\/li>\n<\/ul>\n<\/li>\n<li>Tension: 230 V<\/li>\n<li>Caract\u00e9ristiques: Automatique<\/li>\n<\/ul>","protected":false},"excerpt":{"rendered":"<p>Si vous recherchez des \u00e9lectrom\u00e9nagers pour votre maison aux meilleurs prix, ne manquez pas Cafeti\u00e8re superautomatique DeLonghi Magnifica S 1450 W Blanc et une large s\u00e9lection de petits \u00e9lectrom\u00e9nagers de qualit\u00e9 ! La DeLonghi Magnifica S est une machine \u00e0 caf\u00e9 super-automatique au design \u00e9l\u00e9gant, disponible en blanc, noir et gris, s\u2019adaptant \u00e0 tout style [&hellip;]<\/p>\n","protected":false},"featured_media":34993,"comment_status":"open","ping_status":"closed","template":"","meta":[],"product_brand":[299],"product_cat":[725,60,77],"product_tag":[59,56],"class_list":{"0":"post-35004","1":"product","2":"type-product","3":"status-publish","4":"has-post-thumbnail","6":"product_brand-brandp_5487","7":"product_cat-cafetieres","8":"product_cat-cuisine-gourmet","9":"product_cat-petit-electromenager","10":"product_tag-tag_1304","11":"product_tag-tag_930","13":"first","14":"instock","15":"taxable","16":"shipping-taxable","17":"purchasable","18":"product-type-simple"},"_links":{"self":[{"href":"https:\/\/bigbuy.tupique.com\/en\/wp-json\/wp\/v2\/product\/35004","targetHints":{"allow":["GET"]}}],"collection":[{"href":"https:\/\/bigbuy.tupique.com\/en\/wp-json\/wp\/v2\/product"}],"about":[{"href":"https:\/\/bigbuy.tupique.com\/en\/wp-json\/wp\/v2\/types\/product"}],"replies":[{"embeddable":true,"href":"https:\/\/bigbuy.tupique.com\/en\/wp-json\/wp\/v2\/comments?post=35004"}],"wp:featuredmedia":[{"embeddable":true,"href":"https:\/\/bigbuy.tupique.com\/en\/wp-json\/wp\/v2\/media\/34993"}],"wp:attachment":[{"href":"https:\/\/bigbuy.tupique.com\/en\/wp-json\/wp\/v2\/media?parent=35004"}],"wp:term":[{"taxonomy":"product_brand","embeddable":true,"href":"https:\/\/bigbuy.tupique.com\/en\/wp-json\/wp\/v2\/product_brand?post=35004"},{"taxonomy":"product_cat","embeddable":true,"href":"https:\/\/bigbuy.tupique.com\/en\/wp-json\/wp\/v2\/product_cat?post=35004"},{"taxonomy":"product_tag","embeddable":true,"href":"https:\/\/bigbuy.tupique.com\/en\/wp-json\/wp\/v2\/product_tag?post=35004"}],"curies":[{"name":"wp","href":"https:\/\/api.w.org\/{rel}","templated":true}]}}