{"id":34900,"date":"2026-03-30T06:20:23","date_gmt":"2026-03-30T05:20:23","guid":{"rendered":"https:\/\/bigbuy.tupique.com\/produto\/repair-kit-startech-i43-serial-ethernet\/"},"modified":"2026-05-11T19:59:51","modified_gmt":"2026-05-11T17:59:51","slug":"repair-kit-startech-i43-serial-ethernet","status":"publish","type":"product","link":"https:\/\/bigbuy.tupique.com\/en\/produto\/repair-kit-startech-i43-serial-ethernet\/","title":{"rendered":"Kit de r\u00e9paration Startech I43-SERIAL-ETHERNET"},"content":{"rendered":"<p>Si vous aimez suivre les derni\u00e8res tendances en mati\u00e8re de mode et accessoires, achetez <b>Kit de r\u00e9paration Startech I43-SERIAL-ETHERNET<\/b> au meilleur prix.<\/p>\n<ul>\n<li>Type: Prise Femelle\/Prise Femelle<\/li>\n<li>Couleur: Noir<\/li>\n<li>Caract\u00e9ristiques: T\u00e9moin LED<\/li>\n<li>Tension: 5 V<\/li>\n<li>Ports: 4<\/li>\n<li>Connexions: RJ45<\/li>\n<li>Entr\u00e9e AC: 100-240 V<\/li>\n<li>Non Inclus: Adaptateur AC<\/li>\n<\/ul>","protected":false},"excerpt":{"rendered":"<p>Si vous aimez suivre les derni\u00e8res tendances en mati\u00e8re de mode et accessoires, achetez Kit de r\u00e9paration Startech I43-SERIAL-ETHERNET au meilleur prix. Type: Prise Femelle\/Prise Femelle Couleur: Noir Caract\u00e9ristiques: T\u00e9moin LED Tension: 5 V Ports: 4 Connexions: RJ45 Entr\u00e9e AC: 100-240 V Non Inclus: Adaptateur AC<\/p>","protected":false},"featured_media":34882,"comment_status":"open","ping_status":"closed","template":"","meta":[],"product_brand":[634],"product_cat":[613,239],"product_tag":[210],"class_list":{"0":"post-34900","1":"product","2":"type-product","3":"status-publish","4":"has-post-thumbnail","6":"product_brand-brandp_4771","7":"product_cat-bricolage-et-materiel","8":"product_cat-maison-jardin","9":"product_tag-tag_25","11":"first","12":"instock","13":"taxable","14":"shipping-taxable","15":"purchasable","16":"product-type-simple"},"_links":{"self":[{"href":"https:\/\/bigbuy.tupique.com\/en\/wp-json\/wp\/v2\/product\/34900","targetHints":{"allow":["GET"]}}],"collection":[{"href":"https:\/\/bigbuy.tupique.com\/en\/wp-json\/wp\/v2\/product"}],"about":[{"href":"https:\/\/bigbuy.tupique.com\/en\/wp-json\/wp\/v2\/types\/product"}],"replies":[{"embeddable":true,"href":"https:\/\/bigbuy.tupique.com\/en\/wp-json\/wp\/v2\/comments?post=34900"}],"wp:featuredmedia":[{"embeddable":true,"href":"https:\/\/bigbuy.tupique.com\/en\/wp-json\/wp\/v2\/media\/34882"}],"wp:attachment":[{"href":"https:\/\/bigbuy.tupique.com\/en\/wp-json\/wp\/v2\/media?parent=34900"}],"wp:term":[{"taxonomy":"product_brand","embeddable":true,"href":"https:\/\/bigbuy.tupique.com\/en\/wp-json\/wp\/v2\/product_brand?post=34900"},{"taxonomy":"product_cat","embeddable":true,"href":"https:\/\/bigbuy.tupique.com\/en\/wp-json\/wp\/v2\/product_cat?post=34900"},{"taxonomy":"product_tag","embeddable":true,"href":"https:\/\/bigbuy.tupique.com\/en\/wp-json\/wp\/v2\/product_tag?post=34900"}],"curies":[{"name":"wp","href":"https:\/\/api.w.org\/{rel}","templated":true}]}}