{"id":34718,"date":"2026-03-30T06:14:19","date_gmt":"2026-03-30T05:14:19","guid":{"rendered":"https:\/\/bigbuy.tupique.com\/produto\/smartwatch-samsung-galaxy-watch8-silver-15-o-44-mm\/"},"modified":"2026-04-16T20:51:31","modified_gmt":"2026-04-16T19:51:31","slug":"smartwatch-samsung-galaxy-watch8-silver-15-o-44-mm","status":"publish","type":"product","link":"https:\/\/bigbuy.tupique.com\/en\/produto\/smartwatch-samsung-galaxy-watch8-silver-15-o-44-mm\/","title":{"rendered":"Montre intelligente Samsung Galaxy Watch8 Argent\u00e9 1,5&#8221; \u00d8 44 mm"},"content":{"rendered":"<p>Si vous \u00eates passionn\u00e9 d&#8217;<b>informatique et d&#8217;\u00e9lectronique<\/b>, si vous \u00eates \u00e0 la pointe de la technologie et qu&#8217;aucun d\u00e9tail ne vous \u00e9chappe, achetez <b>Montre intelligente Samsung Galaxy Watch8 Argent\u00e9 1,5&#8221; \u00d8 44 mm<\/b> au meilleur prix.<\/p>\n<p>Le <b>Samsung Galaxy Watch8<\/b> est une <b>montre connect\u00e9e<\/b> qui allie design moderne et fonctionnalit\u00e9s avanc\u00e9es pour les utilisateurs recherchant une montre intelligente polyvalente et confortable. Elle pr\u00e9sente un bo\u00eetier de <b>44 mm<\/b> avec une finition <b>argent\u00e9e<\/b> apportant une allure \u00e9l\u00e9gante et sophistiqu\u00e9e, tandis que le bracelet est en <b>silicone gris<\/b>, un mat\u00e9riau flexible et r\u00e9sistant garantissant un confort tout au long de la journ\u00e9e. La structure principale de la montre est en <b>aluminium<\/b>, assurant l\u00e9g\u00e8ret\u00e9 et durabilit\u00e9. Son \u00e9cran de <b>1,5 pouce<\/b> offre une taille adapt\u00e9e pour visualiser notifications, donn\u00e9es de sant\u00e9 et autres fonctions de mani\u00e8re claire et rapide. C\u00f4t\u00e9 connectivit\u00e9, elle dispose du <b>Bluetooth<\/b>, facilitant la synchronisation avec les smartphones pour g\u00e9rer appels, messages et applications compatibles sans sortir le t\u00e9l\u00e9phone. De plus, elle int\u00e8gre un port <b>USB<\/b> pour la charge et le transfert de donn\u00e9es, ajoutant de la polyvalence \u00e0 son usage quotidien. Cette montre intelligente est con\u00e7ue pour ceux qui souhaitent un \u00e9quilibre entre esth\u00e9tique, performance et praticit\u00e9, adapt\u00e9e aussi bien aux activit\u00e9s sportives qu\u2019\u00e0 un usage urbain ou professionnel. Sa technologie et ses mat\u00e9riaux refl\u00e8tent l\u2019engagement de Samsung \u00e0 proposer un produit accessible avec des prestations conformes aux attentes actuelles du segment des wearables. Le Galaxy Watch8 est une option compl\u00e8te pour ceux qui valorisent un appareil fiable, confortable et fonctionnel dans l\u2019\u00e9cosyst\u00e8me Samsung.<\/p>\n<ul>\n<li>Type de montre: Montre intelligente<\/li>\n<li>Produit \u00e0 brancher: Oui<\/li>\n<li>Type de prise: Prise EU<\/li>\n<li>Bloc d\u2019Alimentation: r\u00e9seau \u00e9lectrique<\/li>\n<li>Couleur:\n<ul>\n<li>Gris<\/li>\n<li>Argent\u00e9<\/li>\n<\/ul>\n<\/li>\n<li>Connectivit\u00e9:\n<ul>\n<li>Bluetooth 5.3<\/li>\n<li>Bluetooth<\/li>\n<\/ul>\n<\/li>\n<li>R\u00e9solution: 480 x 480<\/li>\n<li>Compatible:\n<ul>\n<li>Android<\/li>\n<li>Android, iOS<\/li>\n<\/ul>\n<\/li>\n<li>Dimensions approx.: 22 x 6 x 12 cm<\/li>\n<li>Mati\u00e8re:\n<ul>\n<li>Silicone<\/li>\n<li>Aluminium<\/li>\n<\/ul>\n<\/li>\n<li>Connexions: USB<\/li>\n<li>Ecran: 1,5&#8221;<\/li>\n<li>Mat\u00e9riau du bracelet: Fluoro\u00e9lastom\u00e8re<\/li>\n<li>Taille: Taille unique<\/li>\n<li>Genre: Unisexe<\/li>\n<li>GPS: Oui<\/li>\n<li>Imperm\u00e9abilit\u00e9: 5 atm<\/li>\n<li>Autonomie approx.: 30 heures<\/li>\n<li>Technologie: AMOLED<\/li>\n<li>Bracelet: R\u00e9glable<\/li>\n<li>Bracelet \u00e0 montre: Silicone<\/li>\n<li>Couleur du cadran: Argent<\/li>\n<li>Diam\u00e8tre du bo\u00eetier: \u00d8 44 mm<\/li>\n<li>Couleur du bo\u00eetier de l&#8217;horloge: Argent\u00e9<\/li>\n<li>Couleur du bracelet: Argent\u00e9<\/li>\n<li>Syst\u00e8me d&#8217;exploitation: Wear OS<\/li>\n<li>Sport: Fitness<\/li>\n<li>Diam\u00e8tre du bo\u00eetier de la montre: \u00d8 44 mm<\/li>\n<\/ul>","protected":false},"excerpt":{"rendered":"<p>Si vous \u00eates passionn\u00e9 d&#8217;informatique et d&#8217;\u00e9lectronique, si vous \u00eates \u00e0 la pointe de la technologie et qu&#8217;aucun d\u00e9tail ne vous \u00e9chappe, achetez Montre intelligente Samsung Galaxy Watch8 Argent\u00e9 1,5&#8221; \u00d8 44 mm au meilleur prix. Le Samsung Galaxy Watch8 est une montre connect\u00e9e qui allie design moderne et fonctionnalit\u00e9s avanc\u00e9es pour les utilisateurs recherchant [&hellip;]<\/p>\n","protected":false},"featured_media":34712,"comment_status":"open","ping_status":"closed","template":"","meta":[],"product_brand":[183],"product_cat":[575,65,748],"product_tag":[103,59,566,106],"class_list":{"0":"post-34718","1":"product","2":"type-product","3":"status-publish","4":"has-post-thumbnail","6":"product_brand-brandp_576","7":"product_cat-electronique-telephonie-et-tablettes","8":"product_cat-informatique-electronique","9":"product_cat-smartwatches","10":"product_tag-tag_1261","11":"product_tag-tag_1304","12":"product_tag-tag_547","13":"product_tag-tag_1295","15":"first","16":"instock","17":"taxable","18":"shipping-taxable","19":"purchasable","20":"product-type-simple"},"_links":{"self":[{"href":"https:\/\/bigbuy.tupique.com\/en\/wp-json\/wp\/v2\/product\/34718","targetHints":{"allow":["GET"]}}],"collection":[{"href":"https:\/\/bigbuy.tupique.com\/en\/wp-json\/wp\/v2\/product"}],"about":[{"href":"https:\/\/bigbuy.tupique.com\/en\/wp-json\/wp\/v2\/types\/product"}],"replies":[{"embeddable":true,"href":"https:\/\/bigbuy.tupique.com\/en\/wp-json\/wp\/v2\/comments?post=34718"}],"wp:featuredmedia":[{"embeddable":true,"href":"https:\/\/bigbuy.tupique.com\/en\/wp-json\/wp\/v2\/media\/34712"}],"wp:attachment":[{"href":"https:\/\/bigbuy.tupique.com\/en\/wp-json\/wp\/v2\/media?parent=34718"}],"wp:term":[{"taxonomy":"product_brand","embeddable":true,"href":"https:\/\/bigbuy.tupique.com\/en\/wp-json\/wp\/v2\/product_brand?post=34718"},{"taxonomy":"product_cat","embeddable":true,"href":"https:\/\/bigbuy.tupique.com\/en\/wp-json\/wp\/v2\/product_cat?post=34718"},{"taxonomy":"product_tag","embeddable":true,"href":"https:\/\/bigbuy.tupique.com\/en\/wp-json\/wp\/v2\/product_tag?post=34718"}],"curies":[{"name":"wp","href":"https:\/\/api.w.org\/{rel}","templated":true}]}}