{"id":34686,"date":"2026-03-30T06:13:21","date_gmt":"2026-03-30T05:13:21","guid":{"rendered":"https:\/\/bigbuy.tupique.com\/produto\/router-sonicwall-03-ssc-4663\/"},"modified":"2026-04-15T05:10:13","modified_gmt":"2026-04-15T04:10:13","slug":"router-sonicwall-03-ssc-4663","status":"publish","type":"product","link":"https:\/\/bigbuy.tupique.com\/en\/produto\/router-sonicwall-03-ssc-4663\/","title":{"rendered":"Router SonicWall 03-SSC-4663"},"content":{"rendered":"<p>Si vous \u00eates passionn\u00e9 d&#8217;<b>informatique et d&#8217;\u00e9lectronique<\/b>, si vous \u00eates \u00e0 la pointe de la technologie et qu&#8217;aucun d\u00e9tail ne vous \u00e9chappe, achetez <b>Router SonicWall 03-SSC-4663<\/b> au meilleur prix.<\/p>\n<p>Le <b>routeur SonicWall mod\u00e8le 03-SSC-4663<\/b> est un appareil con\u00e7u pour offrir une connectivit\u00e9 s\u00e9curis\u00e9e et efficace dans les r\u00e9seaux d\u2019entreprise et professionnels. En tant que <b>routeur<\/b>, il g\u00e8re le trafic entrant et sortant des donn\u00e9es sur le r\u00e9seau, optimisant les performances et garantissant une disponibilit\u00e9 continue de la connexion, un aspect essentiel dans les environnements o\u00f9 la stabilit\u00e9 et la s\u00e9curit\u00e9 sont prioritaires. Cet \u00e9quipement se distingue par sa capacit\u00e9 \u00e0 int\u00e9grer des fonctions avanc\u00e9es propres \u00e0 la marque SonicWall, reconnue dans le secteur pour son expertise en s\u00e9curit\u00e9 informatique et ses solutions r\u00e9seau fiables. Le routeur est con\u00e7u pour g\u00e9rer efficacement les connexions locales ainsi que les acc\u00e8s Internet, facilitant une communication interne et externe contr\u00f4l\u00e9e et s\u00e9curis\u00e9e. Bien que la description initiale soit limit\u00e9e, on d\u00e9duit que le <b>mod\u00e8le 03-SSC-4663<\/b> int\u00e8gre les caract\u00e9ristiques de base pour r\u00e9pondre aux normes actuelles de connectivit\u00e9 des infrastructures r\u00e9seau, assurant un service stable et disponible, id\u00e9al pour les entreprises qui doivent maintenir leur activit\u00e9 en ligne sans interruption. En r\u00e9sum\u00e9, ce routeur SonicWall offre une solution professionnelle pour les environnements n\u00e9cessitant une gestion robuste et fiable du trafic r\u00e9seau.<\/p>\n<ul>\n<li>Type: Router<\/li>\n<li>Produit \u00e0 brancher: Oui<\/li>\n<li>Bloc d\u2019Alimentation: r\u00e9seau \u00e9lectrique<\/li>\n<\/ul>","protected":false},"excerpt":{"rendered":"<p>Si vous \u00eates passionn\u00e9 d&#8217;informatique et d&#8217;\u00e9lectronique, si vous \u00eates \u00e0 la pointe de la technologie et qu&#8217;aucun d\u00e9tail ne vous \u00e9chappe, achetez Router SonicWall 03-SSC-4663 au meilleur prix. Le routeur SonicWall mod\u00e8le 03-SSC-4663 est un appareil con\u00e7u pour offrir une connectivit\u00e9 s\u00e9curis\u00e9e et efficace dans les r\u00e9seaux d\u2019entreprise et professionnels. En tant que routeur, [&hellip;]<\/p>\n","protected":false},"featured_media":34685,"comment_status":"open","ping_status":"closed","template":"","meta":[],"product_brand":[658],"product_cat":[65,584,612],"product_tag":[106],"class_list":{"0":"post-34686","1":"product","2":"type-product","3":"status-publish","4":"has-post-thumbnail","6":"product_brand-brandp_4781","7":"product_cat-informatique-electronique","8":"product_cat-informatique-reseaux-et-composants","9":"product_cat-routeurs-et-modems","10":"product_tag-tag_1295","12":"first","13":"instock","14":"taxable","15":"shipping-taxable","16":"purchasable","17":"product-type-simple"},"_links":{"self":[{"href":"https:\/\/bigbuy.tupique.com\/en\/wp-json\/wp\/v2\/product\/34686","targetHints":{"allow":["GET"]}}],"collection":[{"href":"https:\/\/bigbuy.tupique.com\/en\/wp-json\/wp\/v2\/product"}],"about":[{"href":"https:\/\/bigbuy.tupique.com\/en\/wp-json\/wp\/v2\/types\/product"}],"replies":[{"embeddable":true,"href":"https:\/\/bigbuy.tupique.com\/en\/wp-json\/wp\/v2\/comments?post=34686"}],"wp:featuredmedia":[{"embeddable":true,"href":"https:\/\/bigbuy.tupique.com\/en\/wp-json\/wp\/v2\/media\/34685"}],"wp:attachment":[{"href":"https:\/\/bigbuy.tupique.com\/en\/wp-json\/wp\/v2\/media?parent=34686"}],"wp:term":[{"taxonomy":"product_brand","embeddable":true,"href":"https:\/\/bigbuy.tupique.com\/en\/wp-json\/wp\/v2\/product_brand?post=34686"},{"taxonomy":"product_cat","embeddable":true,"href":"https:\/\/bigbuy.tupique.com\/en\/wp-json\/wp\/v2\/product_cat?post=34686"},{"taxonomy":"product_tag","embeddable":true,"href":"https:\/\/bigbuy.tupique.com\/en\/wp-json\/wp\/v2\/product_tag?post=34686"}],"curies":[{"name":"wp","href":"https:\/\/api.w.org\/{rel}","templated":true}]}}