{"id":34495,"date":"2026-03-30T06:01:55","date_gmt":"2026-03-30T05:01:55","guid":{"rendered":"https:\/\/bigbuy.tupique.com\/produto\/smartwatch-samsung-watch8-black-graphite-13-40-mm\/"},"modified":"2026-04-16T20:51:31","modified_gmt":"2026-04-16T19:51:31","slug":"smartwatch-samsung-watch8-black-graphite-13-40-mm","status":"publish","type":"product","link":"https:\/\/bigbuy.tupique.com\/en\/produto\/smartwatch-samsung-watch8-black-graphite-13-40-mm\/","title":{"rendered":"Montre intelligente Samsung Watch8 Noir Graphite 1,3&#8243; 40 mm"},"content":{"rendered":"<p>Si vous \u00eates passionn\u00e9 d&#8217;<b>informatique et d&#8217;\u00e9lectronique<\/b>, si vous \u00eates \u00e0 la pointe de la technologie et qu&#8217;aucun d\u00e9tail ne vous \u00e9chappe, achetez <b>Montre intelligente Samsung Watch8 Noir Graphite 1,3&#8243; 40 mm<\/b> au meilleur prix.<\/p>\n<p>Le <b>Samsung Galaxy Watch8<\/b> est une <b>montre connect\u00e9e<\/b> con\u00e7ue pour ceux qui souhaitent allier technologie avanc\u00e9e et confort dans un format \u00e9l\u00e9gant et fonctionnel. Ce mod\u00e8le de 40 mm pr\u00e9sente une finition en <b>couleur graphite<\/b>, offrant un aspect moderne et polyvalent, adapt\u00e9 aussi bien au quotidien qu\u2019aux activit\u00e9s sportives. Sa structure combine des <b>mat\u00e9riaux en aluminium<\/b> garantissant l\u00e9g\u00e8ret\u00e9 et r\u00e9sistance, avec un bracelet en <b>silicone<\/b> assurant un ajustement confortable et durable au poignet, id\u00e9al pour un usage prolong\u00e9 sans sacrifier le confort. \u00c9quip\u00e9e de la connectivit\u00e9 <b>Bluetooth<\/b>, cette montre intelligente permet une synchronisation fluide avec les appareils compatibles pour recevoir des notifications, contr\u00f4ler la musique ou utiliser diverses applications facilement. Sa fonctionnalit\u00e9 se distingue par l\u2019int\u00e9gration d\u2019un <b>tensiom\u00e8tre<\/b>, permettant de surveiller la pression art\u00e9rielle directement au poignet, une caract\u00e9ristique utile pour le suivi de la sant\u00e9 cardiovasculaire. De plus, elle int\u00e8gre un <b>acc\u00e9l\u00e9rom\u00e8tre<\/b> qui facilite l\u2019enregistrement pr\u00e9cis de l\u2019activit\u00e9 physique, incluant le comptage des pas, la distance et les mouvements. Cette combinaison de capteurs et de mat\u00e9riaux positionne le Galaxy Watch8 comme une option solide dans le segment des montres connect\u00e9es, destin\u00e9e aux utilisateurs attach\u00e9s \u00e0 la sant\u00e9, \u00e0 la connectivit\u00e9 et \u00e0 un design soign\u00e9. Dans l\u2019ensemble, l\u2019appareil r\u00e9pond aux attentes du march\u00e9 actuel, offrant un \u00e9quilibre entre fonctionnalit\u00e9 technique et esth\u00e9tique raffin\u00e9e sans compromettre durabilit\u00e9 ni facilit\u00e9 d\u2019usage au quotidien.<\/p>\n<ul>\n<li>Type de montre: Montre intelligente<\/li>\n<li>Produit \u00e0 brancher: Oui<\/li>\n<li>Bloc d\u2019Alimentation: r\u00e9seau \u00e9lectrique<\/li>\n<li>Type:\n<ul>\n<li>Super AMOLED<\/li>\n<li>Tensiom\u00e8tre<\/li>\n<\/ul>\n<\/li>\n<li>Couleur:\n<ul>\n<li>Graphite<\/li>\n<li>Noir<\/li>\n<\/ul>\n<\/li>\n<li>Connectivit\u00e9:\n<ul>\n<li>Bluetooth 5.3<\/li>\n<li>Bluetooth<\/li>\n<li>Wi-Fi<\/li>\n<li>GPS<\/li>\n<li>NFC<\/li>\n<li>Glonass<\/li>\n<li>BeiDou<\/li>\n<li>Galileo<\/li>\n<li>eSIM<\/li>\n<\/ul>\n<\/li>\n<li>Compatible: Android<\/li>\n<li>Mati\u00e8re:\n<ul>\n<li>Silicone<\/li>\n<li>Aluminium<\/li>\n<\/ul>\n<\/li>\n<li>Caract\u00e9ristiques:\n<ul>\n<li>Acc\u00e9l\u00e9rom\u00e8tre<\/li>\n<li>Barom\u00e8tre<\/li>\n<li>Capteur de lumi\u00e8re ambiante<\/li>\n<li>Gyroscope<\/li>\n<li>5 atm<\/li>\n<li>Connexion au r\u00e9seau mobile<\/li>\n<li>Capteur g\u00e9omagn\u00e9tique<\/li>\n<\/ul>\n<\/li>\n<li>Connexions: 4G<\/li>\n<li>M\u00e9moire interne: 32 GB<\/li>\n<li>Syst\u00e8me d&#8217;exploitation: Android<\/li>\n<li>Caisse: 40 mm<\/li>\n<li>Forme: Rond<\/li>\n<li>Classification IP: IP68<\/li>\n<li>Type de fermeture: Boucle<\/li>\n<li>Ecran: 1,3&#8243;<\/li>\n<li>Fonctions:\n<ul>\n<li>Moniteur de Sommeil<\/li>\n<li>Moniteur de fr\u00e9quence cardiaque<\/li>\n<\/ul>\n<\/li>\n<li>Technologie: AMOLED<\/li>\n<li>Autonomie approx.: 40 heures<\/li>\n<li>M\u00e9moire RAM: 2 GB<\/li>\n<\/ul>","protected":false},"excerpt":{"rendered":"<p>Si vous \u00eates passionn\u00e9 d&#8217;informatique et d&#8217;\u00e9lectronique, si vous \u00eates \u00e0 la pointe de la technologie et qu&#8217;aucun d\u00e9tail ne vous \u00e9chappe, achetez Montre intelligente Samsung Watch8 Noir Graphite 1,3&#8243; 40 mm au meilleur prix. Le Samsung Galaxy Watch8 est une montre connect\u00e9e con\u00e7ue pour ceux qui souhaitent allier technologie avanc\u00e9e et confort dans un [&hellip;]<\/p>\n","protected":false},"featured_media":34489,"comment_status":"open","ping_status":"closed","template":"","meta":[],"product_brand":[183],"product_cat":[575,65,748],"product_tag":[103,59,566,106],"class_list":{"0":"post-34495","1":"product","2":"type-product","3":"status-publish","4":"has-post-thumbnail","6":"product_brand-brandp_576","7":"product_cat-electronique-telephonie-et-tablettes","8":"product_cat-informatique-electronique","9":"product_cat-smartwatches","10":"product_tag-tag_1261","11":"product_tag-tag_1304","12":"product_tag-tag_547","13":"product_tag-tag_1295","15":"first","16":"instock","17":"taxable","18":"shipping-taxable","19":"purchasable","20":"product-type-simple"},"_links":{"self":[{"href":"https:\/\/bigbuy.tupique.com\/en\/wp-json\/wp\/v2\/product\/34495","targetHints":{"allow":["GET"]}}],"collection":[{"href":"https:\/\/bigbuy.tupique.com\/en\/wp-json\/wp\/v2\/product"}],"about":[{"href":"https:\/\/bigbuy.tupique.com\/en\/wp-json\/wp\/v2\/types\/product"}],"replies":[{"embeddable":true,"href":"https:\/\/bigbuy.tupique.com\/en\/wp-json\/wp\/v2\/comments?post=34495"}],"wp:featuredmedia":[{"embeddable":true,"href":"https:\/\/bigbuy.tupique.com\/en\/wp-json\/wp\/v2\/media\/34489"}],"wp:attachment":[{"href":"https:\/\/bigbuy.tupique.com\/en\/wp-json\/wp\/v2\/media?parent=34495"}],"wp:term":[{"taxonomy":"product_brand","embeddable":true,"href":"https:\/\/bigbuy.tupique.com\/en\/wp-json\/wp\/v2\/product_brand?post=34495"},{"taxonomy":"product_cat","embeddable":true,"href":"https:\/\/bigbuy.tupique.com\/en\/wp-json\/wp\/v2\/product_cat?post=34495"},{"taxonomy":"product_tag","embeddable":true,"href":"https:\/\/bigbuy.tupique.com\/en\/wp-json\/wp\/v2\/product_tag?post=34495"}],"curies":[{"name":"wp","href":"https:\/\/api.w.org\/{rel}","templated":true}]}}