{"id":34488,"date":"2026-03-30T06:01:43","date_gmt":"2026-03-30T05:01:43","guid":{"rendered":"https:\/\/bigbuy.tupique.com\/produto\/smartwatch-samsung-watch8-white-silver-13-40-mm\/"},"modified":"2026-04-16T20:51:32","modified_gmt":"2026-04-16T19:51:32","slug":"smartwatch-samsung-watch8-white-silver-13-40-mm","status":"publish","type":"product","link":"https:\/\/bigbuy.tupique.com\/en\/produto\/smartwatch-samsung-watch8-white-silver-13-40-mm\/","title":{"rendered":"Montre intelligente Samsung Watch8 Blanc Argent\u00e9 1,3&#8243; 40 mm"},"content":{"rendered":"<p>Si vous \u00eates passionn\u00e9 d&#8217;<b>informatique et d&#8217;\u00e9lectronique<\/b>, si vous \u00eates \u00e0 la pointe de la technologie et qu&#8217;aucun d\u00e9tail ne vous \u00e9chappe, achetez <b>Montre intelligente Samsung Watch8 Blanc Argent\u00e9 1,3&#8243; 40 mm<\/b> au meilleur prix.<\/p>\n<p>Le <b>Samsung Galaxy Watch8<\/b> est une <b>montre connect\u00e9e<\/b> avanc\u00e9e con\u00e7ue pour ceux qui recherchent un \u00e9quilibre entre style et fonctionnalit\u00e9 dans un appareil portable. Elle pr\u00e9sente un bo\u00eetier de <b>40 mm de diam\u00e8tre<\/b>, disponible dans une finition \u00e9l\u00e9gante <b>argent\u00e9e<\/b> apportant une touche moderne et polyvalente, adapt\u00e9e \u00e0 un usage quotidien comme aux activit\u00e9s sportives. Sa structure en <b>aluminium<\/b> garantit l\u00e9g\u00e8ret\u00e9 et robustesse, offrant confort sans sacrifier la durabilit\u00e9. \u00c9quip\u00e9e de la connectivit\u00e9 <b>Bluetooth<\/b>, elle permet la synchronisation avec les smartphones pour recevoir des notifications, contr\u00f4ler des applications et g\u00e9rer les appels directement au poignet. Elle int\u00e8gre des capteurs essentiels tels qu\u2019un <b>tensiom\u00e8tre<\/b> pour le suivi de la sant\u00e9 cardiovasculaire, ainsi qu\u2019un <b>acc\u00e9l\u00e9rom\u00e8tre<\/b> et un <b>barom\u00e8tre<\/b> favorisant des mesures pr\u00e9cises de l\u2019activit\u00e9 physique et des conditions environnementales, faisant de cet appareil un assistant fiable pour le suivi sportif et le bien-\u00eatre quotidien. Son design attrayant combine des couleurs comme le <b>blanc<\/b> et le <b>gris<\/b>, augmentant les options esth\u00e9tiques pour s\u2019adapter \u00e0 diff\u00e9rents go\u00fbts personnels. Cette montre intelligente se distingue par sa capacit\u00e9 \u00e0 offrir une surveillance compl\u00e8te et une utilisation intuitive depuis le poignet, \u00e9tant un outil utile tant pour les utilisateurs souhaitant contr\u00f4ler des param\u00e8tres de sant\u00e9 sp\u00e9cifiques que pour ceux d\u00e9sirant une montre connect\u00e9e \u00e0 la fois \u00e9l\u00e9gante et fonctionnelle. Dans l\u2019ensemble, le Galaxy Watch8 se positionne comme un appareil technologique de r\u00e9f\u00e9rence dans la gamme moyenne-haute des montres connect\u00e9es, alliant performances techniques et design soign\u00e9.<\/p>\n<ul>\n<li>Type de montre: Montre intelligente<\/li>\n<li>Produit \u00e0 brancher: Oui<\/li>\n<li>Bloc d\u2019Alimentation: r\u00e9seau \u00e9lectrique<\/li>\n<li>Couleur:\n<ul>\n<li>Gris<\/li>\n<li>Blanc<\/li>\n<li>Argent\u00e9<\/li>\n<\/ul>\n<\/li>\n<li>Connectivit\u00e9:\n<ul>\n<li>Bluetooth 5.3<\/li>\n<li>Bluetooth<\/li>\n<li>Wi-Fi<\/li>\n<li>GPS<\/li>\n<li>NFC<\/li>\n<li>Glonass<\/li>\n<li>BeiDou<\/li>\n<li>Galileo<\/li>\n<\/ul>\n<\/li>\n<li>Compatible: Android<\/li>\n<li>Type: Tensiom\u00e8tre<\/li>\n<li>Mati\u00e8re: Aluminium<\/li>\n<li>Caract\u00e9ristiques:\n<ul>\n<li>Acc\u00e9l\u00e9rom\u00e8tre<\/li>\n<li>Barom\u00e8tre<\/li>\n<li>Capteur de lumi\u00e8re ambiante<\/li>\n<li>Gyroscope<\/li>\n<li>5 atm<\/li>\n<li>Capteur g\u00e9omagn\u00e9tique<\/li>\n<\/ul>\n<\/li>\n<li>M\u00e9moire interne: 32 GB<\/li>\n<li>Syst\u00e8me d&#8217;exploitation: Android<\/li>\n<li>Caisse: 40 mm<\/li>\n<li>Forme: Rond<\/li>\n<li>Classification IP: IP68<\/li>\n<li>Type de fermeture: Boucle<\/li>\n<li>Ecran: 1,3&#8243;<\/li>\n<li>Fonctions:\n<ul>\n<li>Moniteur de Sommeil<\/li>\n<li>Moniteur de fr\u00e9quence cardiaque<\/li>\n<\/ul>\n<\/li>\n<li>Technologie: AMOLED<\/li>\n<li>Non Inclus: Connexion au r\u00e9seau mobile<\/li>\n<li>Autonomie approx.: 40 heures<\/li>\n<li>M\u00e9moire RAM: 2 GB<\/li>\n<\/ul>","protected":false},"excerpt":{"rendered":"<p>Si vous \u00eates passionn\u00e9 d&#8217;informatique et d&#8217;\u00e9lectronique, si vous \u00eates \u00e0 la pointe de la technologie et qu&#8217;aucun d\u00e9tail ne vous \u00e9chappe, achetez Montre intelligente Samsung Watch8 Blanc Argent\u00e9 1,3&#8243; 40 mm au meilleur prix. Le Samsung Galaxy Watch8 est une montre connect\u00e9e avanc\u00e9e con\u00e7ue pour ceux qui recherchent un \u00e9quilibre entre style et fonctionnalit\u00e9 [&hellip;]<\/p>\n","protected":false},"featured_media":34482,"comment_status":"open","ping_status":"closed","template":"","meta":[],"product_brand":[183],"product_cat":[575,65,748],"product_tag":[103,59,566,106],"class_list":{"0":"post-34488","1":"product","2":"type-product","3":"status-publish","4":"has-post-thumbnail","6":"product_brand-brandp_576","7":"product_cat-electronique-telephonie-et-tablettes","8":"product_cat-informatique-electronique","9":"product_cat-smartwatches","10":"product_tag-tag_1261","11":"product_tag-tag_1304","12":"product_tag-tag_547","13":"product_tag-tag_1295","15":"first","16":"instock","17":"taxable","18":"shipping-taxable","19":"purchasable","20":"product-type-simple"},"_links":{"self":[{"href":"https:\/\/bigbuy.tupique.com\/en\/wp-json\/wp\/v2\/product\/34488","targetHints":{"allow":["GET"]}}],"collection":[{"href":"https:\/\/bigbuy.tupique.com\/en\/wp-json\/wp\/v2\/product"}],"about":[{"href":"https:\/\/bigbuy.tupique.com\/en\/wp-json\/wp\/v2\/types\/product"}],"replies":[{"embeddable":true,"href":"https:\/\/bigbuy.tupique.com\/en\/wp-json\/wp\/v2\/comments?post=34488"}],"wp:featuredmedia":[{"embeddable":true,"href":"https:\/\/bigbuy.tupique.com\/en\/wp-json\/wp\/v2\/media\/34482"}],"wp:attachment":[{"href":"https:\/\/bigbuy.tupique.com\/en\/wp-json\/wp\/v2\/media?parent=34488"}],"wp:term":[{"taxonomy":"product_brand","embeddable":true,"href":"https:\/\/bigbuy.tupique.com\/en\/wp-json\/wp\/v2\/product_brand?post=34488"},{"taxonomy":"product_cat","embeddable":true,"href":"https:\/\/bigbuy.tupique.com\/en\/wp-json\/wp\/v2\/product_cat?post=34488"},{"taxonomy":"product_tag","embeddable":true,"href":"https:\/\/bigbuy.tupique.com\/en\/wp-json\/wp\/v2\/product_tag?post=34488"}],"curies":[{"name":"wp","href":"https:\/\/api.w.org\/{rel}","templated":true}]}}