{"id":34332,"date":"2026-03-30T05:48:56","date_gmt":"2026-03-30T04:48:56","guid":{"rendered":"https:\/\/bigbuy.tupique.com\/produto\/stick-vacuum-cleaner-philips-2\/"},"modified":"2026-04-16T20:20:21","modified_gmt":"2026-04-16T19:20:21","slug":"stick-vacuum-cleaner-philips-2","status":"publish","type":"product","link":"https:\/\/bigbuy.tupique.com\/en\/produto\/stick-vacuum-cleaner-philips-2\/","title":{"rendered":"Aspirateur balai Philips"},"content":{"rendered":"<p>Si vous \u00eates \u00e0 la recherche de nouvelles tendances sur le march\u00e9, nous vous pr\u00e9sentons <b>Aspirateur balai Philips<\/b> !<\/p>\n<p>Le <b>aspirateur balai sans fil Philips AquaTrio XW7264\/11<\/b> est un appareil con\u00e7u pour offrir un nettoyage efficace et polyvalent \u00e0 la maison. Avec un syst\u00e8me d\u2019alimentation par <b>batterie 21,6 V<\/b>, il offre une autonomie d\u2019environ <b>30 minutes<\/b> pour un nettoyage sans interruption et une grande libert\u00e9 de mouvement. Son design l\u00e9ger et compact, avec une largeur de travail de <b>25 cm<\/b> et une forme <b>rectangulaire<\/b>, facilite l\u2019acc\u00e8s \u00e0 diff\u00e9rentes surfaces et recoins, s\u2019adaptant \u00e0 divers besoins. Cet aspirateur se distingue par sa capacit\u00e9 \u00e0 \u00eatre utilis\u00e9 aussi bien \u00e0 sec qu\u2019\u00e0 humide, permettant d\u2019\u00e9liminer poussi\u00e8re, salet\u00e9 et petits liquides renvers\u00e9s en un seul passage, gr\u00e2ce \u00e0 son r\u00e9servoir de <b>450 ml<\/b> et une puissance de rotation de <b>2500 tr\/min<\/b> qui optimise l\u2019efficacit\u00e9 du nettoyage. Le temps de charge est d\u2019environ <b>6 heures<\/b>, garantissant que l\u2019appareil soit pr\u00eat pour un usage fr\u00e9quent. Sa couleur noire lui conf\u00e8re un aspect moderne et sobre, adapt\u00e9 \u00e0 tout int\u00e9rieur. Le Philips AquaTrio XW7264\/11 int\u00e8gre une technologie avanc\u00e9e combinant aspiration et serpilli\u00e8re humide, facilitant un nettoyage en profondeur et efficace sur sols durs et tapis r\u00e9sistants. Dans l\u2019ensemble, cet aspirateur repr\u00e9sente une solution pratique et fonctionnelle qui allie le confort du sans-fil \u00e0 une performance polyvalente pour les t\u00e2ches quotidiennes de nettoyage.<\/p>\n<ul>\n<li>Produit \u00e0 brancher: Oui<\/li>\n<li>Type: Aspirateur balai<\/li>\n<li>Type de prise: Prise EU<\/li>\n<li>Bloc d\u2019Alimentation:\n<ul>\n<li>r\u00e9seau \u00e9lectrique<\/li>\n<li>Batterie<\/li>\n<\/ul>\n<\/li>\n<li>Couleur:\n<ul>\n<li>Jaune<\/li>\n<li>Noir<\/li>\n<\/ul>\n<\/li>\n<li>\u00c9lev\u00e9: 115 cm<\/li>\n<li>Tension: 21,6 V<\/li>\n<li>Batterie: Lithium-ion<\/li>\n<li>Dimensions approx.:\n<ul>\n<li>25 cm<\/li>\n<li>26 cm<\/li>\n<\/ul>\n<\/li>\n<li>Profondeur: 25 cm<\/li>\n<li>Forme: Rectangulaire<\/li>\n<li>Temps de charge approx.: 6 heures<\/li>\n<li>Caract\u00e9ristiques: Humide et sec<\/li>\n<li>Type de batterie: Litio Ion<\/li>\n<li>Autonomie approx.: 30 minutes<\/li>\n<\/ul>","protected":false},"excerpt":{"rendered":"<p>Si vous \u00eates \u00e0 la recherche de nouvelles tendances sur le march\u00e9, nous vous pr\u00e9sentons Aspirateur balai Philips ! Le aspirateur balai sans fil Philips AquaTrio XW7264\/11 est un appareil con\u00e7u pour offrir un nettoyage efficace et polyvalent \u00e0 la maison. Avec un syst\u00e8me d\u2019alimentation par batterie 21,6 V, il offre une autonomie d\u2019environ 30 [&hellip;]<\/p>\n","protected":false},"featured_media":34323,"comment_status":"open","ping_status":"closed","template":"","meta":[],"product_brand":[315],"product_cat":[762,239,240],"product_tag":[59,56,210],"class_list":{"0":"post-34332","1":"product","2":"type-product","3":"status-publish","4":"has-post-thumbnail","6":"product_brand-brandp_571","7":"product_cat-aspirateurs-et-robots","8":"product_cat-maison-jardin","9":"product_cat-nettoyage-aspirateur-et-repassage","10":"product_tag-tag_1304","11":"product_tag-tag_930","12":"product_tag-tag_25","14":"first","15":"instock","16":"taxable","17":"shipping-taxable","18":"purchasable","19":"product-type-simple"},"_links":{"self":[{"href":"https:\/\/bigbuy.tupique.com\/en\/wp-json\/wp\/v2\/product\/34332","targetHints":{"allow":["GET"]}}],"collection":[{"href":"https:\/\/bigbuy.tupique.com\/en\/wp-json\/wp\/v2\/product"}],"about":[{"href":"https:\/\/bigbuy.tupique.com\/en\/wp-json\/wp\/v2\/types\/product"}],"replies":[{"embeddable":true,"href":"https:\/\/bigbuy.tupique.com\/en\/wp-json\/wp\/v2\/comments?post=34332"}],"wp:featuredmedia":[{"embeddable":true,"href":"https:\/\/bigbuy.tupique.com\/en\/wp-json\/wp\/v2\/media\/34323"}],"wp:attachment":[{"href":"https:\/\/bigbuy.tupique.com\/en\/wp-json\/wp\/v2\/media?parent=34332"}],"wp:term":[{"taxonomy":"product_brand","embeddable":true,"href":"https:\/\/bigbuy.tupique.com\/en\/wp-json\/wp\/v2\/product_brand?post=34332"},{"taxonomy":"product_cat","embeddable":true,"href":"https:\/\/bigbuy.tupique.com\/en\/wp-json\/wp\/v2\/product_cat?post=34332"},{"taxonomy":"product_tag","embeddable":true,"href":"https:\/\/bigbuy.tupique.com\/en\/wp-json\/wp\/v2\/product_tag?post=34332"}],"curies":[{"name":"wp","href":"https:\/\/api.w.org\/{rel}","templated":true}]}}