{"id":33657,"date":"2026-03-30T05:14:20","date_gmt":"2026-03-30T04:14:20","guid":{"rendered":"https:\/\/bigbuy.tupique.com\/produto\/stabiliser-for-support-dji-rs-4-combo\/"},"modified":"2026-04-16T17:31:31","modified_gmt":"2026-04-16T16:31:31","slug":"stabiliser-for-support-dji-rs-4-combo","status":"publish","type":"product","link":"https:\/\/bigbuy.tupique.com\/en\/produto\/stabiliser-for-support-dji-rs-4-combo\/","title":{"rendered":"Stabilisateur de soutien Dji RS 4 Combo"},"content":{"rendered":"<p>Si vous \u00eates passionn\u00e9 d&#8217;<b>informatique et d&#8217;\u00e9lectronique<\/b>, si vous \u00eates \u00e0 la pointe de la technologie et qu&#8217;aucun d\u00e9tail ne vous \u00e9chappe, achetez <b>Stabilisateur de soutien Dji RS 4 Combo<\/b> au meilleur prix.<\/p>\n<ul>\n<li>Type:\n<ul>\n<li>Stabilisateur de soutien<\/li>\n<li>Cam\u00e9ra\/Appareil Photo<\/li>\n<li>Universel<\/li>\n<\/ul>\n<\/li>\n<li>Caract\u00e9ristiques:\n<ul>\n<li>Stabilisateur<\/li>\n<li>Pliable<\/li>\n<li>Batterie int\u00e9gr\u00e9e<\/li>\n<\/ul>\n<\/li>\n<li>Couleur: Noir<\/li>\n<li>Mati\u00e8re: Aluminium<\/li>\n<li>Poids: 3 Kg<\/li>\n<li>Connectivit\u00e9:\n<ul>\n<li>Bluetooth<\/li>\n<li>Bluetooth 5.1<\/li>\n<\/ul>\n<\/li>\n<li>Fixation: Filetage 1\/4<\/li>\n<li>Capacit\u00e9 de la batterie: 3000 mAh<\/li>\n<li>Inclut:\n<ul>\n<li>C\u00e2ble USB<\/li>\n<li>Housse de transport<\/li>\n<li>Manuel de l&#8217;utilisateur<\/li>\n<\/ul>\n<\/li>\n<li>Temps de charge approx.: 2,5 heures<\/li>\n<li>Angle: 360\u00ba<\/li>\n<li>Batterie: Chargeur USB<\/li>\n<li>Poids Max. support\u00e9: 3 Kg<\/li>\n<li>Fonctionne \u00e0 piles: 1 Pol\u00edmero de litio<\/li>\n<li>Compatible: Appareil Photo<\/li>\n<li>Type de batterie: Batterie au lithium rechargeable<\/li>\n<\/ul>","protected":false},"excerpt":{"rendered":"<p>Si vous \u00eates passionn\u00e9 d&#8217;informatique et d&#8217;\u00e9lectronique, si vous \u00eates \u00e0 la pointe de la technologie et qu&#8217;aucun d\u00e9tail ne vous \u00e9chappe, achetez Stabilisateur de soutien Dji RS 4 Combo au meilleur prix. Type: Stabilisateur de soutien Cam\u00e9ra\/Appareil Photo Universel Caract\u00e9ristiques: Stabilisateur Pliable Batterie int\u00e9gr\u00e9e Couleur: Noir Mati\u00e8re: Aluminium Poids: 3 Kg Connectivit\u00e9: Bluetooth Bluetooth [&hellip;]<\/p>\n","protected":false},"featured_media":33651,"comment_status":"open","ping_status":"closed","template":"","meta":[],"product_brand":[1240],"product_cat":[601,600,65],"product_tag":[59,571,210],"class_list":{"0":"post-33657","1":"product","2":"type-product","3":"status-publish","4":"has-post-thumbnail","6":"product_brand-brandp_9678","7":"product_cat-accessoires-pour-appareils-photo-et-camescopes","8":"product_cat-electronique-photo-et-video","9":"product_cat-informatique-electronique","10":"product_tag-tag_1304","11":"product_tag-tag_27","12":"product_tag-tag_25","14":"first","15":"instock","16":"taxable","17":"shipping-taxable","18":"purchasable","19":"product-type-simple"},"_links":{"self":[{"href":"https:\/\/bigbuy.tupique.com\/en\/wp-json\/wp\/v2\/product\/33657","targetHints":{"allow":["GET"]}}],"collection":[{"href":"https:\/\/bigbuy.tupique.com\/en\/wp-json\/wp\/v2\/product"}],"about":[{"href":"https:\/\/bigbuy.tupique.com\/en\/wp-json\/wp\/v2\/types\/product"}],"replies":[{"embeddable":true,"href":"https:\/\/bigbuy.tupique.com\/en\/wp-json\/wp\/v2\/comments?post=33657"}],"wp:featuredmedia":[{"embeddable":true,"href":"https:\/\/bigbuy.tupique.com\/en\/wp-json\/wp\/v2\/media\/33651"}],"wp:attachment":[{"href":"https:\/\/bigbuy.tupique.com\/en\/wp-json\/wp\/v2\/media?parent=33657"}],"wp:term":[{"taxonomy":"product_brand","embeddable":true,"href":"https:\/\/bigbuy.tupique.com\/en\/wp-json\/wp\/v2\/product_brand?post=33657"},{"taxonomy":"product_cat","embeddable":true,"href":"https:\/\/bigbuy.tupique.com\/en\/wp-json\/wp\/v2\/product_cat?post=33657"},{"taxonomy":"product_tag","embeddable":true,"href":"https:\/\/bigbuy.tupique.com\/en\/wp-json\/wp\/v2\/product_tag?post=33657"}],"curies":[{"name":"wp","href":"https:\/\/api.w.org\/{rel}","templated":true}]}}