{"id":33461,"date":"2026-03-30T05:09:25","date_gmt":"2026-03-30T04:09:25","guid":{"rendered":"https:\/\/bigbuy.tupique.com\/produto\/motherboard-asus-lga-1851-6\/"},"modified":"2026-04-16T16:02:11","modified_gmt":"2026-04-16T15:02:11","slug":"motherboard-asus-lga-1851-6","status":"publish","type":"product","link":"https:\/\/bigbuy.tupique.com\/en\/produto\/motherboard-asus-lga-1851-6\/","title":{"rendered":"Carte M\u00e8re Asus LGA 1851"},"content":{"rendered":"<p>Si vous \u00eates passionn\u00e9 d&#8217;<b>informatique et d&#8217;\u00e9lectronique<\/b>, si vous \u00eates \u00e0 la pointe de la technologie et qu&#8217;aucun d\u00e9tail ne vous \u00e9chappe, achetez <b>Carte M\u00e8re Asus LGA 1851<\/b> au meilleur prix.<\/p>\n<p>La <b>carte m\u00e8re Asus TUF GAMING B860M-PLUS WIFI<\/b> est une <b>carte m\u00e8re<\/b> con\u00e7ue pour offrir une plateforme performante destin\u00e9e aux ordinateurs de bureau compatibles avec les <b>processeurs Intel<\/b>, gr\u00e2ce \u00e0 son chipset <b>Intel B860<\/b> et son socket <b>LGA 1851 (Socket V1)<\/b>. Cette carte m\u00e8re au format <b>MicroATX (mATX)<\/b> combine une utilisation efficace de l\u2019espace avec des fonctionnalit\u00e9s avanc\u00e9es, id\u00e9ale pour des configurations compactes sans sacrifier capacit\u00e9 ni connectivit\u00e9. Parmi ses caract\u00e9ristiques, elle int\u00e8gre une connectivit\u00e9 sans fil via <b>Wi-Fi<\/b> et <b>Bluetooth<\/b>, offrant des options flexibles pour connecter des appareils sans c\u00e2ble et une exp\u00e9rience r\u00e9seau optimis\u00e9e. Elle prend \u00e9galement en charge le <b>Gigabit Ethernet<\/b>, garantissant une transmission rapide et stable des donn\u00e9es pour le jeu en ligne ou les t\u00e2ches \u00e0 large bande passante. Son design noir et la qualit\u00e9 de fabrication propre \u00e0 la gamme TUF Gaming assurent durabilit\u00e9 et r\u00e9sistance \u00e0 une utilisation intensive. Compatible avec les syst\u00e8mes <b>Windows 11<\/b> et destin\u00e9e aux utilisateurs recherchant fiabilit\u00e9 et bonnes performances sur PC de bureau modernes, cette carte m\u00e8re Asus convient aussi bien pour le gaming que pour des environnements professionnels l\u00e9gers. En r\u00e9sum\u00e9, la Asus TUF GAMING B860M-PLUS WIFI repr\u00e9sente une option \u00e9quilibr\u00e9e de microsyst\u00e8me pour des configurations actuelles exigeant des technologies avanc\u00e9es et une connectivit\u00e9 polyvalente.<\/p>\n<ul>\n<li>Type:\n<ul>\n<li>Carte M\u00e8re<\/li>\n<li>Protection pour t\u00e9l\u00e9phone portable<\/li>\n<li>ATX<\/li>\n<li>UEFI<\/li>\n<\/ul>\n<\/li>\n<li>Profondeur: 244 mm<\/li>\n<li>Largeur: 244 mm<\/li>\n<li>Bluetooth: Oui<\/li>\n<li>Chipset: Intel B860<\/li>\n<li>Syst\u00e8me d&#8217;exploitation: Windows 11<\/li>\n<li>USB 2.0: 1<\/li>\n<li>Compatible:\n<ul>\n<li>Windows 11<\/li>\n<li>HDD\/SSD<\/li>\n<li>PC<\/li>\n<\/ul>\n<\/li>\n<li>Connectivit\u00e9:\n<ul>\n<li>WI-FI 7<\/li>\n<li>2,5 Gigabit Ethernet<\/li>\n<li>Bluetooth 5.4<\/li>\n<li>Bluetooth<\/li>\n<li>Wi-Fi<\/li>\n<\/ul>\n<\/li>\n<li>Connexions:\n<ul>\n<li>S\/PDIF<\/li>\n<li>USB-C 3.2 x 1<\/li>\n<li>DIMM x 4<\/li>\n<li>HDMI x 1<\/li>\n<li>Ethernet LAN<\/li>\n<li>SATA x 4<\/li>\n<li>M.2 x 3<\/li>\n<li>Thunderbolt x 1<\/li>\n<li>DIMM<\/li>\n<li>4 x USB 3.2 Gen 1 (3.1 Gen 1)<\/li>\n<li>2 x USB 3.2 Gen 2 (3.1 Gen 2)<\/li>\n<li>PCI Express x16 2.0<\/li>\n<li>DisplayPort x 1<\/li>\n<li>USB 3.2 x 1<\/li>\n<li>RJ45 x 1<\/li>\n<\/ul>\n<\/li>\n<li>M\u00e9moire RAM maximale: 256 GB<\/li>\n<li>Facteur de forme:\n<ul>\n<li>mATX<\/li>\n<li>MicroATX<\/li>\n<\/ul>\n<\/li>\n<li>Couleur: Noir<\/li>\n<li>Interface: Gigabit Ethernet<\/li>\n<li>M\u00e9moire: 256 MB<\/li>\n<li>Nombre d&#8217;emplacements m\u00e9moire: 4<\/li>\n<li>Ports: 1<\/li>\n<li>Haut-parleurs: 7.1<\/li>\n<li>Inclut:\n<ul>\n<li>Vis<\/li>\n<li>SATA<\/li>\n<\/ul>\n<\/li>\n<li>Type de m\u00e9moire: DDR5<\/li>\n<li>Famille de processeurs: Intel<\/li>\n<li>Socket: LGA 1851<\/li>\n<\/ul>","protected":false},"excerpt":{"rendered":"<p>Si vous \u00eates passionn\u00e9 d&#8217;informatique et d&#8217;\u00e9lectronique, si vous \u00eates \u00e0 la pointe de la technologie et qu&#8217;aucun d\u00e9tail ne vous \u00e9chappe, achetez Carte M\u00e8re Asus LGA 1851 au meilleur prix. La carte m\u00e8re Asus TUF GAMING B860M-PLUS WIFI est une carte m\u00e8re con\u00e7ue pour offrir une plateforme performante destin\u00e9e aux ordinateurs de bureau compatibles [&hellip;]<\/p>\n","protected":false},"featured_media":33414,"comment_status":"open","ping_status":"closed","template":"","meta":[],"product_brand":[798],"product_cat":[736,65,584],"product_tag":[59,106],"class_list":{"0":"post-33461","1":"product","2":"type-product","3":"status-publish","4":"has-post-thumbnail","6":"product_brand-brandp_536","7":"product_cat-cartes-meres","8":"product_cat-informatique-electronique","9":"product_cat-informatique-reseaux-et-composants","10":"product_tag-tag_1304","11":"product_tag-tag_1295","13":"first","14":"instock","15":"taxable","16":"shipping-taxable","17":"purchasable","18":"product-type-simple"},"_links":{"self":[{"href":"https:\/\/bigbuy.tupique.com\/en\/wp-json\/wp\/v2\/product\/33461","targetHints":{"allow":["GET"]}}],"collection":[{"href":"https:\/\/bigbuy.tupique.com\/en\/wp-json\/wp\/v2\/product"}],"about":[{"href":"https:\/\/bigbuy.tupique.com\/en\/wp-json\/wp\/v2\/types\/product"}],"replies":[{"embeddable":true,"href":"https:\/\/bigbuy.tupique.com\/en\/wp-json\/wp\/v2\/comments?post=33461"}],"wp:featuredmedia":[{"embeddable":true,"href":"https:\/\/bigbuy.tupique.com\/en\/wp-json\/wp\/v2\/media\/33414"}],"wp:attachment":[{"href":"https:\/\/bigbuy.tupique.com\/en\/wp-json\/wp\/v2\/media?parent=33461"}],"wp:term":[{"taxonomy":"product_brand","embeddable":true,"href":"https:\/\/bigbuy.tupique.com\/en\/wp-json\/wp\/v2\/product_brand?post=33461"},{"taxonomy":"product_cat","embeddable":true,"href":"https:\/\/bigbuy.tupique.com\/en\/wp-json\/wp\/v2\/product_cat?post=33461"},{"taxonomy":"product_tag","embeddable":true,"href":"https:\/\/bigbuy.tupique.com\/en\/wp-json\/wp\/v2\/product_tag?post=33461"}],"curies":[{"name":"wp","href":"https:\/\/api.w.org\/{rel}","templated":true}]}}