{"id":32994,"date":"2026-03-30T04:38:48","date_gmt":"2026-03-30T03:38:48","guid":{"rendered":"https:\/\/bigbuy.tupique.com\/produto\/hair-clips-hello-kitty-pink\/"},"modified":"2026-05-11T19:57:33","modified_gmt":"2026-05-11T17:57:33","slug":"hair-clips-hello-kitty-pink","status":"publish","type":"product","link":"https:\/\/bigbuy.tupique.com\/en\/produto\/hair-clips-hello-kitty-pink\/","title":{"rendered":"Pinces \u00e0 cheveux Hello Kitty Rose"},"content":{"rendered":"<p>Si vous \u00eates \u00e0 la recherche de nouvelles tendances sur le march\u00e9, nous vous pr\u00e9sentons <b>Pinces \u00e0 cheveux Hello Kitty Rose<\/b> !<\/p>\n<p>Les <b>clips pour cheveux Hello Kitty<\/b> sont des accessoires con\u00e7us pour allier fonctionnalit\u00e9 et style, sp\u00e9cialement adapt\u00e9s \u00e0 ceux qui souhaitent maintenir leurs cheveux avec une touche ludique et distinctive. Fabriqu\u00e9s en <b>multicomposition<\/b> de mat\u00e9riaux, ces clips offrent un bon \u00e9quilibre entre r\u00e9sistance et l\u00e9g\u00e8ret\u00e9, garantissant un port confortable toute la journ\u00e9e. Leur couleur dominante est un <b>rose doux<\/b>, caract\u00e9ristique de l\u2019esth\u00e9tique embl\u00e9matique de Hello Kitty, ce qui en fait un choix id\u00e9al pour les filles ou les fans d\u00e9sirant agr\u00e9menter leurs coiffures d\u2019un d\u00e9tail joyeux et visible. Produits en <b>Chine<\/b>, ces accessoires capillaires respectent les normes courantes de fabrication de masse, assurant ainsi leur disponibilit\u00e9 et leur prix accessible. De plus, leur design permet une utilisation simple et pratique pour fixer des m\u00e8ches ou coiffer diff\u00e9rents types de cheveux, du plus fin au plus \u00e9pais, offrant un maintien adapt\u00e9 sans ab\u00eemer ni g\u00eaner. La pr\u00e9sence du symbole Hello Kitty attire le regard et apporte une valeur reconnaissable qui pla\u00eet autant aux enfants qu\u2019aux collectionneurs du personnage. En r\u00e9sum\u00e9, ces clips repr\u00e9sentent une solution fonctionnelle et esth\u00e9tique sur le march\u00e9 des accessoires pour cheveux, combinant utilit\u00e9 et une touche de couleur qui valorise tout look quotidien. Cette r\u00e9f\u00e9rence est une option polyvalente pour ceux qui recherchent un produit simple mais avec une identit\u00e9 propre dans la cat\u00e9gorie des accessoires capillaires.<\/p>\n<ul>\n<li>Mati\u00e8re: Multicomposition<\/li>\n<li>Couleur: Rose<\/li>\n<\/ul>","protected":false},"excerpt":{"rendered":"<p>Si vous \u00eates \u00e0 la recherche de nouvelles tendances sur le march\u00e9, nous vous pr\u00e9sentons Pinces \u00e0 cheveux Hello Kitty Rose ! Les clips pour cheveux Hello Kitty sont des accessoires con\u00e7us pour allier fonctionnalit\u00e9 et style, sp\u00e9cialement adapt\u00e9s \u00e0 ceux qui souhaitent maintenir leurs cheveux avec une touche ludique et distinctive. Fabriqu\u00e9s en multicomposition [&hellip;]<\/p>\n","protected":false},"featured_media":167672,"comment_status":"open","ping_status":"closed","template":"","meta":[],"product_brand":[513],"product_cat":[753,1145,752],"product_tag":[722],"class_list":{"0":"post-32994","1":"product","2":"type-product","3":"status-publish","4":"has-post-thumbnail","6":"product_brand-brandp_134","7":"product_cat-coiffure","8":"product_cat-peignes-et-brosses","9":"product_cat-sante-beaute","10":"product_tag-tag_923","12":"first","13":"instock","14":"taxable","15":"shipping-taxable","16":"purchasable","17":"product-type-simple"},"_links":{"self":[{"href":"https:\/\/bigbuy.tupique.com\/en\/wp-json\/wp\/v2\/product\/32994","targetHints":{"allow":["GET"]}}],"collection":[{"href":"https:\/\/bigbuy.tupique.com\/en\/wp-json\/wp\/v2\/product"}],"about":[{"href":"https:\/\/bigbuy.tupique.com\/en\/wp-json\/wp\/v2\/types\/product"}],"replies":[{"embeddable":true,"href":"https:\/\/bigbuy.tupique.com\/en\/wp-json\/wp\/v2\/comments?post=32994"}],"wp:featuredmedia":[{"embeddable":true,"href":"https:\/\/bigbuy.tupique.com\/en\/wp-json\/wp\/v2\/media\/167672"}],"wp:attachment":[{"href":"https:\/\/bigbuy.tupique.com\/en\/wp-json\/wp\/v2\/media?parent=32994"}],"wp:term":[{"taxonomy":"product_brand","embeddable":true,"href":"https:\/\/bigbuy.tupique.com\/en\/wp-json\/wp\/v2\/product_brand?post=32994"},{"taxonomy":"product_cat","embeddable":true,"href":"https:\/\/bigbuy.tupique.com\/en\/wp-json\/wp\/v2\/product_cat?post=32994"},{"taxonomy":"product_tag","embeddable":true,"href":"https:\/\/bigbuy.tupique.com\/en\/wp-json\/wp\/v2\/product_tag?post=32994"}],"curies":[{"name":"wp","href":"https:\/\/api.w.org\/{rel}","templated":true}]}}