{"id":32965,"date":"2026-03-30T04:38:02","date_gmt":"2026-03-30T03:38:02","guid":{"rendered":"https:\/\/bigbuy.tupique.com\/produto\/induction-hot-plate-electrolux-2\/"},"modified":"2026-04-16T17:31:32","modified_gmt":"2026-04-16T16:31:32","slug":"induction-hot-plate-electrolux-2","status":"publish","type":"product","link":"https:\/\/bigbuy.tupique.com\/en\/produto\/induction-hot-plate-electrolux-2\/","title":{"rendered":"Plaque \u00e0 Induction Electrolux"},"content":{"rendered":"<p>Si vous \u00eates \u00e0 la recherche de nouvelles tendances sur le march\u00e9, nous vous pr\u00e9sentons <b>Plaque \u00e0 Induction Electrolux<\/b> !<\/p>\n<p>La <b>plaque \u00e0 induction Electrolux<\/b> est un appareil \u00e9lectrom\u00e9nager con\u00e7u pour offrir une cuisine moderne et efficace, se distinguant par sa <b>largeur de 78 cm<\/b> et sa capacit\u00e9 de cuisson avanc\u00e9e gr\u00e2ce \u00e0 ses <b>4 foyers<\/b> \u00e0 haute puissance, totalisant <b>7350 W<\/b>. Sa technologie \u00e0 induction permet un chauffage rapide et pr\u00e9cis, ainsi qu\u2019une consommation d\u2019\u00e9nergie optimis\u00e9e par rapport aux plaques traditionnelles. Le design en <b>noir<\/b> offre une finition \u00e9l\u00e9gante et polyvalente, s\u2019int\u00e9grant facilement dans des cuisines contemporaines de styles vari\u00e9s. Cette plaque dispose d\u2019un syst\u00e8me qui ne g\u00e9n\u00e8re de chaleur que lorsqu\u2019elle d\u00e9tecte la pr\u00e9sence d\u2019un r\u00e9cipient adapt\u00e9, garantissant une s\u00e9curit\u00e9 et une efficacit\u00e9 maximales. Elle est fournie avec un <b>connecteur pour prise europ\u00e9enne (EU)<\/b>, facilitant son installation dans les foyers respectant cette norme. Electrolux, marque reconnue dans le secteur de l\u2019\u00e9lectrom\u00e9nager, propose avec ce mod\u00e8le une solution pratique pour les utilisateurs recherchant confort, performance et durabilit\u00e9 en cuisine. Sa taille et la r\u00e9partition des zones de cuisson permettent de pr\u00e9parer plusieurs plats simultan\u00e9ment, id\u00e9ale tant pour les familles que pour les amateurs de cuisine dynamique et cr\u00e9ative. En r\u00e9sum\u00e9, cette plaque allie technologie \u00e0 induction, puissance \u00e9lev\u00e9e et design sobre, se positionnant comme une option fiable pour \u00e9quiper les cuisines modernes avec un outil performant et s\u00fbr.<\/p>\n<ul>\n<li>Type: Plaque \u00e0 Induction<\/li>\n<li>Produit \u00e0 brancher: Oui<\/li>\n<li>Type de prise: Prise EU<\/li>\n<li>Bloc d\u2019Alimentation: r\u00e9seau \u00e9lectrique<\/li>\n<\/ul>","protected":false},"excerpt":{"rendered":"<p>Si vous \u00eates \u00e0 la recherche de nouvelles tendances sur le march\u00e9, nous vous pr\u00e9sentons Plaque \u00e0 Induction Electrolux ! La plaque \u00e0 induction Electrolux est un appareil \u00e9lectrom\u00e9nager con\u00e7u pour offrir une cuisine moderne et efficace, se distinguant par sa largeur de 78 cm et sa capacit\u00e9 de cuisson avanc\u00e9e gr\u00e2ce \u00e0 ses 4 [&hellip;]<\/p>\n","protected":false},"featured_media":32959,"comment_status":"open","ping_status":"closed","template":"","meta":[],"product_brand":[1249],"product_cat":[60,77,78],"product_tag":[55,59,56],"class_list":{"0":"post-32965","1":"product","2":"type-product","3":"status-publish","4":"has-post-thumbnail","6":"product_brand-brandp_907","7":"product_cat-cuisine-gourmet","8":"product_cat-petit-electromenager","9":"product_cat-plaques-de-cuisson","10":"product_tag-tag_926","11":"product_tag-tag_1304","12":"product_tag-tag_930","14":"first","15":"instock","16":"taxable","17":"shipping-taxable","18":"purchasable","19":"product-type-simple"},"_links":{"self":[{"href":"https:\/\/bigbuy.tupique.com\/en\/wp-json\/wp\/v2\/product\/32965","targetHints":{"allow":["GET"]}}],"collection":[{"href":"https:\/\/bigbuy.tupique.com\/en\/wp-json\/wp\/v2\/product"}],"about":[{"href":"https:\/\/bigbuy.tupique.com\/en\/wp-json\/wp\/v2\/types\/product"}],"replies":[{"embeddable":true,"href":"https:\/\/bigbuy.tupique.com\/en\/wp-json\/wp\/v2\/comments?post=32965"}],"wp:featuredmedia":[{"embeddable":true,"href":"https:\/\/bigbuy.tupique.com\/en\/wp-json\/wp\/v2\/media\/32959"}],"wp:attachment":[{"href":"https:\/\/bigbuy.tupique.com\/en\/wp-json\/wp\/v2\/media?parent=32965"}],"wp:term":[{"taxonomy":"product_brand","embeddable":true,"href":"https:\/\/bigbuy.tupique.com\/en\/wp-json\/wp\/v2\/product_brand?post=32965"},{"taxonomy":"product_cat","embeddable":true,"href":"https:\/\/bigbuy.tupique.com\/en\/wp-json\/wp\/v2\/product_cat?post=32965"},{"taxonomy":"product_tag","embeddable":true,"href":"https:\/\/bigbuy.tupique.com\/en\/wp-json\/wp\/v2\/product_tag?post=32965"}],"curies":[{"name":"wp","href":"https:\/\/api.w.org\/{rel}","templated":true}]}}