{"id":32926,"date":"2026-03-30T04:36:56","date_gmt":"2026-03-30T03:36:56","guid":{"rendered":"https:\/\/bigbuy.tupique.com\/produto\/tablet-archos-archos-t110-fhd2-black-1095-4-gb-ram-6-gb-ram-256-gb\/"},"modified":"2026-05-11T20:01:48","modified_gmt":"2026-05-11T18:01:48","slug":"tablet-archos-archos-t110-fhd2-black-1095-4-gb-ram-6-gb-ram-256-gb","status":"publish","type":"product","link":"https:\/\/bigbuy.tupique.com\/en\/produto\/tablet-archos-archos-t110-fhd2-black-1095-4-gb-ram-6-gb-ram-256-gb\/","title":{"rendered":"Tablette Archos ARCHOS T110 FHD2 Noir 10,95&#8243; 4 GB RAM 6 GB RAM 256 GB"},"content":{"rendered":"<p>Si vous \u00eates passionn\u00e9 d&#8217;<b>informatique et d&#8217;\u00e9lectronique<\/b>, si vous \u00eates \u00e0 la pointe de la technologie et qu&#8217;aucun d\u00e9tail ne vous \u00e9chappe, achetez <b>Tablette Archos ARCHOS T110 FHD2 Noir 10,95&#8243; 4 GB RAM 6 GB RAM 256 GB<\/b> au meilleur prix.<\/p>\n<p>La <b>ARCHOS T110 FHD2<\/b> est une <b>tablette<\/b> con\u00e7ue pour offrir un \u00e9quilibre efficace entre performance et facilit\u00e9 d\u2019utilisation, id\u00e9ale pour les utilisateurs recherchant une exp\u00e9rience multim\u00e9dia compl\u00e8te en mobilit\u00e9. \u00c9quip\u00e9e d\u2019un <b>\u00e9cran tactile IPS Full HD de 10,95 pouces<\/b>, elle d\u00e9livre des images nettes et des couleurs naturelles, garantissant un affichage confortable et clair pour la lecture vid\u00e9o, la navigation web ou le travail sur applications. Elle propose deux options de <b>m\u00e9moire RAM de 4 Go ou 6 Go<\/b>, assurant une r\u00e9activit\u00e9 fluide et permettant le multit\u00e2che sans interruption, s\u2019adaptant aux besoins, de la consultation de contenus aux applications plus exigeantes. Sa <b>capacit\u00e9 de stockage de 256 Go<\/b> est remarquable dans cette cat\u00e9gorie, offrant un large espace pour sauvegarder documents, applications, photos et vid\u00e9os sans compromettre la performance. L\u2019appareil pr\u00e9sente une finition \u00e9l\u00e9gante <b>noire<\/b> et dispose d\u2019un connecteur <b>USB-C<\/b>, facilitant des connexions rapides et polyvalentes avec d\u2019autres appareils et accessoires. De plus, l\u2019ARCHOS T110 FHD2 inclut un <b>stylet<\/b> et un <b>Smart Folio<\/b>, accessoires qui \u00e9tendent les possibilit\u00e9s d\u2019usage pour des t\u00e2ches cr\u00e9atives ou professionnelles, am\u00e9liorant l\u2019interaction et la protection de l\u2019appareil. L\u2019ensemble de ces caract\u00e9ristiques positionne cette tablette comme une option \u00e9quilibr\u00e9e pour les utilisateurs souhaitant un appareil polyvalent, avec une capacit\u00e9 suffisante pour divertissement, productivit\u00e9 et cr\u00e9ativit\u00e9, sans renoncer \u00e0 un grand \u00e9cran haute d\u00e9finition. En r\u00e9sum\u00e9, l\u2019ARCHOS T110 FHD2 repr\u00e9sente une solution pratique et compl\u00e8te dans son segment de tablettes.<\/p>\n<ul>\n<li>Type: Tablette<\/li>\n<li>Produit \u00e0 brancher: Oui<\/li>\n<li>Type de prise: Prise EU<\/li>\n<li>Bloc d\u2019Alimentation: r\u00e9seau \u00e9lectrique<\/li>\n<li>Inclut:\n<ul>\n<li>C\u00e2ble USB-C<\/li>\n<li>Crayon<\/li>\n<li>\u00c9tui<\/li>\n<\/ul>\n<\/li>\n<li>Cartes M\u00e9moire Compatibles: MicroSD<\/li>\n<li>Syst\u00e8me d&#8217;exploitation:\n<ul>\n<li>Android<\/li>\n<li>Android 15<\/li>\n<\/ul>\n<\/li>\n<li>Technologie:\n<ul>\n<li>LCD<\/li>\n<li>IPS<\/li>\n<\/ul>\n<\/li>\n<li>Classification \u00e9nerg\u00e9tique: A<\/li>\n<li>R\u00e9solution:\n<ul>\n<li>1080 p<\/li>\n<li>Full HD<\/li>\n<li>IPS<\/li>\n<\/ul>\n<\/li>\n<li>Connectivit\u00e9:\n<ul>\n<li>Wi-Fi<\/li>\n<li>4G<\/li>\n<li>Bluetooth 5.0<\/li>\n<li>Bluetooth 5.3<\/li>\n<\/ul>\n<\/li>\n<li>Cam\u00e9ra\/Appareil Photo:\n<ul>\n<li>8 MP<\/li>\n<li>13 MP<\/li>\n<\/ul>\n<\/li>\n<li>Caract\u00e9ristiques: Android<\/li>\n<li>Processeur: Unisoc<\/li>\n<li>M\u00e9moire interne: 256 GB<\/li>\n<li>Couleur:\n<ul>\n<li>Noir<\/li>\n<li>noir<\/li>\n<\/ul>\n<\/li>\n<li>Connexions:\n<ul>\n<li>USB-C<\/li>\n<li>Jack 3.5 mm<\/li>\n<li>MicroSD<\/li>\n<\/ul>\n<\/li>\n<li>M\u00e9moire RAM:\n<ul>\n<li>4 GB RAM<\/li>\n<li>6 GB RAM<\/li>\n<\/ul>\n<\/li>\n<li>Type de stockage: eMMC<\/li>\n<li>Diagonale de l&#8217;\u00e9cran (cm): 27,7 cm<\/li>\n<li>Ecran: 10,95&#8243;<\/li>\n<\/ul>","protected":false},"excerpt":{"rendered":"<p>Si vous \u00eates passionn\u00e9 d&#8217;informatique et d&#8217;\u00e9lectronique, si vous \u00eates \u00e0 la pointe de la technologie et qu&#8217;aucun d\u00e9tail ne vous \u00e9chappe, achetez Tablette Archos ARCHOS T110 FHD2 Noir 10,95&#8243; 4 GB RAM 6 GB RAM 256 GB au meilleur prix. La ARCHOS T110 FHD2 est une tablette con\u00e7ue pour offrir un \u00e9quilibre efficace entre [&hellip;]<\/p>\n","protected":false},"featured_media":32920,"comment_status":"open","ping_status":"closed","template":"","meta":[],"product_brand":[1301],"product_cat":[575,65,1052],"product_tag":[59,566,106],"class_list":{"0":"post-32926","1":"product","2":"type-product","3":"status-publish","4":"has-post-thumbnail","6":"product_brand-brandp_994","7":"product_cat-electronique-telephonie-et-tablettes","8":"product_cat-informatique-electronique","9":"product_cat-tablettes","10":"product_tag-tag_1304","11":"product_tag-tag_547","12":"product_tag-tag_1295","14":"first","15":"instock","16":"taxable","17":"shipping-taxable","18":"purchasable","19":"product-type-simple"},"_links":{"self":[{"href":"https:\/\/bigbuy.tupique.com\/en\/wp-json\/wp\/v2\/product\/32926","targetHints":{"allow":["GET"]}}],"collection":[{"href":"https:\/\/bigbuy.tupique.com\/en\/wp-json\/wp\/v2\/product"}],"about":[{"href":"https:\/\/bigbuy.tupique.com\/en\/wp-json\/wp\/v2\/types\/product"}],"replies":[{"embeddable":true,"href":"https:\/\/bigbuy.tupique.com\/en\/wp-json\/wp\/v2\/comments?post=32926"}],"wp:featuredmedia":[{"embeddable":true,"href":"https:\/\/bigbuy.tupique.com\/en\/wp-json\/wp\/v2\/media\/32920"}],"wp:attachment":[{"href":"https:\/\/bigbuy.tupique.com\/en\/wp-json\/wp\/v2\/media?parent=32926"}],"wp:term":[{"taxonomy":"product_brand","embeddable":true,"href":"https:\/\/bigbuy.tupique.com\/en\/wp-json\/wp\/v2\/product_brand?post=32926"},{"taxonomy":"product_cat","embeddable":true,"href":"https:\/\/bigbuy.tupique.com\/en\/wp-json\/wp\/v2\/product_cat?post=32926"},{"taxonomy":"product_tag","embeddable":true,"href":"https:\/\/bigbuy.tupique.com\/en\/wp-json\/wp\/v2\/product_tag?post=32926"}],"curies":[{"name":"wp","href":"https:\/\/api.w.org\/{rel}","templated":true}]}}