{"id":32857,"date":"2026-03-30T04:31:45","date_gmt":"2026-03-30T03:31:45","guid":{"rendered":"https:\/\/bigbuy.tupique.com\/produto\/induction-hot-plate-beko-hii63405mt\/"},"modified":"2026-04-16T16:25:10","modified_gmt":"2026-04-16T15:25:10","slug":"induction-hot-plate-beko-hii63405mt","status":"publish","type":"product","link":"https:\/\/bigbuy.tupique.com\/en\/produto\/induction-hot-plate-beko-hii63405mt\/","title":{"rendered":"Plaque \u00e0 Induction BEKO HII63405MT"},"content":{"rendered":"<p>Si vous \u00eates \u00e0 la recherche de nouvelles tendances sur le march\u00e9, nous vous pr\u00e9sentons <b>Plaque \u00e0 Induction BEKO HII63405MT<\/b> !<\/p>\n<p>La <b>plaque \u00e0 induction<\/b> <b>BEKO HII63405MT<\/b> est un \u00e9l\u00e9ment essentiel pour les cuisines modernes, alliant efficacit\u00e9 et design fonctionnel. Ce mod\u00e8le pr\u00e9sente une <b>finition mate<\/b> de couleur <b>noire<\/b>, apportant un style sobre et \u00e9l\u00e9gant qui s\u2019int\u00e8gre facilement dans divers environnements culinaires. Elle dispose de <b>trois zones de cuisson<\/b> par induction, garantissant une cuisson rapide et pr\u00e9cise en chauffant directement le r\u00e9cipient, r\u00e9duisant la consommation d\u2019\u00e9nergie et am\u00e9liorant la s\u00e9curit\u00e9 par rapport aux m\u00e9thodes traditionnelles. Elle fonctionne avec une <b>alimentation \u00e9lectrique<\/b>, facilitant son installation dans des espaces \u00e9quip\u00e9s d\u2019une alimentation standard. Cette plaque int\u00e8gre des technologies de contr\u00f4le avanc\u00e9es permettant d\u2019ajuster la chaleur avec pr\u00e9cision pour chaque zone, assurant une utilisation simple et des r\u00e9sultats homog\u00e8nes pour diverses pr\u00e9parations. De plus, sa surface mate facilite le nettoyage apr\u00e8s chaque usage, maintenant l\u2019espace de travail propre et impeccable. Le mod\u00e8le HII63405MT inclut un <b>manuel d\u2019instructions<\/b> qui guide sur son fonctionnement et son entretien, offrant une exp\u00e9rience utilisateur compl\u00e8te et s\u00e9curis\u00e9e. En r\u00e9sum\u00e9, cette plaque \u00e0 induction BEKO repr\u00e9sente une solution \u00e9quilibr\u00e9e pour ceux qui recherchent performance, esth\u00e9tique sobre et confort au quotidien en cuisine.<\/p>\n<ul>\n<li>Type: Plaque \u00e0 Induction<\/li>\n<li>Produit \u00e0 brancher: Oui<\/li>\n<li>Caract\u00e9ristiques: Finition mate<\/li>\n<li>Type de prise: Prise EU<\/li>\n<li>Bloc d\u2019Alimentation:\n<ul>\n<li>r\u00e9seau \u00e9lectrique<\/li>\n<li>\u00c9lectrique<\/li>\n<\/ul>\n<\/li>\n<li>Couleur: Noir<\/li>\n<li>Finition: Mat<\/li>\n<li>Zones de cuisson: 3<\/li>\n<li>Inclut:\n<ul>\n<li>Manuel d\u2019utilisation<\/li>\n<li>Grattoir<\/li>\n<\/ul>\n<\/li>\n<li>Type d&#8217;installation: Encastrable<\/li>\n<li>Mati\u00e8re:\n<ul>\n<li>Vitroc\u00e9ramique<\/li>\n<li>Verre c\u00e9ramique<\/li>\n<\/ul>\n<\/li>\n<\/ul>","protected":false},"excerpt":{"rendered":"<p>Si vous \u00eates \u00e0 la recherche de nouvelles tendances sur le march\u00e9, nous vous pr\u00e9sentons Plaque \u00e0 Induction BEKO HII63405MT ! La plaque \u00e0 induction BEKO HII63405MT est un \u00e9l\u00e9ment essentiel pour les cuisines modernes, alliant efficacit\u00e9 et design fonctionnel. Ce mod\u00e8le pr\u00e9sente une finition mate de couleur noire, apportant un style sobre et \u00e9l\u00e9gant [&hellip;]<\/p>\n","protected":false},"featured_media":32851,"comment_status":"open","ping_status":"closed","template":"","meta":[],"product_brand":[825],"product_cat":[60,77,78],"product_tag":[55,59,56],"class_list":{"0":"post-32857","1":"product","2":"type-product","3":"status-publish","4":"has-post-thumbnail","6":"product_brand-brandp_1255","7":"product_cat-cuisine-gourmet","8":"product_cat-petit-electromenager","9":"product_cat-plaques-de-cuisson","10":"product_tag-tag_926","11":"product_tag-tag_1304","12":"product_tag-tag_930","14":"first","15":"instock","16":"taxable","17":"shipping-taxable","18":"purchasable","19":"product-type-simple"},"_links":{"self":[{"href":"https:\/\/bigbuy.tupique.com\/en\/wp-json\/wp\/v2\/product\/32857","targetHints":{"allow":["GET"]}}],"collection":[{"href":"https:\/\/bigbuy.tupique.com\/en\/wp-json\/wp\/v2\/product"}],"about":[{"href":"https:\/\/bigbuy.tupique.com\/en\/wp-json\/wp\/v2\/types\/product"}],"replies":[{"embeddable":true,"href":"https:\/\/bigbuy.tupique.com\/en\/wp-json\/wp\/v2\/comments?post=32857"}],"wp:featuredmedia":[{"embeddable":true,"href":"https:\/\/bigbuy.tupique.com\/en\/wp-json\/wp\/v2\/media\/32851"}],"wp:attachment":[{"href":"https:\/\/bigbuy.tupique.com\/en\/wp-json\/wp\/v2\/media?parent=32857"}],"wp:term":[{"taxonomy":"product_brand","embeddable":true,"href":"https:\/\/bigbuy.tupique.com\/en\/wp-json\/wp\/v2\/product_brand?post=32857"},{"taxonomy":"product_cat","embeddable":true,"href":"https:\/\/bigbuy.tupique.com\/en\/wp-json\/wp\/v2\/product_cat?post=32857"},{"taxonomy":"product_tag","embeddable":true,"href":"https:\/\/bigbuy.tupique.com\/en\/wp-json\/wp\/v2\/product_tag?post=32857"}],"curies":[{"name":"wp","href":"https:\/\/api.w.org\/{rel}","templated":true}]}}