{"id":32850,"date":"2026-03-30T04:31:34","date_gmt":"2026-03-30T03:31:34","guid":{"rendered":"https:\/\/bigbuy.tupique.com\/produto\/mini-fridge-eza-eza-60-l\/"},"modified":"2026-04-16T17:31:32","modified_gmt":"2026-04-16T16:31:32","slug":"mini-fridge-eza-eza-60-l","status":"publish","type":"product","link":"https:\/\/bigbuy.tupique.com\/en\/produto\/mini-fridge-eza-eza-60-l\/","title":{"rendered":"Mini r\u00e9frig\u00e9rateur Eza EZA 60 L"},"content":{"rendered":"<p>Si vous \u00eates \u00e0 la recherche de nouvelles tendances sur le march\u00e9, nous vous pr\u00e9sentons <b>Mini r\u00e9frig\u00e9rateur Eza EZA 60 L<\/b> !<\/p>\n<ul>\n<li>Capacit\u00e9: 60 L<\/li>\n<li>Type d&#8217;installation: Ind\u00e9pendant<\/li>\n<li>Portes: 1 porte<\/li>\n<\/ul>","protected":false},"excerpt":{"rendered":"<p><span class=\"unit-info\">8.3165 &euro; \/ 1 l<\/span><\/p>","protected":false},"featured_media":172608,"comment_status":"open","ping_status":"closed","template":"","meta":[],"product_brand":[1300],"product_cat":[60,77,226],"product_tag":[59],"class_list":{"0":"post-32850","1":"product","2":"type-product","3":"status-publish","4":"has-post-thumbnail","6":"product_brand-brandp_9347","7":"product_cat-cuisine-gourmet","8":"product_cat-petit-electromenager","9":"product_cat-refrigerateurs-et-congelateurs","10":"product_tag-tag_1304","12":"first","13":"instock","14":"taxable","15":"shipping-taxable","16":"purchasable","17":"product-type-simple"},"_links":{"self":[{"href":"https:\/\/bigbuy.tupique.com\/en\/wp-json\/wp\/v2\/product\/32850","targetHints":{"allow":["GET"]}}],"collection":[{"href":"https:\/\/bigbuy.tupique.com\/en\/wp-json\/wp\/v2\/product"}],"about":[{"href":"https:\/\/bigbuy.tupique.com\/en\/wp-json\/wp\/v2\/types\/product"}],"replies":[{"embeddable":true,"href":"https:\/\/bigbuy.tupique.com\/en\/wp-json\/wp\/v2\/comments?post=32850"}],"wp:featuredmedia":[{"embeddable":true,"href":"https:\/\/bigbuy.tupique.com\/en\/wp-json\/wp\/v2\/media\/172608"}],"wp:attachment":[{"href":"https:\/\/bigbuy.tupique.com\/en\/wp-json\/wp\/v2\/media?parent=32850"}],"wp:term":[{"taxonomy":"product_brand","embeddable":true,"href":"https:\/\/bigbuy.tupique.com\/en\/wp-json\/wp\/v2\/product_brand?post=32850"},{"taxonomy":"product_cat","embeddable":true,"href":"https:\/\/bigbuy.tupique.com\/en\/wp-json\/wp\/v2\/product_cat?post=32850"},{"taxonomy":"product_tag","embeddable":true,"href":"https:\/\/bigbuy.tupique.com\/en\/wp-json\/wp\/v2\/product_tag?post=32850"}],"curies":[{"name":"wp","href":"https:\/\/api.w.org\/{rel}","templated":true}]}}