{"id":32830,"date":"2026-03-30T04:30:59","date_gmt":"2026-03-30T03:30:59","guid":{"rendered":"https:\/\/bigbuy.tupique.com\/produto\/electric-hair-remover-philips-bri921-00-lumea-ipl-serie-7000-plastic\/"},"modified":"2026-04-16T15:22:00","modified_gmt":"2026-04-16T14:22:00","slug":"electric-hair-remover-philips-bri921-00-lumea-ipl-serie-7000-plastic","status":"publish","type":"product","link":"https:\/\/bigbuy.tupique.com\/en\/produto\/electric-hair-remover-philips-bri921-00-lumea-ipl-serie-7000-plastic\/","title":{"rendered":"\u00c9pilateur \u00e9lectrique Philips BRI921\/00 Lumea IPL serie 7000 Plastique"},"content":{"rendered":"<p>Si vous \u00eates \u00e0 la recherche de nouvelles tendances sur le march\u00e9, nous vous pr\u00e9sentons <b>\u00c9pilateur \u00e9lectrique Philips BRI921\/00 Lumea IPL serie 7000 Plastique<\/b> !<\/p>\n<ul>\n<li>Produit \u00e0 brancher: Oui<\/li>\n<li>Type de prise: Prise EU<\/li>\n<li>Couleur: Blanc<\/li>\n<li>Mati\u00e8re: Plastique<\/li>\n<li>Caract\u00e9ristiques:\n<ul>\n<li>\u00c9lectrique<\/li>\n<li>Lumi\u00e8re LED<\/li>\n<li>T\u00e9moin LED<\/li>\n<\/ul>\n<\/li>\n<li>Utilisation recommand\u00e9e:\n<ul>\n<li>Ligne de bikini \/ zones intimes<\/li>\n<li>Jambes et le corps<\/li>\n<\/ul>\n<\/li>\n<li>Partie du corps:\n<ul>\n<li>Visage<\/li>\n<li>Corps<\/li>\n<\/ul>\n<\/li>\n<li>Bloc d\u2019Alimentation: r\u00e9seau \u00e9lectrique<\/li>\n<\/ul>","protected":false},"excerpt":{"rendered":"<p>Si vous \u00eates \u00e0 la recherche de nouvelles tendances sur le march\u00e9, nous vous pr\u00e9sentons \u00c9pilateur \u00e9lectrique Philips BRI921\/00 Lumea IPL serie 7000 Plastique ! Produit \u00e0 brancher: Oui Type de prise: Prise EU Couleur: Blanc Mati\u00e8re: Plastique Caract\u00e9ristiques: \u00c9lectrique Lumi\u00e8re LED T\u00e9moin LED Utilisation recommand\u00e9e: Ligne de bikini \/ zones intimes Jambes et le [&hellip;]<\/p>\n","protected":false},"featured_media":32824,"comment_status":"open","ping_status":"closed","template":"","meta":[],"product_brand":[315],"product_cat":[1060,1059,752],"product_tag":[722,59],"class_list":{"0":"post-32830","1":"product","2":"type-product","3":"status-publish","4":"has-post-thumbnail","6":"product_brand-brandp_571","7":"product_cat-epilation-et-rasage","8":"product_cat-esthetique-et-traitements-corporels","9":"product_cat-sante-beaute","10":"product_tag-tag_923","11":"product_tag-tag_1304","13":"first","14":"instock","15":"taxable","16":"shipping-taxable","17":"purchasable","18":"product-type-simple"},"_links":{"self":[{"href":"https:\/\/bigbuy.tupique.com\/en\/wp-json\/wp\/v2\/product\/32830","targetHints":{"allow":["GET"]}}],"collection":[{"href":"https:\/\/bigbuy.tupique.com\/en\/wp-json\/wp\/v2\/product"}],"about":[{"href":"https:\/\/bigbuy.tupique.com\/en\/wp-json\/wp\/v2\/types\/product"}],"replies":[{"embeddable":true,"href":"https:\/\/bigbuy.tupique.com\/en\/wp-json\/wp\/v2\/comments?post=32830"}],"wp:featuredmedia":[{"embeddable":true,"href":"https:\/\/bigbuy.tupique.com\/en\/wp-json\/wp\/v2\/media\/32824"}],"wp:attachment":[{"href":"https:\/\/bigbuy.tupique.com\/en\/wp-json\/wp\/v2\/media?parent=32830"}],"wp:term":[{"taxonomy":"product_brand","embeddable":true,"href":"https:\/\/bigbuy.tupique.com\/en\/wp-json\/wp\/v2\/product_brand?post=32830"},{"taxonomy":"product_cat","embeddable":true,"href":"https:\/\/bigbuy.tupique.com\/en\/wp-json\/wp\/v2\/product_cat?post=32830"},{"taxonomy":"product_tag","embeddable":true,"href":"https:\/\/bigbuy.tupique.com\/en\/wp-json\/wp\/v2\/product_tag?post=32830"}],"curies":[{"name":"wp","href":"https:\/\/api.w.org\/{rel}","templated":true}]}}