{"id":32662,"date":"2026-03-30T04:26:04","date_gmt":"2026-03-30T03:26:04","guid":{"rendered":"https:\/\/bigbuy.tupique.com\/produto\/tablet-apple-ipad-a16-11-256-gb-blue-m4\/"},"modified":"2026-04-16T01:46:15","modified_gmt":"2026-04-16T00:46:15","slug":"tablet-apple-ipad-a16-11-256-gb-blue-m4","status":"publish","type":"product","link":"https:\/\/bigbuy.tupique.com\/en\/produto\/tablet-apple-ipad-a16-11-256-gb-blue-m4\/","title":{"rendered":"Tablette Apple iPad A16 11&#8243; 256 GB Bleu M4"},"content":{"rendered":"<p>Si vous \u00eates passionn\u00e9 d&#8217;<b>informatique et d&#8217;\u00e9lectronique<\/b>, si vous \u00eates \u00e0 la pointe de la technologie et qu&#8217;aucun d\u00e9tail ne vous \u00e9chappe, achetez <b>Tablette Apple iPad A16 11&#8243; 256 GB Bleu M4<\/b> au meilleur prix.<\/p>\n<p>L\u2019<b>iPad A16<\/b> d\u2019Apple est une <b>tablette<\/b> de derni\u00e8re g\u00e9n\u00e9ration qui allie puissance, design et polyvalence pour offrir une exp\u00e9rience multim\u00e9dia et productive sup\u00e9rieure. Propos\u00e9e dans un \u00e9l\u00e9gant <b>coloris bleu<\/b> et con\u00e7ue en <b>aluminium<\/b> robuste, cette tablette dispose d\u2019un <b>\u00e9cran de 11 pouces<\/b> offrant des images nettes et des couleurs \u00e9clatantes, id\u00e9ale pour la consommation de contenus comme pour la cr\u00e9ation de documents et de pr\u00e9sentations. Elle propose des options de <b>stockage interne de 128 Go et 256 Go<\/b>, facilitant la gestion de nombreux fichiers, applications et m\u00e9dias sans se soucier de l\u2019espace disponible. Dot\u00e9e d\u2019un <b>appareil photo de 12 MP<\/b> et d\u2019une <b>cam\u00e9ra frontale<\/b>, elle permet des appels vid\u00e9o de haute qualit\u00e9 et des photos claires et d\u00e9taill\u00e9es, r\u00e9pondant aux besoins professionnels et personnels. Avec une <b>m\u00e9moire RAM de 128 Go<\/b> \u2014 une caract\u00e9ristique rare qui renforce la rapidit\u00e9 de l\u2019appareil \u2014 ce mod\u00e8le garantit une grande fluidit\u00e9 lors du passage entre les applications et la gestion de multiples t\u00e2ches. Elle inclut \u00e9galement des fonctions telles que le <b>flash int\u00e9gr\u00e9<\/b> pour les sc\u00e8nes en basse lumi\u00e8re et une connexion fiable via le <b>Wi-Fi<\/b>, assurant un acc\u00e8s rapide et stable \u00e0 Internet dans tous les environnements. Cet iPad est fabriqu\u00e9 en <b>Chine<\/b>, respectant les standards de qualit\u00e9 et les finitions propres \u00e0 Apple. Gr\u00e2ce \u00e0 ses caract\u00e9ristiques et sp\u00e9cifications avanc\u00e9es, l\u2019iPad A16 est un choix solide et moderne pour ceux qui recherchent une tablette capable de r\u00e9pondre aussi bien aux t\u00e2ches quotidiennes qu\u2019aux exigences professionnelles.<\/p>\n<ul>\n<li>Type:\n<ul>\n<li>Tablette<\/li>\n<li>iPad<\/li>\n<li>Flash<\/li>\n<\/ul>\n<\/li>\n<li>Type de prise: Prise EU<\/li>\n<li>Produit \u00e0 brancher: Oui<\/li>\n<li>Connectivit\u00e9:\n<ul>\n<li>Wi-Fi<\/li>\n<li>Bluetooth<\/li>\n<li>GPS<\/li>\n<li>Wi-Fi 6 GHz<\/li>\n<li>Bluetooth 5.3<\/li>\n<\/ul>\n<\/li>\n<li>M\u00e9moire RAM: 128 GB<\/li>\n<li>Formats: AAC<\/li>\n<li>M\u00e9moire interne:\n<ul>\n<li>128 GB<\/li>\n<li>256 GB<\/li>\n<\/ul>\n<\/li>\n<li>Caract\u00e9ristiques:\n<ul>\n<li>Capteur de lumi\u00e8re ambiante<\/li>\n<li>Contr\u00f4le vocal<\/li>\n<li>Wi-Fi<\/li>\n<li>Cam\u00e9ra frontale<\/li>\n<li>Microphone int\u00e9gr\u00e9<\/li>\n<li>Autofocus<\/li>\n<li>Pile incluse<\/li>\n<li>Stabilisateur d&#8217;image<\/li>\n<li>2 Haut-parleurs<\/li>\n<li>Lecteur d&#8217;empreintes<\/li>\n<li>Boussole \u00e9lectronique<\/li>\n<li>\u00c9cran avec coins arrondis<\/li>\n<\/ul>\n<\/li>\n<li>Profondeur: 7 mm<\/li>\n<li>Bloc d\u2019Alimentation:\n<ul>\n<li>r\u00e9seau \u00e9lectrique<\/li>\n<li>USB<\/li>\n<\/ul>\n<\/li>\n<li>Noyaux:\n<ul>\n<li>1<\/li>\n<li>16 Noyaux<\/li>\n<\/ul>\n<\/li>\n<li>Plate-forme: iOS<\/li>\n<li>Dimensions approx.: 19 x 5 x 27 cm<\/li>\n<li>Connexions:\n<ul>\n<li>USB-C<\/li>\n<li>USB-C 2.0<\/li>\n<\/ul>\n<\/li>\n<li>Cam\u00e9ra\/Appareil Photo:\n<ul>\n<li>12 mpx<\/li>\n<li>12 MP<\/li>\n<li>Arri\u00e8re<\/li>\n<\/ul>\n<\/li>\n<li>Syst\u00e8me d&#8217;exploitation:\n<ul>\n<li>iPadOS<\/li>\n<li>iOS<\/li>\n<\/ul>\n<\/li>\n<li>Capacit\u00e9 de la batterie: 8500 mAh<\/li>\n<li>Ecran: 11&#8243;<\/li>\n<li>Couleur: Bleu<\/li>\n<li>Mati\u00e8re: Aluminium<\/li>\n<li>Fonctions:\n<ul>\n<li>Barom\u00e8tre<\/li>\n<li>Acc\u00e9l\u00e9rom\u00e8tre<\/li>\n<li>G\u00e9olocalisation<\/li>\n<\/ul>\n<\/li>\n<li>Classification \u00e9nerg\u00e9tique: G<\/li>\n<li>Ouverture: F\/1,8<\/li>\n<li>Technologie:\n<ul>\n<li>LED<\/li>\n<li>IPS<\/li>\n<li>Mime<\/li>\n<li>Capacitive<\/li>\n<\/ul>\n<\/li>\n<li>Brille: 500 cd\/m2<\/li>\n<li>Non Inclus:\n<ul>\n<li>Adaptateur AC<\/li>\n<li>Connexion au r\u00e9seau mobile<\/li>\n<\/ul>\n<\/li>\n<li>Certificat: Certification ENERGY STAR<\/li>\n<li>Compatible: iPadOS<\/li>\n<li>Type de batterie: Litio Ion<\/li>\n<li>R\u00e9solution: 2360 x 1640 px<\/li>\n<li>R\u00e9solution (px):\n<ul>\n<li>3840 x 2160 px<\/li>\n<li>2160 px<\/li>\n<\/ul>\n<\/li>\n<li>Diagonale de l&#8217;\u00e9cran (cm): 27,9 cm<\/li>\n<li>Autonomie approx.: 10 heures<\/li>\n<li>Type de stockage: Flash<\/li>\n<li>Processeur: M4<\/li>\n<\/ul>","protected":false},"excerpt":{"rendered":"<p>Si vous \u00eates passionn\u00e9 d&#8217;informatique et d&#8217;\u00e9lectronique, si vous \u00eates \u00e0 la pointe de la technologie et qu&#8217;aucun d\u00e9tail ne vous \u00e9chappe, achetez Tablette Apple iPad A16 11&#8243; 256 GB Bleu M4 au meilleur prix. L\u2019iPad A16 d\u2019Apple est une tablette de derni\u00e8re g\u00e9n\u00e9ration qui allie puissance, design et polyvalence pour offrir une exp\u00e9rience multim\u00e9dia [&hellip;]<\/p>\n","protected":false},"featured_media":32641,"comment_status":"open","ping_status":"closed","template":"","meta":[],"product_brand":[979],"product_cat":[575,65,1052],"product_tag":[566,106],"class_list":{"0":"post-32662","1":"product","2":"type-product","3":"status-publish","4":"has-post-thumbnail","6":"product_brand-brandp_533","7":"product_cat-electronique-telephonie-et-tablettes","8":"product_cat-informatique-electronique","9":"product_cat-tablettes","10":"product_tag-tag_547","11":"product_tag-tag_1295","13":"first","14":"instock","15":"taxable","16":"shipping-taxable","17":"purchasable","18":"product-type-simple"},"_links":{"self":[{"href":"https:\/\/bigbuy.tupique.com\/en\/wp-json\/wp\/v2\/product\/32662","targetHints":{"allow":["GET"]}}],"collection":[{"href":"https:\/\/bigbuy.tupique.com\/en\/wp-json\/wp\/v2\/product"}],"about":[{"href":"https:\/\/bigbuy.tupique.com\/en\/wp-json\/wp\/v2\/types\/product"}],"replies":[{"embeddable":true,"href":"https:\/\/bigbuy.tupique.com\/en\/wp-json\/wp\/v2\/comments?post=32662"}],"wp:featuredmedia":[{"embeddable":true,"href":"https:\/\/bigbuy.tupique.com\/en\/wp-json\/wp\/v2\/media\/32641"}],"wp:attachment":[{"href":"https:\/\/bigbuy.tupique.com\/en\/wp-json\/wp\/v2\/media?parent=32662"}],"wp:term":[{"taxonomy":"product_brand","embeddable":true,"href":"https:\/\/bigbuy.tupique.com\/en\/wp-json\/wp\/v2\/product_brand?post=32662"},{"taxonomy":"product_cat","embeddable":true,"href":"https:\/\/bigbuy.tupique.com\/en\/wp-json\/wp\/v2\/product_cat?post=32662"},{"taxonomy":"product_tag","embeddable":true,"href":"https:\/\/bigbuy.tupique.com\/en\/wp-json\/wp\/v2\/product_tag?post=32662"}],"curies":[{"name":"wp","href":"https:\/\/api.w.org\/{rel}","templated":true}]}}