{"id":32592,"date":"2026-03-30T04:24:04","date_gmt":"2026-03-30T03:24:04","guid":{"rendered":"https:\/\/bigbuy.tupique.com\/produto\/mens-watch-tissot-chrono-xl-o-45-mm\/"},"modified":"2026-04-15T05:08:52","modified_gmt":"2026-04-15T04:08:52","slug":"mens-watch-tissot-chrono-xl-o-45-mm","status":"publish","type":"product","link":"https:\/\/bigbuy.tupique.com\/en\/produto\/mens-watch-tissot-chrono-xl-o-45-mm\/","title":{"rendered":"Montre Homme Tissot CHRONO XL (\u00d8 45 mm)"},"content":{"rendered":"<p>Si vous \u00eates \u00e0 la recherche de nouvelles tendances sur le march\u00e9, nous vous pr\u00e9sentons <b>Montre Homme Tissot CHRONO XL (\u00d8 45 mm)<\/b> !<\/p>\n<ul>\n<li>Liens suppl\u00e9mentaires: Non<\/li>\n<li>Type de montre: Montre-bracelet<\/li>\n<li>Fonctions: Chronographe<\/li>\n<li>Genre: Homme<\/li>\n<li>Mat\u00e9riau du bracelet: Cuir<\/li>\n<li>Inclut: Inclut un \u00e9tui ou une housse de la marque<\/li>\n<li>Imperm\u00e9abilit\u00e9: 10 atm<\/li>\n<li>Verre: Saphir<\/li>\n<li>Type de mouvement: Quartz<\/li>\n<li>Diam\u00e8tre du bo\u00eetier de la montre: \u00d8 45 mm<\/li>\n<\/ul>","protected":false},"excerpt":{"rendered":"<p>Si vous \u00eates \u00e0 la recherche de nouvelles tendances sur le march\u00e9, nous vous pr\u00e9sentons Montre Homme Tissot CHRONO XL (\u00d8 45 mm) ! Liens suppl\u00e9mentaires: Non Type de montre: Montre-bracelet Fonctions: Chronographe Genre: Homme Mat\u00e9riau du bracelet: Cuir Inclut: Inclut un \u00e9tui ou une housse de la marque Imperm\u00e9abilit\u00e9: 10 atm Verre: Saphir Type [&hellip;]<\/p>\n","protected":false},"featured_media":32584,"comment_status":"open","ping_status":"closed","template":"","meta":[],"product_brand":[794],"product_cat":[544,574,545],"product_tag":[103,543],"class_list":{"0":"post-32592","1":"product","2":"type-product","3":"status-publish","4":"has-post-thumbnail","6":"product_brand-brandp_1719","7":"product_cat-mode-accessoires","8":"product_cat-montres-homme","9":"product_cat-montres-bracelets","10":"product_tag-tag_1261","11":"product_tag-tag_61","13":"first","14":"instock","15":"taxable","16":"shipping-taxable","17":"purchasable","18":"product-type-simple"},"_links":{"self":[{"href":"https:\/\/bigbuy.tupique.com\/en\/wp-json\/wp\/v2\/product\/32592","targetHints":{"allow":["GET"]}}],"collection":[{"href":"https:\/\/bigbuy.tupique.com\/en\/wp-json\/wp\/v2\/product"}],"about":[{"href":"https:\/\/bigbuy.tupique.com\/en\/wp-json\/wp\/v2\/types\/product"}],"replies":[{"embeddable":true,"href":"https:\/\/bigbuy.tupique.com\/en\/wp-json\/wp\/v2\/comments?post=32592"}],"wp:featuredmedia":[{"embeddable":true,"href":"https:\/\/bigbuy.tupique.com\/en\/wp-json\/wp\/v2\/media\/32584"}],"wp:attachment":[{"href":"https:\/\/bigbuy.tupique.com\/en\/wp-json\/wp\/v2\/media?parent=32592"}],"wp:term":[{"taxonomy":"product_brand","embeddable":true,"href":"https:\/\/bigbuy.tupique.com\/en\/wp-json\/wp\/v2\/product_brand?post=32592"},{"taxonomy":"product_cat","embeddable":true,"href":"https:\/\/bigbuy.tupique.com\/en\/wp-json\/wp\/v2\/product_cat?post=32592"},{"taxonomy":"product_tag","embeddable":true,"href":"https:\/\/bigbuy.tupique.com\/en\/wp-json\/wp\/v2\/product_tag?post=32592"}],"curies":[{"name":"wp","href":"https:\/\/api.w.org\/{rel}","templated":true}]}}