{"id":32570,"date":"2026-03-30T04:23:29","date_gmt":"2026-03-30T03:23:29","guid":{"rendered":"https:\/\/bigbuy.tupique.com\/produto\/videowall-monitor-dahua-1-5-01-98-55732\/"},"modified":"2026-05-11T20:00:09","modified_gmt":"2026-05-11T18:00:09","slug":"videowall-monitor-dahua-1-5-01-98-55732","status":"publish","type":"product","link":"https:\/\/bigbuy.tupique.com\/en\/produto\/videowall-monitor-dahua-1-5-01-98-55732\/","title":{"rendered":"Moniteur Videowall Dahua 1.5.01.98.55732"},"content":{"rendered":"<p>Si vous \u00eates passionn\u00e9 d&#8217;<b>informatique et d&#8217;\u00e9lectronique<\/b>, si vous \u00eates \u00e0 la pointe de la technologie et qu&#8217;aucun d\u00e9tail ne vous \u00e9chappe, achetez <b>Moniteur Videowall Dahua 1.5.01.98.55732<\/b> au meilleur prix.<\/p>\n<p>Le <b>Monitor Videowall Dahua 1.5.01.98.55732<\/b> est une solution avanc\u00e9e con\u00e7ue pour des applications professionnelles n\u00e9cessitant une haute qualit\u00e9 visuelle et une interaction directe efficace. Cet appareil int\u00e8gre un <b>\u00e9cran LED de 65 pouces<\/b> avec une r\u00e9solution <b>4K Ultra HD<\/b>, offrant des images nettes et des couleurs vives, id\u00e9al pour les environnements d\u2019entreprise, centres de contr\u00f4le, commerce de d\u00e9tail et espaces publics. Son format <b>16:9<\/b> garantit une pr\u00e9sentation optimale des contenus audiovisuels en \u00e9cran panoramique, tandis que la technologie <b>Multi-touch<\/b> permet une navigation tactile pr\u00e9cise et r\u00e9active, facilitant une interaction intuitive sans p\u00e9riph\u00e9riques suppl\u00e9mentaires. Avec un <b>temps de r\u00e9ponse de seulement 8 ms<\/b>, ce moniteur minimise les retards d\u2019affichage, assurant une exp\u00e9rience fluide et sans interruptions visuelles, essentielle pour les applications dynamiques et exigeantes. Le design ext\u00e9rieur en <b>noir<\/b> apporte une esth\u00e9tique sobre et professionnelle, facilement int\u00e9grable dans divers environnements. Il dispose \u00e9galement de multiples options de connectivit\u00e9, incluant des <b>ports HDMI, USB et Ethernet (RJ-45)<\/b>, garantissant la compatibilit\u00e9 avec divers appareils et facilitant la transmission stable et efficace des donn\u00e9es et signaux audiovisuels. La combinaison de ces caract\u00e9ristiques fait de ce totem int\u00e9rieur tactile une solution id\u00e9ale pour la cr\u00e9ation de videowalls interactifs, favorisant une communication visuelle impactante et accessible. En r\u00e9sum\u00e9, le Monitor Videowall Dahua offre une technologie robuste et polyvalente pour ceux qui recherchent haute performance et qualit\u00e9 dans les solutions d\u2019affichage grand format.<\/p>\n<ul>\n<li>Type: Moniteur Videowall<\/li>\n<\/ul>","protected":false},"excerpt":{"rendered":"<p>Si vous \u00eates passionn\u00e9 d&#8217;informatique et d&#8217;\u00e9lectronique, si vous \u00eates \u00e0 la pointe de la technologie et qu&#8217;aucun d\u00e9tail ne vous \u00e9chappe, achetez Moniteur Videowall Dahua 1.5.01.98.55732 au meilleur prix. Le Monitor Videowall Dahua 1.5.01.98.55732 est une solution avanc\u00e9e con\u00e7ue pour des applications professionnelles n\u00e9cessitant une haute qualit\u00e9 visuelle et une interaction directe efficace. Cet [&hellip;]<\/p>\n","protected":false},"featured_media":32569,"comment_status":"open","ping_status":"closed","template":"","meta":[],"product_brand":[1293],"product_cat":[65,581,616],"product_tag":[213,106],"class_list":{"0":"post-32570","1":"product","2":"type-product","3":"status-publish","4":"has-post-thumbnail","6":"product_brand-brandp_4794","7":"product_cat-informatique-electronique","8":"product_cat-informatique-peripheriques-et-consommables","9":"product_cat-moniteurs","10":"product_tag-tag_933","11":"product_tag-tag_1295","13":"first","14":"instock","15":"taxable","16":"shipping-taxable","17":"purchasable","18":"product-type-simple"},"_links":{"self":[{"href":"https:\/\/bigbuy.tupique.com\/en\/wp-json\/wp\/v2\/product\/32570","targetHints":{"allow":["GET"]}}],"collection":[{"href":"https:\/\/bigbuy.tupique.com\/en\/wp-json\/wp\/v2\/product"}],"about":[{"href":"https:\/\/bigbuy.tupique.com\/en\/wp-json\/wp\/v2\/types\/product"}],"replies":[{"embeddable":true,"href":"https:\/\/bigbuy.tupique.com\/en\/wp-json\/wp\/v2\/comments?post=32570"}],"wp:featuredmedia":[{"embeddable":true,"href":"https:\/\/bigbuy.tupique.com\/en\/wp-json\/wp\/v2\/media\/32569"}],"wp:attachment":[{"href":"https:\/\/bigbuy.tupique.com\/en\/wp-json\/wp\/v2\/media?parent=32570"}],"wp:term":[{"taxonomy":"product_brand","embeddable":true,"href":"https:\/\/bigbuy.tupique.com\/en\/wp-json\/wp\/v2\/product_brand?post=32570"},{"taxonomy":"product_cat","embeddable":true,"href":"https:\/\/bigbuy.tupique.com\/en\/wp-json\/wp\/v2\/product_cat?post=32570"},{"taxonomy":"product_tag","embeddable":true,"href":"https:\/\/bigbuy.tupique.com\/en\/wp-json\/wp\/v2\/product_tag?post=32570"}],"curies":[{"name":"wp","href":"https:\/\/api.w.org\/{rel}","templated":true}]}}