{"id":32292,"date":"2026-03-30T04:08:00","date_gmt":"2026-03-30T03:08:00","guid":{"rendered":"https:\/\/bigbuy.tupique.com\/produto\/motherboard-asus-lga-1700-4\/"},"modified":"2026-04-16T16:02:07","modified_gmt":"2026-04-16T15:02:07","slug":"motherboard-asus-lga-1700-4","status":"publish","type":"product","link":"https:\/\/bigbuy.tupique.com\/en\/produto\/motherboard-asus-lga-1700-4\/","title":{"rendered":"Carte M\u00e8re Asus LGA 1700"},"content":{"rendered":"<p>Si vous \u00eates \u00e0 la recherche de nouvelles tendances sur le march\u00e9, nous vous pr\u00e9sentons <b>Carte M\u00e8re Asus LGA 1700<\/b> !<\/p>\n<ul>\n<li>Type:\n<ul>\n<li>Carte M\u00e8re<\/li>\n<li>DDR5-SDRAM<\/li>\n<li>ATX<\/li>\n<li>UEFI<\/li>\n<\/ul>\n<\/li>\n<li>Connexions:\n<ul>\n<li>VGA x 1<\/li>\n<li>RJ45 x 2<\/li>\n<li>2<\/li>\n<li>Jack 3.5 mm<\/li>\n<li>PCI Express 3.0 (x1) x 1<\/li>\n<li>HDMI x 1<\/li>\n<li>2 x USB 2.0<\/li>\n<li>Microphone<\/li>\n<li>Ethernet LAN<\/li>\n<li>SATA x 4<\/li>\n<li>M.2 x 3<\/li>\n<li>Thunderbolt x 1<\/li>\n<li>HDMI 2.1 x 1<\/li>\n<li>USB-C 3.2 x 1<\/li>\n<li>DIMM<\/li>\n<li>4 x USB 3.2 Gen 1 (3.1 Gen 1)<\/li>\n<li>DisplayPort x 1<\/li>\n<li>USB 3.2 x 1<\/li>\n<li>M.2 x 1<\/li>\n<\/ul>\n<\/li>\n<li>Compatible:\n<ul>\n<li>raid 0<\/li>\n<li>raid 1<\/li>\n<li>Raid 10<\/li>\n<li>Raid 5<\/li>\n<li>Windows 11<\/li>\n<li>Windows 10<\/li>\n<li>HDD\/SSD<\/li>\n<li>PC<\/li>\n<\/ul>\n<\/li>\n<li>M\u00e9moire RAM maximale: 128 GB<\/li>\n<li>Cha\u00eenes: 7.1<\/li>\n<li>Chipset: INTEL W680<\/li>\n<li>Facteur de forme: ATX<\/li>\n<li>Interface: Gigabit Ethernet<\/li>\n<li>M\u00e9moire: 256 MB<\/li>\n<li>Nombre d&#8217;emplacements m\u00e9moire: 4<\/li>\n<li>Haut-parleurs: 7.1<\/li>\n<li>2 Ports: Ethernet<\/li>\n<li>Non Inclus: Wi-Fi<\/li>\n<li>Largeur: 30,5 cm<\/li>\n<li>Bloc d\u2019Alimentation: ATX<\/li>\n<li>Inclut: Manuel de l&#8217;utilisateur<\/li>\n<li>Socket: LGA 1700<\/li>\n<li>Type de m\u00e9moire: DDR5<\/li>\n<li>Famille de processeurs: Intel<\/li>\n<\/ul>","protected":false},"excerpt":{"rendered":"<p>Si vous \u00eates \u00e0 la recherche de nouvelles tendances sur le march\u00e9, nous vous pr\u00e9sentons Carte M\u00e8re Asus LGA 1700 ! Type: Carte M\u00e8re DDR5-SDRAM ATX UEFI Connexions: VGA x 1 RJ45 x 2 2 Jack 3.5 mm PCI Express 3.0 (x1) x 1 HDMI x 1 2 x USB 2.0 Microphone Ethernet LAN SATA [&hellip;]<\/p>\n","protected":false},"featured_media":32263,"comment_status":"open","ping_status":"closed","template":"","meta":[],"product_brand":[798],"product_cat":[736,65,584],"product_tag":[59,106],"class_list":{"0":"post-32292","1":"product","2":"type-product","3":"status-publish","4":"has-post-thumbnail","6":"product_brand-brandp_536","7":"product_cat-cartes-meres","8":"product_cat-informatique-electronique","9":"product_cat-informatique-reseaux-et-composants","10":"product_tag-tag_1304","11":"product_tag-tag_1295","13":"first","14":"instock","15":"taxable","16":"shipping-taxable","17":"purchasable","18":"product-type-simple"},"_links":{"self":[{"href":"https:\/\/bigbuy.tupique.com\/en\/wp-json\/wp\/v2\/product\/32292","targetHints":{"allow":["GET"]}}],"collection":[{"href":"https:\/\/bigbuy.tupique.com\/en\/wp-json\/wp\/v2\/product"}],"about":[{"href":"https:\/\/bigbuy.tupique.com\/en\/wp-json\/wp\/v2\/types\/product"}],"replies":[{"embeddable":true,"href":"https:\/\/bigbuy.tupique.com\/en\/wp-json\/wp\/v2\/comments?post=32292"}],"wp:featuredmedia":[{"embeddable":true,"href":"https:\/\/bigbuy.tupique.com\/en\/wp-json\/wp\/v2\/media\/32263"}],"wp:attachment":[{"href":"https:\/\/bigbuy.tupique.com\/en\/wp-json\/wp\/v2\/media?parent=32292"}],"wp:term":[{"taxonomy":"product_brand","embeddable":true,"href":"https:\/\/bigbuy.tupique.com\/en\/wp-json\/wp\/v2\/product_brand?post=32292"},{"taxonomy":"product_cat","embeddable":true,"href":"https:\/\/bigbuy.tupique.com\/en\/wp-json\/wp\/v2\/product_cat?post=32292"},{"taxonomy":"product_tag","embeddable":true,"href":"https:\/\/bigbuy.tupique.com\/en\/wp-json\/wp\/v2\/product_tag?post=32292"}],"curies":[{"name":"wp","href":"https:\/\/api.w.org\/{rel}","templated":true}]}}