{"id":32090,"date":"2026-03-30T03:54:42","date_gmt":"2026-03-30T02:54:42","guid":{"rendered":"https:\/\/bigbuy.tupique.com\/produto\/side-table-ergotron-61-081-062\/"},"modified":"2026-04-15T04:47:58","modified_gmt":"2026-04-15T03:47:58","slug":"side-table-ergotron-61-081-062","status":"publish","type":"product","link":"https:\/\/bigbuy.tupique.com\/en\/produto\/side-table-ergotron-61-081-062\/","title":{"rendered":"Table d&#8217;appoint Ergotron 61-081-062"},"content":{"rendered":"<p>Si vous vous pr\u00e9occupez de votre sant\u00e9 et que vous cherchez des produits qui vous offriraient <b>tables de lit<\/b>, achetez <b>Table d&#8217;appoint Ergotron 61-081-062<\/b> et d&#8217;autres <b>produits Ergotron<\/b> au meilleur prix.<\/p>\n<ul>\n<li>Type:\n<ul>\n<li>Table d&#8217;appoint<\/li>\n<li>Support mural<\/li>\n<\/ul>\n<\/li>\n<li>Couleur: Blanc<\/li>\n<li>Compatible:\n<ul>\n<li>VESA 75 x 75 mm<\/li>\n<li>VESA 100 x 100 mm<\/li>\n<\/ul>\n<\/li>\n<li>Caract\u00e9ristiques:\n<ul>\n<li>R\u00e9glable<\/li>\n<li>Etag\u00e8re<\/li>\n<\/ul>\n<\/li>\n<li>Ann\u00e9e: 2014<\/li>\n<li>Tension: 240 V<\/li>\n<li>Ecran: 24&#8243;<\/li>\n<li>VESA:\n<ul>\n<li>10 x 10 cm<\/li>\n<li>7,5 x 7,5 cm<\/li>\n<\/ul>\n<\/li>\n<li>Type d&#8217;installation: Montage mural<\/li>\n<li>Type de mouvement: Inclinable<\/li>\n<li>Inclut: Manuel de l&#8217;utilisateur<\/li>\n<li>Diagonale de l&#8217;\u00e9cran (cm): 61 cm<\/li>\n<\/ul>","protected":false},"excerpt":{"rendered":"<p>Si vous vous pr\u00e9occupez de votre sant\u00e9 et que vous cherchez des produits qui vous offriraient tables de lit, achetez Table d&#8217;appoint Ergotron 61-081-062 et d&#8217;autres produits Ergotron au meilleur prix. Type: Table d&#8217;appoint Support mural Couleur: Blanc Compatible: VESA 75 x 75 mm VESA 100 x 100 mm Caract\u00e9ristiques: R\u00e9glable Etag\u00e8re Ann\u00e9e: 2014 Tension: [&hellip;]<\/p>\n","protected":false},"featured_media":32082,"comment_status":"open","ping_status":"closed","template":"","meta":[],"product_brand":[659],"product_cat":[776,1218,752],"product_tag":[],"class_list":{"0":"post-32090","1":"product","2":"type-product","3":"status-publish","4":"has-post-thumbnail","6":"product_brand-brandp_4773","7":"product_cat-detente-et-bien-etre","8":"product_cat-produits-de-detente","9":"product_cat-sante-beaute","11":"first","12":"instock","13":"taxable","14":"shipping-taxable","15":"purchasable","16":"product-type-simple"},"_links":{"self":[{"href":"https:\/\/bigbuy.tupique.com\/en\/wp-json\/wp\/v2\/product\/32090","targetHints":{"allow":["GET"]}}],"collection":[{"href":"https:\/\/bigbuy.tupique.com\/en\/wp-json\/wp\/v2\/product"}],"about":[{"href":"https:\/\/bigbuy.tupique.com\/en\/wp-json\/wp\/v2\/types\/product"}],"replies":[{"embeddable":true,"href":"https:\/\/bigbuy.tupique.com\/en\/wp-json\/wp\/v2\/comments?post=32090"}],"wp:featuredmedia":[{"embeddable":true,"href":"https:\/\/bigbuy.tupique.com\/en\/wp-json\/wp\/v2\/media\/32082"}],"wp:attachment":[{"href":"https:\/\/bigbuy.tupique.com\/en\/wp-json\/wp\/v2\/media?parent=32090"}],"wp:term":[{"taxonomy":"product_brand","embeddable":true,"href":"https:\/\/bigbuy.tupique.com\/en\/wp-json\/wp\/v2\/product_brand?post=32090"},{"taxonomy":"product_cat","embeddable":true,"href":"https:\/\/bigbuy.tupique.com\/en\/wp-json\/wp\/v2\/product_cat?post=32090"},{"taxonomy":"product_tag","embeddable":true,"href":"https:\/\/bigbuy.tupique.com\/en\/wp-json\/wp\/v2\/product_tag?post=32090"}],"curies":[{"name":"wp","href":"https:\/\/api.w.org\/{rel}","templated":true}]}}