{"id":31984,"date":"2026-03-30T03:51:42","date_gmt":"2026-03-30T02:51:42","guid":{"rendered":"https:\/\/bigbuy.tupique.com\/produto\/heat-brush-shark-shark-flexstyle-hd426eu-3-pieces\/"},"modified":"2026-04-16T20:51:33","modified_gmt":"2026-04-16T19:51:33","slug":"heat-brush-shark-shark-flexstyle-hd426eu-3-pieces","status":"publish","type":"product","link":"https:\/\/bigbuy.tupique.com\/en\/produto\/heat-brush-shark-shark-flexstyle-hd426eu-3-pieces\/","title":{"rendered":"Brosse Thermique Shark SHARK FLEXSTYLE &#8211; HD426EU 3 Pi\u00e8ces"},"content":{"rendered":"<p>Vous voulez rehausser votre beaut&eacute; ou changer de look ? <b>Brosse Thermique Shark SHARK FLEXSTYLE &#8211; HD426EU 3 Pi\u00e8ces<\/b> est ce qu&#8217;il vous faut ! Profitez d&egrave;s maintenant de nos <b>produits Shark<\/b>&nbsp;et de tous nos autres <b>accessoires de coiffure de marque 100 % authentiques<\/b>&nbsp;!<\/p>\n<p>Le <b>SHARK FLEXSTYLE &#8211; HD426EU<\/b> de la marque Shark est une <b>brosse chauffante<\/b> polyvalente qui combine la fonctionnalit\u00e9 d\u2019un s\u00e8che-cheveux et d\u2019un lisseur 2 en 1, con\u00e7ue pour faciliter le coiffage quotidien avec des r\u00e9sultats professionnels. Cet appareil offre une puissance de <b>1400 W<\/b>, fournie par une alimentation directe sur le <b>r\u00e9seau \u00e9lectrique<\/b>, garantissant une performance constante et efficace pendant son utilisation. Son design en <b>noir et or rose<\/b> apporte une finition \u00e9l\u00e9gante et moderne, id\u00e9ale pour ceux qui recherchent un style soign\u00e9 et sophistiqu\u00e9. Le produit inclut <b>3 accessoires<\/b> interchangeables permettant d\u2019adapter l\u2019outil \u00e0 diff\u00e9rents types et styles de cheveux, facilitant un s\u00e9chage rapide ainsi que la cr\u00e9ation d\u2019ondulations ou de volume avec plus de pr\u00e9cision et de contr\u00f4le. Gr\u00e2ce \u00e0 sa technologie thermique int\u00e9gr\u00e9e, le SHARK FLEXSTYLE aide \u00e0 r\u00e9partir la chaleur de mani\u00e8re uniforme, contribuant \u00e0 un coiffage sans dommages dus \u00e0 la surchauffe. Son ergonomie et sa facilit\u00e9 d\u2019utilisation conviennent aussi bien aux utilisateurs domestiques qu\u2019\u00e0 ceux qui recherchent une brosse lissante pratique et efficace, alliant design et fonctionnalit\u00e9 avanc\u00e9e. Dans l\u2019ensemble, cette brosse chauffante repr\u00e9sente une solution compl\u00e8te pour le soin capillaire, alliant puissance, polyvalence et finition soign\u00e9e. Une option adapt\u00e9e \u00e0 ceux qui valorisent performance constante et qualit\u00e9 dans leur outil de coiffage quotidien.<\/p>\n<ul>\n<li>Produit \u00e0 brancher: Oui<\/li>\n<li>Type de prise: Prise EU<\/li>\n<li>Couleur:\n<ul>\n<li>Noir<\/li>\n<li>Or rose<\/li>\n<\/ul>\n<\/li>\n<li>Nombre de pi\u00e8ces: 3 Pi\u00e8ces<\/li>\n<li>Bloc d\u2019Alimentation: r\u00e9seau \u00e9lectrique<\/li>\n<\/ul>","protected":false},"excerpt":{"rendered":"<p>Vous voulez rehausser votre beaut&eacute; ou changer de look ? Brosse Thermique Shark SHARK FLEXSTYLE &#8211; HD426EU 3 Pi\u00e8ces est ce qu&#8217;il vous faut ! Profitez d&egrave;s maintenant de nos produits Shark&nbsp;et de tous nos autres accessoires de coiffure de marque 100 % authentiques&nbsp;! Le SHARK FLEXSTYLE &#8211; HD426EU de la marque Shark est une [&hellip;]<\/p>\n","protected":false},"featured_media":31977,"comment_status":"open","ping_status":"closed","template":"","meta":[],"product_brand":[1078],"product_cat":[753,1145,752],"product_tag":[722,59,56],"class_list":{"0":"post-31984","1":"product","2":"type-product","3":"status-publish","4":"has-post-thumbnail","6":"product_brand-brandp_5354","7":"product_cat-coiffure","8":"product_cat-peignes-et-brosses","9":"product_cat-sante-beaute","10":"product_tag-tag_923","11":"product_tag-tag_1304","12":"product_tag-tag_930","14":"first","15":"instock","16":"taxable","17":"shipping-taxable","18":"purchasable","19":"product-type-simple"},"_links":{"self":[{"href":"https:\/\/bigbuy.tupique.com\/en\/wp-json\/wp\/v2\/product\/31984","targetHints":{"allow":["GET"]}}],"collection":[{"href":"https:\/\/bigbuy.tupique.com\/en\/wp-json\/wp\/v2\/product"}],"about":[{"href":"https:\/\/bigbuy.tupique.com\/en\/wp-json\/wp\/v2\/types\/product"}],"replies":[{"embeddable":true,"href":"https:\/\/bigbuy.tupique.com\/en\/wp-json\/wp\/v2\/comments?post=31984"}],"wp:featuredmedia":[{"embeddable":true,"href":"https:\/\/bigbuy.tupique.com\/en\/wp-json\/wp\/v2\/media\/31977"}],"wp:attachment":[{"href":"https:\/\/bigbuy.tupique.com\/en\/wp-json\/wp\/v2\/media?parent=31984"}],"wp:term":[{"taxonomy":"product_brand","embeddable":true,"href":"https:\/\/bigbuy.tupique.com\/en\/wp-json\/wp\/v2\/product_brand?post=31984"},{"taxonomy":"product_cat","embeddable":true,"href":"https:\/\/bigbuy.tupique.com\/en\/wp-json\/wp\/v2\/product_cat?post=31984"},{"taxonomy":"product_tag","embeddable":true,"href":"https:\/\/bigbuy.tupique.com\/en\/wp-json\/wp\/v2\/product_tag?post=31984"}],"curies":[{"name":"wp","href":"https:\/\/api.w.org\/{rel}","templated":true}]}}