{"id":31976,"date":"2026-03-30T03:51:29","date_gmt":"2026-03-30T02:51:29","guid":{"rendered":"https:\/\/bigbuy.tupique.com\/produto\/smart-tv-samsung-43\/"},"modified":"2026-04-16T20:51:33","modified_gmt":"2026-04-16T19:51:33","slug":"smart-tv-samsung-43","status":"publish","type":"product","link":"https:\/\/bigbuy.tupique.com\/en\/produto\/smart-tv-samsung-43\/","title":{"rendered":"TV intelligente Samsung 43&#8243;"},"content":{"rendered":"<p>Si vous \u00eates passionn\u00e9 d&#8217;<b>informatique et d&#8217;\u00e9lectronique<\/b>, si vous \u00eates \u00e0 la pointe de la technologie et qu&#8217;aucun d\u00e9tail ne vous \u00e9chappe, achetez <b>TV intelligente Samsung 43&#8243;<\/b> au meilleur prix.<\/p>\n<p>La <b>Smart TV Samsung 43 TU43U7005F Crystal UHD<\/b> offre une exp\u00e9rience visuelle de qualit\u00e9 gr\u00e2ce \u00e0 son <b>\u00e9cran de 43 pouces avec r\u00e9solution Crystal UHD<\/b>, garantissant des images nettes et des couleurs vives, id\u00e9ales pour profiter de contenus en haute d\u00e9finition. \u00c9quip\u00e9e d\u2019une technologie avanc\u00e9e de traitement d\u2019image, cette t\u00e9l\u00e9vision valorise chaque d\u00e9tail pour offrir une repr\u00e9sentation r\u00e9aliste et des couleurs plus profondes. Son syst\u00e8me <b>Smart TV<\/b> permet d\u2019acc\u00e9der facilement \u00e0 de nombreuses applications de streaming et contenus en ligne, facilitant la navigation avec une interface intuitive et rapide. De plus, elle dispose d\u2019une connectivit\u00e9 <b>Bluetooth<\/b>, qui facilite la liaison avec des appareils compatibles tels que haut-parleurs et casques sans fil, apportant polyvalence \u00e0 l\u2019usage quotidien. Son design moderne et soign\u00e9 s\u2019adapte parfaitement \u00e0 tout environnement, en faisant une option adapt\u00e9e aussi bien aux petits espaces qu\u2019aux salons de taille moyenne. L\u2019association de la taille d\u2019\u00e9cran avec la technologie Crystal UHD offre un \u00e9quilibre optimal entre qualit\u00e9 visuelle et dimensions, satisfaisant les utilisateurs recherchant une t\u00e9l\u00e9vision efficace et multifonctionnelle pour un usage domestique. En r\u00e9sum\u00e9, la Samsung TU43U7005F est une solution compl\u00e8te dans le segment des t\u00e9l\u00e9viseurs intelligents, alliant clart\u00e9 d\u2019image, connectivit\u00e9 et facilit\u00e9 d\u2019utilisation.<\/p>\n<ul>\n<li>Ecran: 43&#8243;<\/li>\n<li>Diagonale de l&#8217;\u00e9cran (cm): 109,2 cm<\/li>\n<li>Couleur: Noir<\/li>\n<li>Caract\u00e9ristiques:\n<ul>\n<li>Wi-Fi<\/li>\n<li>TV intelligente<\/li>\n<li>HDR10+<\/li>\n<\/ul>\n<\/li>\n<li>Indice de r\u00e9parabilit\u00e9: 7.5<\/li>\n<\/ul>","protected":false},"excerpt":{"rendered":"<p>Si vous \u00eates passionn\u00e9 d&#8217;informatique et d&#8217;\u00e9lectronique, si vous \u00eates \u00e0 la pointe de la technologie et qu&#8217;aucun d\u00e9tail ne vous \u00e9chappe, achetez TV intelligente Samsung 43&#8243; au meilleur prix. La Smart TV Samsung 43 TU43U7005F Crystal UHD offre une exp\u00e9rience visuelle de qualit\u00e9 gr\u00e2ce \u00e0 son \u00e9cran de 43 pouces avec r\u00e9solution Crystal UHD, [&hellip;]<\/p>\n","protected":false},"featured_media":31970,"comment_status":"open","ping_status":"closed","template":"","meta":[],"product_brand":[183],"product_cat":[589,65,957],"product_tag":[59],"class_list":{"0":"post-31976","1":"product","2":"type-product","3":"status-publish","4":"has-post-thumbnail","6":"product_brand-brandp_576","7":"product_cat-electronique-television","8":"product_cat-informatique-electronique","9":"product_cat-televisions-et-smart-tv","10":"product_tag-tag_1304","12":"first","13":"instock","14":"taxable","15":"shipping-taxable","16":"purchasable","17":"product-type-simple"},"_links":{"self":[{"href":"https:\/\/bigbuy.tupique.com\/en\/wp-json\/wp\/v2\/product\/31976","targetHints":{"allow":["GET"]}}],"collection":[{"href":"https:\/\/bigbuy.tupique.com\/en\/wp-json\/wp\/v2\/product"}],"about":[{"href":"https:\/\/bigbuy.tupique.com\/en\/wp-json\/wp\/v2\/types\/product"}],"replies":[{"embeddable":true,"href":"https:\/\/bigbuy.tupique.com\/en\/wp-json\/wp\/v2\/comments?post=31976"}],"wp:featuredmedia":[{"embeddable":true,"href":"https:\/\/bigbuy.tupique.com\/en\/wp-json\/wp\/v2\/media\/31970"}],"wp:attachment":[{"href":"https:\/\/bigbuy.tupique.com\/en\/wp-json\/wp\/v2\/media?parent=31976"}],"wp:term":[{"taxonomy":"product_brand","embeddable":true,"href":"https:\/\/bigbuy.tupique.com\/en\/wp-json\/wp\/v2\/product_brand?post=31976"},{"taxonomy":"product_cat","embeddable":true,"href":"https:\/\/bigbuy.tupique.com\/en\/wp-json\/wp\/v2\/product_cat?post=31976"},{"taxonomy":"product_tag","embeddable":true,"href":"https:\/\/bigbuy.tupique.com\/en\/wp-json\/wp\/v2\/product_tag?post=31976"}],"curies":[{"name":"wp","href":"https:\/\/api.w.org\/{rel}","templated":true}]}}