{"id":31834,"date":"2026-03-30T03:37:31","date_gmt":"2026-03-30T02:37:31","guid":{"rendered":"https:\/\/bigbuy.tupique.com\/produto\/door-handle-abus-wintecto-one-fca4100-bk-black\/"},"modified":"2026-04-16T15:22:05","modified_gmt":"2026-04-16T14:22:05","slug":"door-handle-abus-wintecto-one-fca4100-bk-black","status":"publish","type":"product","link":"https:\/\/bigbuy.tupique.com\/en\/produto\/door-handle-abus-wintecto-one-fca4100-bk-black\/","title":{"rendered":"Poign\u00e9e de porte ABUS WINTECTO One FCA4100 BK Noir"},"content":{"rendered":"<p>Si vous aimez prendre soin de chaque d\u00e9tail de votre maison et d&#8217;\u00eatre \u00e0 la derni\u00e8re mode en mati\u00e8re de produits qui vous rendront la vie plus facile, achetez <b>Poign\u00e9e de porte ABUS WINTECTO One FCA4100 BK Noir<\/b> au meilleur prix.<\/p>\n<ul>\n<li>Fonctionne \u00e0 piles: Oui<\/li>\n<li>Couleur: Noir<\/li>\n<li>Caract\u00e9ristiques: Alarme<\/li>\n<li>\u00c9lev\u00e9: 30 cm<\/li>\n<li>Inclut: Batterie<\/li>\n<li>Type de batterie: AA<\/li>\n<li>Piles incluses: Oui<\/li>\n<\/ul>","protected":false},"excerpt":{"rendered":"<p>Si vous aimez prendre soin de chaque d\u00e9tail de votre maison et d&#8217;\u00eatre \u00e0 la derni\u00e8re mode en mati\u00e8re de produits qui vous rendront la vie plus facile, achetez Poign\u00e9e de porte ABUS WINTECTO One FCA4100 BK Noir au meilleur prix. Fonctionne \u00e0 piles: Oui Couleur: Noir Caract\u00e9ristiques: Alarme \u00c9lev\u00e9: 30 cm Inclut: Batterie Type [&hellip;]<\/p>\n","protected":false},"featured_media":31831,"comment_status":"open","ping_status":"closed","template":"","meta":[],"product_brand":[1169],"product_cat":[613,239],"product_tag":[59,210],"class_list":{"0":"post-31834","1":"product","2":"type-product","3":"status-publish","4":"has-post-thumbnail","6":"product_brand-brandp_6311","7":"product_cat-bricolage-et-materiel","8":"product_cat-maison-jardin","9":"product_tag-tag_1304","10":"product_tag-tag_25","12":"first","13":"instock","14":"taxable","15":"shipping-taxable","16":"purchasable","17":"product-type-simple"},"_links":{"self":[{"href":"https:\/\/bigbuy.tupique.com\/en\/wp-json\/wp\/v2\/product\/31834","targetHints":{"allow":["GET"]}}],"collection":[{"href":"https:\/\/bigbuy.tupique.com\/en\/wp-json\/wp\/v2\/product"}],"about":[{"href":"https:\/\/bigbuy.tupique.com\/en\/wp-json\/wp\/v2\/types\/product"}],"replies":[{"embeddable":true,"href":"https:\/\/bigbuy.tupique.com\/en\/wp-json\/wp\/v2\/comments?post=31834"}],"wp:featuredmedia":[{"embeddable":true,"href":"https:\/\/bigbuy.tupique.com\/en\/wp-json\/wp\/v2\/media\/31831"}],"wp:attachment":[{"href":"https:\/\/bigbuy.tupique.com\/en\/wp-json\/wp\/v2\/media?parent=31834"}],"wp:term":[{"taxonomy":"product_brand","embeddable":true,"href":"https:\/\/bigbuy.tupique.com\/en\/wp-json\/wp\/v2\/product_brand?post=31834"},{"taxonomy":"product_cat","embeddable":true,"href":"https:\/\/bigbuy.tupique.com\/en\/wp-json\/wp\/v2\/product_cat?post=31834"},{"taxonomy":"product_tag","embeddable":true,"href":"https:\/\/bigbuy.tupique.com\/en\/wp-json\/wp\/v2\/product_tag?post=31834"}],"curies":[{"name":"wp","href":"https:\/\/api.w.org\/{rel}","templated":true}]}}