{"id":31810,"date":"2026-03-30T03:36:52","date_gmt":"2026-03-30T02:36:52","guid":{"rendered":"https:\/\/bigbuy.tupique.com\/produto\/key-cupboard-burg-wachter-fp-44-e-black\/"},"modified":"2026-04-16T16:56:22","modified_gmt":"2026-04-16T15:56:22","slug":"key-cupboard-burg-wachter-fp-44-e-black","status":"publish","type":"product","link":"https:\/\/bigbuy.tupique.com\/en\/produto\/key-cupboard-burg-wachter-fp-44-e-black\/","title":{"rendered":"Armoire \u00e0 cl\u00e9s Burg-Wachter FP 44 E Noir"},"content":{"rendered":"<p>Si vous \u00eates passionn\u00e9 d&#8217;<b>informatique et d&#8217;\u00e9lectronique<\/b>, si vous \u00eates \u00e0 la pointe de la technologie et qu&#8217;aucun d\u00e9tail ne vous \u00e9chappe, achetez <b>Armoire \u00e0 cl\u00e9s Burg-Wachter FP 44 E Noir<\/b> au meilleur prix.<\/p>\n<ul>\n<li>Fonctionne \u00e0 piles: Oui<\/li>\n<li>Couleur: Noir<\/li>\n<li>Mati\u00e8re:\n<ul>\n<li>Acier<\/li>\n<li>Papier<\/li>\n<\/ul>\n<\/li>\n<li>Caract\u00e9ristiques: \u00c9cran integr\u00e9<\/li>\n<li>Type de batterie:\n<ul>\n<li>AA<\/li>\n<li>Piles Alcalines<\/li>\n<\/ul>\n<\/li>\n<li>Piles incluses: Oui<\/li>\n<li>Poids approx.: 25 kg<\/li>\n<li>Largeur: 39 cm<\/li>\n<li>Type d&#8217;installation: Sol<\/li>\n<\/ul>","protected":false},"excerpt":{"rendered":"<p><span class=\"unit-info\">1840.8636 &euro; \/ 1 m<\/span><\/p>","protected":false},"featured_media":31806,"comment_status":"open","ping_status":"closed","template":"","meta":[],"product_brand":[1294],"product_cat":[239,579,768],"product_tag":[567,59,210],"class_list":{"0":"post-31810","1":"product","2":"type-product","3":"status-publish","4":"has-post-thumbnail","6":"product_brand-brandp_6231","7":"product_cat-maison-jardin","8":"product_cat-securite-a-la-maison","9":"product_cat-systemes-de-securite","10":"product_tag-tag_556","11":"product_tag-tag_1304","12":"product_tag-tag_25","14":"first","15":"instock","16":"taxable","17":"shipping-taxable","18":"purchasable","19":"product-type-simple"},"_links":{"self":[{"href":"https:\/\/bigbuy.tupique.com\/en\/wp-json\/wp\/v2\/product\/31810","targetHints":{"allow":["GET"]}}],"collection":[{"href":"https:\/\/bigbuy.tupique.com\/en\/wp-json\/wp\/v2\/product"}],"about":[{"href":"https:\/\/bigbuy.tupique.com\/en\/wp-json\/wp\/v2\/types\/product"}],"replies":[{"embeddable":true,"href":"https:\/\/bigbuy.tupique.com\/en\/wp-json\/wp\/v2\/comments?post=31810"}],"wp:featuredmedia":[{"embeddable":true,"href":"https:\/\/bigbuy.tupique.com\/en\/wp-json\/wp\/v2\/media\/31806"}],"wp:attachment":[{"href":"https:\/\/bigbuy.tupique.com\/en\/wp-json\/wp\/v2\/media?parent=31810"}],"wp:term":[{"taxonomy":"product_brand","embeddable":true,"href":"https:\/\/bigbuy.tupique.com\/en\/wp-json\/wp\/v2\/product_brand?post=31810"},{"taxonomy":"product_cat","embeddable":true,"href":"https:\/\/bigbuy.tupique.com\/en\/wp-json\/wp\/v2\/product_cat?post=31810"},{"taxonomy":"product_tag","embeddable":true,"href":"https:\/\/bigbuy.tupique.com\/en\/wp-json\/wp\/v2\/product_tag?post=31810"}],"curies":[{"name":"wp","href":"https:\/\/api.w.org\/{rel}","templated":true}]}}