{"id":31632,"date":"2026-03-30T03:27:15","date_gmt":"2026-03-30T02:27:15","guid":{"rendered":"https:\/\/bigbuy.tupique.com\/produto\/induction-hot-plate-bosch-5\/"},"modified":"2026-05-11T20:01:49","modified_gmt":"2026-05-11T18:01:49","slug":"induction-hot-plate-bosch-5","status":"publish","type":"product","link":"https:\/\/bigbuy.tupique.com\/en\/produto\/induction-hot-plate-bosch-5\/","title":{"rendered":"Plaque \u00e0 Induction BOSCH"},"content":{"rendered":"<p>Si vous pensez r\u00e9nover votre cuisine, achetez <b>Plaque \u00e0 Induction BOSCH<\/b> et d\u00b4autres <b>produits BOSCH<\/b> !<\/p>\n<p>La <b>plaque \u00e0 induction Bosch PGQ7B5K90<\/b> est un appareil de cuisine con\u00e7u pour ceux qui recherchent la combinaison de la technologie moderne avec polyvalence et efficacit\u00e9. Il s\u2019agit d\u2019une <b>plaque \u00e0 induction int\u00e9grable<\/b> de <b>75 cm de largeur<\/b> dot\u00e9e de <b>5 zones de cuisson<\/b>, offrant un espace large et flexible pour pr\u00e9parer plusieurs plats simultan\u00e9ment. Sa puissance maximale atteint <b>10 800 W<\/b>, garantissant un chauffage rapide et un contr\u00f4le pr\u00e9cis de la temp\u00e9rature sur chaque zone, permettant une cuisson homog\u00e8ne et efficace. De plus, la surface est en <b>acier inoxydable<\/b>, un mat\u00e9riau r\u00e9sistant et facile \u00e0 nettoyer qui assure durabilit\u00e9 et finition \u00e9l\u00e9gante, id\u00e9al pour s\u2019int\u00e9grer dans des cuisines au design contemporain. Bien que le mod\u00e8le soit aussi d\u00e9crit comme une plaque \u00e0 gaz, la sp\u00e9cification principale correspond \u00e0 une plaque \u00e0 induction, ce qui signifie que la chaleur est g\u00e9n\u00e9r\u00e9e directement dans le r\u00e9cipient, augmentant la s\u00e9curit\u00e9 et r\u00e9duisant la consommation d\u2019\u00e9nergie. L\u2019installation est int\u00e9grable, facilitant son encastrement dans des meubles standards pour une esth\u00e9tique discr\u00e8te et fonctionnelle. Les dimensions de la plaque sont d\u2019environ <b>52 x 75 x 4,5 cm<\/b>, adapt\u00e9es aux cuisines domestiques de taille moyenne \u00e0 grande. En r\u00e9sum\u00e9, la Bosch PGQ7B5K90 se positionne comme une plaque \u00e0 induction \u00e0 grande capacit\u00e9 et puissance, ax\u00e9e sur l\u2019efficacit\u00e9, le contr\u00f4le pr\u00e9cis et la robustesse exig\u00e9s par une cuisine moderne.<\/p>\n<ul>\n<li>Type:\n<ul>\n<li>Plaque \u00e0 Induction<\/li>\n<li>Plaque au gaz<\/li>\n<li>Int\u00e9gr\u00e9<\/li>\n<\/ul>\n<\/li>\n<li>Produit \u00e0 brancher: Oui<\/li>\n<li>Type d&#8217;installation:\n<ul>\n<li>Int\u00e9grable<\/li>\n<li>Encastrable<\/li>\n<\/ul>\n<\/li>\n<li>Profondeur de compartiment d&#8217;installation: 48 cm<\/li>\n<li>Caract\u00e9ristiques:\n<ul>\n<li>Allumage \u00e9lectronique<\/li>\n<li>Valve de s\u00e9curit\u00e9<\/li>\n<\/ul>\n<\/li>\n<li>Type de commande: Plaque Tournante<\/li>\n<li>Tension d&#8217;entr\u00e9e AC: 220-240 V<\/li>\n<li>Amp\u00e9rage: 3 A<\/li>\n<li>puissance: 10800 W<\/li>\n<li>\u00c9lev\u00e9: 15,4 cm<\/li>\n<li>Zones de cuisson:\n<ul>\n<li>5<\/li>\n<li>4<\/li>\n<\/ul>\n<\/li>\n<li>Largeur: 75 cm<\/li>\n<li>Poids approx.:\n<ul>\n<li>8,9 Kg<\/li>\n<li>10,9 Kg<\/li>\n<\/ul>\n<\/li>\n<li>Type de prise: Prise EU<\/li>\n<li>Bloc d\u2019Alimentation: r\u00e9seau \u00e9lectrique<\/li>\n<li>Couleur:\n<ul>\n<li>Gris<\/li>\n<li>Acier<\/li>\n<\/ul>\n<\/li>\n<li>Profondeur: 52 cm<\/li>\n<li>Tension:\n<ul>\n<li>220 \u2013 240 V<\/li>\n<li>220-240 V<\/li>\n<\/ul>\n<\/li>\n<li>Dimensions approx.:\n<ul>\n<li>56 cm<\/li>\n<li>48 cm<\/li>\n<li>4,5 cm<\/li>\n<\/ul>\n<\/li>\n<li>Longueur du c\u00e2ble: 1 m<\/li>\n<li>Fr\u00e9quence d&#8217;entr\u00e9e AC: 50-60 Hz<\/li>\n<li>Long: 52 cm<\/li>\n<li>\u00c9cran integr\u00e9: Non<\/li>\n<\/ul>","protected":false},"excerpt":{"rendered":"<p>Si vous pensez r\u00e9nover votre cuisine, achetez Plaque \u00e0 Induction BOSCH et d\u00b4autres produits BOSCH ! La plaque \u00e0 induction Bosch PGQ7B5K90 est un appareil de cuisine con\u00e7u pour ceux qui recherchent la combinaison de la technologie moderne avec polyvalence et efficacit\u00e9. Il s\u2019agit d\u2019une plaque \u00e0 induction int\u00e9grable de 75 cm de largeur dot\u00e9e [&hellip;]<\/p>\n","protected":false},"featured_media":31619,"comment_status":"open","ping_status":"closed","template":"","meta":[],"product_brand":[162],"product_cat":[60,77,78],"product_tag":[55,59,56],"class_list":{"0":"post-31632","1":"product","2":"type-product","3":"status-publish","4":"has-post-thumbnail","6":"product_brand-brandp_959","7":"product_cat-cuisine-gourmet","8":"product_cat-petit-electromenager","9":"product_cat-plaques-de-cuisson","10":"product_tag-tag_926","11":"product_tag-tag_1304","12":"product_tag-tag_930","14":"first","15":"instock","16":"taxable","17":"shipping-taxable","18":"purchasable","19":"product-type-simple"},"_links":{"self":[{"href":"https:\/\/bigbuy.tupique.com\/en\/wp-json\/wp\/v2\/product\/31632","targetHints":{"allow":["GET"]}}],"collection":[{"href":"https:\/\/bigbuy.tupique.com\/en\/wp-json\/wp\/v2\/product"}],"about":[{"href":"https:\/\/bigbuy.tupique.com\/en\/wp-json\/wp\/v2\/types\/product"}],"replies":[{"embeddable":true,"href":"https:\/\/bigbuy.tupique.com\/en\/wp-json\/wp\/v2\/comments?post=31632"}],"wp:featuredmedia":[{"embeddable":true,"href":"https:\/\/bigbuy.tupique.com\/en\/wp-json\/wp\/v2\/media\/31619"}],"wp:attachment":[{"href":"https:\/\/bigbuy.tupique.com\/en\/wp-json\/wp\/v2\/media?parent=31632"}],"wp:term":[{"taxonomy":"product_brand","embeddable":true,"href":"https:\/\/bigbuy.tupique.com\/en\/wp-json\/wp\/v2\/product_brand?post=31632"},{"taxonomy":"product_cat","embeddable":true,"href":"https:\/\/bigbuy.tupique.com\/en\/wp-json\/wp\/v2\/product_cat?post=31632"},{"taxonomy":"product_tag","embeddable":true,"href":"https:\/\/bigbuy.tupique.com\/en\/wp-json\/wp\/v2\/product_tag?post=31632"}],"curies":[{"name":"wp","href":"https:\/\/api.w.org\/{rel}","templated":true}]}}