{"id":31553,"date":"2026-03-30T03:24:43","date_gmt":"2026-03-30T02:24:43","guid":{"rendered":"https:\/\/bigbuy.tupique.com\/produto\/cooling-base-for-a-laptop-corsair\/"},"modified":"2026-05-11T20:01:49","modified_gmt":"2026-05-11T18:01:49","slug":"cooling-base-for-a-laptop-corsair","status":"publish","type":"product","link":"https:\/\/bigbuy.tupique.com\/en\/produto\/cooling-base-for-a-laptop-corsair\/","title":{"rendered":"Support de refroidissement pour ordinateur portable Corsair"},"content":{"rendered":"<p>Si vous \u00eates passionn\u00e9 d&#8217;<b>informatique et d&#8217;\u00e9lectronique<\/b>, si vous \u00eates \u00e0 la pointe de la technologie et qu&#8217;aucun d\u00e9tail ne vous \u00e9chappe, achetez <b>Support de refroidissement pour ordinateur portable Corsair<\/b> au meilleur prix.<\/p>\n<p>Le <b>Corsair iCUE LINK TITAN 360 RX LCD<\/b> est un <b>kit de refroidissement liquide<\/b> avanc\u00e9 con\u00e7u pour offrir d\u2019excellentes performances thermiques sur les configurations haut de gamme et pour les passionn\u00e9s d\u2019informatique. Ce mod\u00e8le se distingue par son design \u00e9l\u00e9gant en <b>blanc<\/b>, s\u2019int\u00e9grant parfaitement aux installations modernes. Dot\u00e9 d\u2019un radiateur de <b>360 mm de longueur<\/b> (396 mm de hauteur et 125 x 125 mm de surface), il utilise des mat\u00e9riaux de qualit\u00e9 comme <b>l\u2019aluminium et le cuivre<\/b> pour garantir une dissipation thermique optimale et une grande durabilit\u00e9. Le syst\u00e8me comprend des ventilateurs de <b>12 cm<\/b> fonctionnant entre 300 et 2100 RPM, s\u2019adaptant aux besoins de performance ou de silence, avec un niveau sonore compris entre <b>10 dB et 36 dB<\/b>. Il offre \u00e9galement un <b>d\u00e9bit d\u2019air maximal de 73,5 cfm<\/b>, assurant un refroidissement efficace m\u00eame lors d\u2019utilisations intensives. Sa compatibilit\u00e9 avec les sockets <b>AMD AM5<\/b> et <b>Intel LGA 1700<\/b> garantit une grande polyvalence pour les plateformes actuelles. Un \u00e9l\u00e9ment distinctif est l\u2019<b>\u00e9cran LCD<\/b> int\u00e9gr\u00e9, permettant de surveiller les param\u00e8tres cl\u00e9s du syst\u00e8me et de personnaliser l\u2019affichage, renfor\u00e7ant la fonctionnalit\u00e9 et l\u2019esth\u00e9tique. L\u2019int\u00e9gration intelligente avec l\u2019\u00e9cosyst\u00e8me <b>iCUE LINK<\/b> de Corsair facilite la gestion centralis\u00e9e de l\u2019\u00e9clairage LED et des performances, offrant un contr\u00f4le avanc\u00e9 et une pr\u00e9sentation homog\u00e8ne. Fonctionnant sous <b>12 V<\/b>, ce kit est con\u00e7u pour une installation s\u00fbre et un entretien ais\u00e9. Le Corsair iCUE LINK TITAN 360 RX LCD constitue une solution de refroidissement liquide robuste et \u00e9l\u00e9gante, id\u00e9ale pour ceux qui recherchent efficacit\u00e9, compatibilit\u00e9 et personnalisation sur des syst\u00e8mes haut de gamme.<\/p>\n<ul>\n<li>Type:\n<ul>\n<li>Kit de refroidissement liquide<\/li>\n<li>Refroidisseur d&#8217;air<\/li>\n<\/ul>\n<\/li>\n<li>Socket:\n<ul>\n<li>LGA 1700<\/li>\n<li>Socket AM4<\/li>\n<li>AMD AM5<\/li>\n<\/ul>\n<\/li>\n<li>Caract\u00e9ristiques: Lumi\u00e8re LED<\/li>\n<li>Utilisation recommand\u00e9e: Processeur<\/li>\n<li>Compatible:\n<ul>\n<li>LGA 1700<\/li>\n<li>Intel Core i9<\/li>\n<li>Intel Core i7<\/li>\n<li>Intel Core i3<\/li>\n<li>Intel Core i5<\/li>\n<li>Intel Celeron<\/li>\n<\/ul>\n<\/li>\n<li>Nombre de pi\u00e8ces: 1 Pi\u00e8ce<\/li>\n<li>Ventillateur:\n<ul>\n<li>x 3<\/li>\n<li>3<\/li>\n<\/ul>\n<\/li>\n<li>Largeur: 12,5 cm<\/li>\n<li>Long: 12,5 cm<\/li>\n<li>Couleur: Blanc<\/li>\n<li>Mati\u00e8re:\n<ul>\n<li>Aluminium<\/li>\n<li>Cuivre<\/li>\n<\/ul>\n<\/li>\n<li>Tension: 12 V<\/li>\n<li>Technologie: LED<\/li>\n<li>diam\u00e8tre approx.: \u00d8 12 cm<\/li>\n<li>vitesse: 2100 rpm<\/li>\n<li>Niveau sonore: 36 dB<\/li>\n<li>Unit\u00e9s: 1 Unit\u00e9<\/li>\n<\/ul>","protected":false},"excerpt":{"rendered":"<p><span class=\"unit-info\">354.9900 &euro; \/ 1 unit<\/span><\/p>","protected":false},"featured_media":31524,"comment_status":"open","ping_status":"closed","template":"","meta":[],"product_brand":[857],"product_cat":[65,958,1280],"product_tag":[213,59,106],"class_list":{"0":"post-31553","1":"product","2":"type-product","3":"status-publish","4":"has-post-thumbnail","6":"product_brand-brandp_3072","7":"product_cat-informatique-electronique","8":"product_cat-informatique-ordinateurs","9":"product_cat-refroidisseurs-pour-portables","10":"product_tag-tag_933","11":"product_tag-tag_1304","12":"product_tag-tag_1295","14":"first","15":"instock","16":"taxable","17":"shipping-taxable","18":"purchasable","19":"product-type-simple"},"_links":{"self":[{"href":"https:\/\/bigbuy.tupique.com\/en\/wp-json\/wp\/v2\/product\/31553","targetHints":{"allow":["GET"]}}],"collection":[{"href":"https:\/\/bigbuy.tupique.com\/en\/wp-json\/wp\/v2\/product"}],"about":[{"href":"https:\/\/bigbuy.tupique.com\/en\/wp-json\/wp\/v2\/types\/product"}],"replies":[{"embeddable":true,"href":"https:\/\/bigbuy.tupique.com\/en\/wp-json\/wp\/v2\/comments?post=31553"}],"wp:featuredmedia":[{"embeddable":true,"href":"https:\/\/bigbuy.tupique.com\/en\/wp-json\/wp\/v2\/media\/31524"}],"wp:attachment":[{"href":"https:\/\/bigbuy.tupique.com\/en\/wp-json\/wp\/v2\/media?parent=31553"}],"wp:term":[{"taxonomy":"product_brand","embeddable":true,"href":"https:\/\/bigbuy.tupique.com\/en\/wp-json\/wp\/v2\/product_brand?post=31553"},{"taxonomy":"product_cat","embeddable":true,"href":"https:\/\/bigbuy.tupique.com\/en\/wp-json\/wp\/v2\/product_cat?post=31553"},{"taxonomy":"product_tag","embeddable":true,"href":"https:\/\/bigbuy.tupique.com\/en\/wp-json\/wp\/v2\/product_tag?post=31553"}],"curies":[{"name":"wp","href":"https:\/\/api.w.org\/{rel}","templated":true}]}}