{"id":31436,"date":"2026-03-30T03:10:34","date_gmt":"2026-03-30T02:10:34","guid":{"rendered":"https:\/\/bigbuy.tupique.com\/produto\/motherboard-msi-3\/"},"modified":"2026-04-16T19:46:13","modified_gmt":"2026-04-16T18:46:13","slug":"motherboard-msi-3","status":"publish","type":"product","link":"https:\/\/bigbuy.tupique.com\/en\/produto\/motherboard-msi-3\/","title":{"rendered":"Carte M\u00e8re MSI"},"content":{"rendered":"<p>Si vous \u00eates \u00e0 la recherche de nouvelles tendances sur le march\u00e9, nous vous pr\u00e9sentons <b>Carte M\u00e8re MSI<\/b> !<\/p>\n<p>La <b>carte m\u00e8re MSI PRO Z890-A WIFI<\/b> est un composant essentiel pour la construction de PC haute performance, con\u00e7ue autour du robuste <b>chipset Intel Z890<\/b> qui garantit compatibilit\u00e9 et gestion efficace des ressources entre le processeur et les p\u00e9riph\u00e9riques. Son <b>socket LGA 1851<\/b> est compatible avec les derni\u00e8res g\u00e9n\u00e9rations de processeurs Intel, offrant aux utilisateurs la possibilit\u00e9 de monter des syst\u00e8mes puissants et \u00e9volutifs. Cette carte m\u00e8re pr\u00e9sente un <b>format ATX<\/b>, offrant un grand espace pour l\u2019installation des composants et une meilleure ventilation, id\u00e9ale pour des configurations avanc\u00e9es et extensibles. Parmi ses connexions, on trouve une sortie <b>HDMI<\/b> pour une connexion directe \u00e0 un moniteur ou t\u00e9l\u00e9viseur, ainsi qu\u2019un port <b>Ethernet LAN<\/b> assurant une connexion r\u00e9seau stable et rapide, indispensable pour le gaming en ligne ou le travail en r\u00e9seau. Elle int\u00e8gre \u00e9galement des technologies de connectivit\u00e9 sans fil telles que <b>Bluetooth et Wi-Fi<\/b>, offrant flexibilit\u00e9 et libert\u00e9 des c\u00e2bles, facilitant la connexion des p\u00e9riph\u00e9riques et l\u2019acc\u00e8s \u00e0 Internet. Sa finition en <b>noir<\/b> apporte une esth\u00e9tique sobre et professionnelle qui s\u2019harmonise avec tout bo\u00eetier PC. La combinaison de ces caract\u00e9ristiques fait de la MSI PRO Z890-A WIFI une option fiable pour ceux qui recherchent une carte m\u00e8re capable de supporter des configurations modernes avec une bonne capacit\u00e9 d\u2019extension et une connectivit\u00e9 avanc\u00e9e. Ce mod\u00e8le convient aux utilisateurs exigeant stabilit\u00e9, compatibilit\u00e9 avec du mat\u00e9riel r\u00e9cent et un ensemble complet de fonctionnalit\u00e9s de connectivit\u00e9 pour des environnements de travail ou de loisirs num\u00e9riques.<\/p>\n<ul>\n<li>Type:\n<ul>\n<li>Carte M\u00e8re<\/li>\n<li>PCI Express 3.0<\/li>\n<li>ATX<\/li>\n<\/ul>\n<\/li>\n<li>Socket: LGA 1851<\/li>\n<li>Connectivit\u00e9:\n<ul>\n<li>WI-FI 7<\/li>\n<li>Bluetooth 5.4<\/li>\n<li>5 Gigabit Ethernet<\/li>\n<li>Bluetooth<\/li>\n<li>Wi-Fi<\/li>\n<\/ul>\n<\/li>\n<li>Connexions:\n<ul>\n<li>USB 3.2 x 2<\/li>\n<li>DIMM x 4<\/li>\n<li>Thunderbolt x 1<\/li>\n<li>HDMI x 1<\/li>\n<li>Ethernet LAN<\/li>\n<li>SATA x 4<\/li>\n<li>HDMI 2.1 x 1<\/li>\n<li>USB-C 3.2 x 1<\/li>\n<li>DIMM<\/li>\n<li>4 x USB 3.2 Gen 1 (3.1 Gen 1)<\/li>\n<li>DisplayPort x 1<\/li>\n<li>USB 3.2 x 1<\/li>\n<li>RJ45 x 1<\/li>\n<\/ul>\n<\/li>\n<li>Chipset: Intel Z890<\/li>\n<li>M\u00e9moire RAM maximale: 256 GB<\/li>\n<li>Long: 30,5 cm<\/li>\n<li>Couleur: Noir<\/li>\n<li>Facteur de forme: ATX<\/li>\n<li>Nombre d&#8217;emplacements m\u00e9moire: 4<\/li>\n<li>Haut-parleurs: 7.1<\/li>\n<li>Compatible:\n<ul>\n<li>HDD\/SSD<\/li>\n<li>PC<\/li>\n<\/ul>\n<\/li>\n<li>Connecteurs: SATA x 4<\/li>\n<li>Son: Realtek ALC897<\/li>\n<li>M\u00e9moire interne: 256 GB<\/li>\n<li>Type de m\u00e9moire: DDR5<\/li>\n<li>Famille de processeurs: Intel<\/li>\n<\/ul>","protected":false},"excerpt":{"rendered":"<p>Si vous \u00eates \u00e0 la recherche de nouvelles tendances sur le march\u00e9, nous vous pr\u00e9sentons Carte M\u00e8re MSI ! La carte m\u00e8re MSI PRO Z890-A WIFI est un composant essentiel pour la construction de PC haute performance, con\u00e7ue autour du robuste chipset Intel Z890 qui garantit compatibilit\u00e9 et gestion efficace des ressources entre le processeur [&hellip;]<\/p>\n","protected":false},"featured_media":31408,"comment_status":"open","ping_status":"closed","template":"","meta":[],"product_brand":[975],"product_cat":[736,65,584],"product_tag":[59,106],"class_list":{"0":"post-31436","1":"product","2":"type-product","3":"status-publish","4":"has-post-thumbnail","6":"product_brand-brandp_565","7":"product_cat-cartes-meres","8":"product_cat-informatique-electronique","9":"product_cat-informatique-reseaux-et-composants","10":"product_tag-tag_1304","11":"product_tag-tag_1295","13":"first","14":"instock","15":"taxable","16":"shipping-taxable","17":"purchasable","18":"product-type-simple"},"_links":{"self":[{"href":"https:\/\/bigbuy.tupique.com\/en\/wp-json\/wp\/v2\/product\/31436","targetHints":{"allow":["GET"]}}],"collection":[{"href":"https:\/\/bigbuy.tupique.com\/en\/wp-json\/wp\/v2\/product"}],"about":[{"href":"https:\/\/bigbuy.tupique.com\/en\/wp-json\/wp\/v2\/types\/product"}],"replies":[{"embeddable":true,"href":"https:\/\/bigbuy.tupique.com\/en\/wp-json\/wp\/v2\/comments?post=31436"}],"wp:featuredmedia":[{"embeddable":true,"href":"https:\/\/bigbuy.tupique.com\/en\/wp-json\/wp\/v2\/media\/31408"}],"wp:attachment":[{"href":"https:\/\/bigbuy.tupique.com\/en\/wp-json\/wp\/v2\/media?parent=31436"}],"wp:term":[{"taxonomy":"product_brand","embeddable":true,"href":"https:\/\/bigbuy.tupique.com\/en\/wp-json\/wp\/v2\/product_brand?post=31436"},{"taxonomy":"product_cat","embeddable":true,"href":"https:\/\/bigbuy.tupique.com\/en\/wp-json\/wp\/v2\/product_cat?post=31436"},{"taxonomy":"product_tag","embeddable":true,"href":"https:\/\/bigbuy.tupique.com\/en\/wp-json\/wp\/v2\/product_tag?post=31436"}],"curies":[{"name":"wp","href":"https:\/\/api.w.org\/{rel}","templated":true}]}}