{"id":31395,"date":"2026-03-30T03:09:17","date_gmt":"2026-03-30T02:09:17","guid":{"rendered":"https:\/\/bigbuy.tupique.com\/produto\/motherboard-gigabyte-lga-1851-2\/"},"modified":"2026-04-16T18:10:48","modified_gmt":"2026-04-16T17:10:48","slug":"motherboard-gigabyte-lga-1851-2","status":"publish","type":"product","link":"https:\/\/bigbuy.tupique.com\/en\/produto\/motherboard-gigabyte-lga-1851-2\/","title":{"rendered":"Carte M\u00e8re Gigabyte LGA 1851"},"content":{"rendered":"<p>Si vous \u00eates \u00e0 la recherche de nouvelles tendances sur le march\u00e9, nous vous pr\u00e9sentons <b>Carte M\u00e8re Gigabyte LGA 1851<\/b> !<\/p>\n<p>La <b>Carte M\u00e8re Gigabyte Z890M AORUS ELITE WIFI7 ICE<\/b> est une <b>carte m\u00e8re<\/b> con\u00e7ue pour des syst\u00e8mes haute performance int\u00e9grant des processeurs Intel gr\u00e2ce \u00e0 son <b>chipset Intel Z890<\/b>, robuste et avanc\u00e9 pour supporter les derni\u00e8res technologies et assurer la stabilit\u00e9 lors d\u2019op\u00e9rations exigeantes. Cette carte dispose du <b>socket LGA 1851<\/b>, garantissant la compatibilit\u00e9 avec la gamme la plus r\u00e9cente de processeurs Intel, offrant des options de mise \u00e0 jour et d\u2019optimisation des performances. Elle pr\u00e9sente un design hybride en <b>format ATX et mATX<\/b>, s\u2019adaptant aussi bien aux configurations tour classiques qu\u2019aux espaces plus compacts, apportant flexibilit\u00e9 dans la construction ou l\u2019am\u00e9lioration du syst\u00e8me. Elle se distingue par sa connectivit\u00e9 avanc\u00e9e, incluant plusieurs options de <b>ports USB<\/b> pour connecter de nombreux p\u00e9riph\u00e9riques \u00e0 haute vitesse de transfert, ainsi qu\u2019un support int\u00e9gr\u00e9 pour le <b>Bluetooth<\/b> et le <b>Wi-Fi<\/b>, facilitant des connexions sans fil stables et rapides sans composants additionnels. Elle est destin\u00e9e aux syst\u00e8mes bas\u00e9s sur <b>Windows<\/b>, garantissant compatibilit\u00e9 et optimisation avec les logiciels les plus utilis\u00e9s \u00e0 domicile comme en professionnel. Sa finition blanche apporte une touche esth\u00e9tique moderne et \u00e9pur\u00e9e, adapt\u00e9e aux designs visibles ou setups personnalis\u00e9s. En r\u00e9sum\u00e9, cette carte m\u00e8re Gigabyte combine un chipset moderne, le support du socket le plus r\u00e9cent, un format polyvalent et une connectivit\u00e9 compl\u00e8te, constituant une solution adapt\u00e9e pour ceux qui souhaitent construire ou mettre \u00e0 jour un PC alliant puissance, fonctionnalit\u00e9 et adaptabilit\u00e9.<\/p>\n<ul>\n<li>Type:\n<ul>\n<li>Carte M\u00e8re<\/li>\n<li>ATX<\/li>\n<li>UEFI<\/li>\n<\/ul>\n<\/li>\n<li>Connexions:\n<ul>\n<li>USB<\/li>\n<li>DIMM x 4<\/li>\n<li>HDMI x 1<\/li>\n<li>DisplayPort x 2<\/li>\n<li>2 x USB 2.0<\/li>\n<li>Microphone<\/li>\n<li>USB 2.0 x 4<\/li>\n<li>Ethernet LAN<\/li>\n<li>SATA x 4<\/li>\n<li>M.2 x 3<\/li>\n<li>DIMM<\/li>\n<li>4 x USB 3.2 Gen 1 (3.1 Gen 1)<\/li>\n<li>2 x USB 3.2 Gen 2 (3.1 Gen 2)<\/li>\n<li>PCI Express x16 2.0<\/li>\n<li>USB 3.2 x 1<\/li>\n<li>RJ45 x 1<\/li>\n<\/ul>\n<\/li>\n<li>Facteur de forme:\n<ul>\n<li>mATX<\/li>\n<li>ATX<\/li>\n<\/ul>\n<\/li>\n<li>Connectivit\u00e9:\n<ul>\n<li>WI-FI 7<\/li>\n<li>Bluetooth<\/li>\n<li>Wi-Fi<\/li>\n<\/ul>\n<\/li>\n<li>Chipset: Intel Z890<\/li>\n<li>Couleur: Blanc<\/li>\n<li>Plate-forme: Windows<\/li>\n<li>Interface:\n<ul>\n<li>Gigabit Ethernet<\/li>\n<li>DirectX 12.0<\/li>\n<\/ul>\n<\/li>\n<li>Batterie: CR2032<\/li>\n<li>M\u00e9moire: 256 MB<\/li>\n<li>Nombre d&#8217;emplacements m\u00e9moire: 4<\/li>\n<li>Piles incluses: Oui<\/li>\n<li>Haut-parleurs: 7.1<\/li>\n<li>Compatible:\n<ul>\n<li>HDD\/SSD<\/li>\n<li>PC<\/li>\n<\/ul>\n<\/li>\n<li>Connecteurs: SATA x 4<\/li>\n<li>Type de m\u00e9moire: DDR5<\/li>\n<li>Famille de processeurs:\n<ul>\n<li>Intel Core i7<\/li>\n<li>Intel<\/li>\n<\/ul>\n<\/li>\n<li>Socket: LGA 1851<\/li>\n<\/ul>","protected":false},"excerpt":{"rendered":"<p>Si vous \u00eates \u00e0 la recherche de nouvelles tendances sur le march\u00e9, nous vous pr\u00e9sentons Carte M\u00e8re Gigabyte LGA 1851 ! La Carte M\u00e8re Gigabyte Z890M AORUS ELITE WIFI7 ICE est une carte m\u00e8re con\u00e7ue pour des syst\u00e8mes haute performance int\u00e9grant des processeurs Intel gr\u00e2ce \u00e0 son chipset Intel Z890, robuste et avanc\u00e9 pour supporter [&hellip;]<\/p>\n","protected":false},"featured_media":31376,"comment_status":"open","ping_status":"closed","template":"","meta":[],"product_brand":[1147],"product_cat":[736,65,584],"product_tag":[59,106],"class_list":{"0":"post-31395","1":"product","2":"type-product","3":"status-publish","4":"has-post-thumbnail","6":"product_brand-brandp_550","7":"product_cat-cartes-meres","8":"product_cat-informatique-electronique","9":"product_cat-informatique-reseaux-et-composants","10":"product_tag-tag_1304","11":"product_tag-tag_1295","13":"first","14":"instock","15":"taxable","16":"shipping-taxable","17":"purchasable","18":"product-type-simple"},"_links":{"self":[{"href":"https:\/\/bigbuy.tupique.com\/en\/wp-json\/wp\/v2\/product\/31395","targetHints":{"allow":["GET"]}}],"collection":[{"href":"https:\/\/bigbuy.tupique.com\/en\/wp-json\/wp\/v2\/product"}],"about":[{"href":"https:\/\/bigbuy.tupique.com\/en\/wp-json\/wp\/v2\/types\/product"}],"replies":[{"embeddable":true,"href":"https:\/\/bigbuy.tupique.com\/en\/wp-json\/wp\/v2\/comments?post=31395"}],"wp:featuredmedia":[{"embeddable":true,"href":"https:\/\/bigbuy.tupique.com\/en\/wp-json\/wp\/v2\/media\/31376"}],"wp:attachment":[{"href":"https:\/\/bigbuy.tupique.com\/en\/wp-json\/wp\/v2\/media?parent=31395"}],"wp:term":[{"taxonomy":"product_brand","embeddable":true,"href":"https:\/\/bigbuy.tupique.com\/en\/wp-json\/wp\/v2\/product_brand?post=31395"},{"taxonomy":"product_cat","embeddable":true,"href":"https:\/\/bigbuy.tupique.com\/en\/wp-json\/wp\/v2\/product_cat?post=31395"},{"taxonomy":"product_tag","embeddable":true,"href":"https:\/\/bigbuy.tupique.com\/en\/wp-json\/wp\/v2\/product_tag?post=31395"}],"curies":[{"name":"wp","href":"https:\/\/api.w.org\/{rel}","templated":true}]}}