{"id":31344,"date":"2026-03-30T03:07:46","date_gmt":"2026-03-30T02:07:46","guid":{"rendered":"https:\/\/bigbuy.tupique.com\/produto\/scanner-iris-464415\/"},"modified":"2026-05-11T19:59:57","modified_gmt":"2026-05-11T17:59:57","slug":"scanner-iris-464415","status":"publish","type":"product","link":"https:\/\/bigbuy.tupique.com\/en\/produto\/scanner-iris-464415\/","title":{"rendered":"Scanner Iris 464415"},"content":{"rendered":"<p>Si vous \u00eates \u00e0 la recherche de nouvelles tendances sur le march\u00e9, nous vous pr\u00e9sentons <b>Scanner Iris 464415<\/b> !<\/p>\n<p>Le <b>IRIScan Desk 7 Pro<\/b> d\u2019Iris est un <b>scanner<\/b> haute performance con\u00e7u pour num\u00e9riser documents et livres avec une qualit\u00e9 exceptionnelle. \u00c9quip\u00e9 d\u2019un capteur <b>CMOS de 18 m\u00e9gapixels<\/b> et d\u2019une <b>r\u00e9solution optique de 4912 x 3680 DPI<\/b>, il offre des images extr\u00eamement nettes, id\u00e9ales pour les utilisateurs exigeant pr\u00e9cision, en usage professionnel ou domestique. Son design compact \u00e0 <b>bras court<\/b> facilite la num\u00e9risation sous plusieurs angles tout en \u00e9conomisant de l\u2019espace sur le bureau, s\u2019adaptant parfaitement aux espaces restreints. Il int\u00e8gre une <b>source lumineuse LED antireflet<\/b> qui r\u00e9duit les reflets sur surfaces satin\u00e9es, assurant une illumination uniforme et facilitant le travail en faible luminosit\u00e9. De plus, il dispose de technologies avanc\u00e9es pour une couverture totale de la lumi\u00e8re et la correction des images courb\u00e9es, permettant de num\u00e9riser efficacement documents reli\u00e9s ou formats irr\u00e9guliers sans distorsion. Il supporte une taille maximale de num\u00e9risation jusqu\u2019\u00e0 <b>420 x 297 mm (ISO A3)<\/b> et une largeur maximale de <b>44 cm<\/b>, \u00e9largissant les possibilit\u00e9s aux documents grands et livres \u00e9pais. C\u00f4t\u00e9 connectivit\u00e9, il est compatible avec <b>USB, USB-C et USB 2.0<\/b>, garantissant une connexion simple et rapide aux appareils macOS, avec prise en charge du standard <b>TWAIN<\/b>. Son logiciel propose une interface intuitive avec options avanc\u00e9es pour enregistrer les images en JPEG, PNG, BMP ou TIF, ainsi que la conversion automatique OCR pour cr\u00e9er des PDF consultables ou des documents \u00e9ditables Word, Excel et texte. Parmi ses fonctions suppl\u00e9mentaires figurent la reconnaissance de codes-barres, la num\u00e9risation vers e-mail, la photocopie et l\u2019enregistrement vid\u00e9o. Notons que l\u2019IRIScan Desk 7 Pro fonctionne aussi comme cam\u00e9ra UVC, capturant des vid\u00e9os Full HD \u00e0 30 fps, permettant son usage sur Zoom, Microsoft Teams et Google Meet pour des d\u00e9monstrations en direct. En r\u00e9sum\u00e9, l\u2019IRIScan Desk 7 Pro est un appareil polyvalent et technologiquement avanc\u00e9 qui simplifie et am\u00e9liore la num\u00e9risation professionnelle et domestique de documents et livres, alliant haute r\u00e9solution, fonctionnalit\u00e9s \u00e9tendues et grande facilit\u00e9 d\u2019utilisation.<\/p>\n<ul>\n<li>Type: Scanner<\/li>\n<li>Produit \u00e0 brancher: Oui<\/li>\n<li>Type de prise: Prise EU<\/li>\n<li>Bloc d\u2019Alimentation: r\u00e9seau \u00e9lectrique<\/li>\n<li>Couleur: Noir<\/li>\n<li>Connexions:\n<ul>\n<li>USB-C<\/li>\n<li>USB 2.0<\/li>\n<li>USB<\/li>\n<\/ul>\n<\/li>\n<li>Capteur: CMOS<\/li>\n<li>\u00c9cran integr\u00e9: Non<\/li>\n<li>Taille: A3<\/li>\n<li>Caract\u00e9ristiques: Guide d&#8217;installation inclus<\/li>\n<li>Compatible:\n<ul>\n<li>macOS<\/li>\n<li>TWAIN<\/li>\n<\/ul>\n<\/li>\n<li>Inclut: C\u00e2ble USB<\/li>\n<li>Non Inclus: Adaptateur AC<\/li>\n<\/ul>","protected":false},"excerpt":{"rendered":"<p>Si vous \u00eates \u00e0 la recherche de nouvelles tendances sur le march\u00e9, nous vous pr\u00e9sentons Scanner Iris 464415 ! Le IRIScan Desk 7 Pro d\u2019Iris est un scanner haute performance con\u00e7u pour num\u00e9riser documents et livres avec une qualit\u00e9 exceptionnelle. \u00c9quip\u00e9 d\u2019un capteur CMOS de 18 m\u00e9gapixels et d\u2019une r\u00e9solution optique de 4912 x 3680 [&hellip;]<\/p>\n","protected":false},"featured_media":31343,"comment_status":"open","ping_status":"closed","template":"","meta":[],"product_brand":[665],"product_cat":[65,581,587],"product_tag":[213,106],"class_list":{"0":"post-31344","1":"product","2":"type-product","3":"status-publish","4":"has-post-thumbnail","6":"product_brand-brandp_1713","7":"product_cat-informatique-electronique","8":"product_cat-informatique-peripheriques-et-consommables","9":"product_cat-scanners","10":"product_tag-tag_933","11":"product_tag-tag_1295","13":"first","14":"instock","15":"taxable","16":"shipping-taxable","17":"purchasable","18":"product-type-simple"},"_links":{"self":[{"href":"https:\/\/bigbuy.tupique.com\/en\/wp-json\/wp\/v2\/product\/31344","targetHints":{"allow":["GET"]}}],"collection":[{"href":"https:\/\/bigbuy.tupique.com\/en\/wp-json\/wp\/v2\/product"}],"about":[{"href":"https:\/\/bigbuy.tupique.com\/en\/wp-json\/wp\/v2\/types\/product"}],"replies":[{"embeddable":true,"href":"https:\/\/bigbuy.tupique.com\/en\/wp-json\/wp\/v2\/comments?post=31344"}],"wp:featuredmedia":[{"embeddable":true,"href":"https:\/\/bigbuy.tupique.com\/en\/wp-json\/wp\/v2\/media\/31343"}],"wp:attachment":[{"href":"https:\/\/bigbuy.tupique.com\/en\/wp-json\/wp\/v2\/media?parent=31344"}],"wp:term":[{"taxonomy":"product_brand","embeddable":true,"href":"https:\/\/bigbuy.tupique.com\/en\/wp-json\/wp\/v2\/product_brand?post=31344"},{"taxonomy":"product_cat","embeddable":true,"href":"https:\/\/bigbuy.tupique.com\/en\/wp-json\/wp\/v2\/product_cat?post=31344"},{"taxonomy":"product_tag","embeddable":true,"href":"https:\/\/bigbuy.tupique.com\/en\/wp-json\/wp\/v2\/product_tag?post=31344"}],"curies":[{"name":"wp","href":"https:\/\/api.w.org\/{rel}","templated":true}]}}