{"id":31272,"date":"2026-03-30T03:05:48","date_gmt":"2026-03-30T02:05:48","guid":{"rendered":"https:\/\/bigbuy.tupique.com\/produto\/shower-column-grohe-black-25-cm\/"},"modified":"2026-05-11T20:01:42","modified_gmt":"2026-05-11T18:01:42","slug":"shower-column-grohe-black-25-cm","status":"publish","type":"product","link":"https:\/\/bigbuy.tupique.com\/en\/produto\/shower-column-grohe-black-25-cm\/","title":{"rendered":"Colonne de douche Grohe Noir 25 cm"},"content":{"rendered":"<p>Si vous aimez prendre soin de chaque d\u00e9tail de votre maison et d&#8217;\u00eatre \u00e0 la derni\u00e8re mode en mati\u00e8re de produits qui vous rendront la vie plus facile, achetez <b>Colonne de douche Grohe Noir 25 cm<\/b> au meilleur prix.<\/p>\n<p>La <b>colonne de douche<\/b> Grohe en couleur <b>noir<\/b> allie fonctionnalit\u00e9 et design contemporain, id\u00e9ale pour les installations encastr\u00e9es souhaitant un rendu \u00e9l\u00e9gant et discret. Ce kit comprend un mitigeur thermostatique qui maintient la temp\u00e9rature de l\u2019eau constante, am\u00e9liorant s\u00e9curit\u00e9 et confort en \u00e9vitant les variations brusques. Il dispose de <b>deux jets<\/b> aux fonctions diff\u00e9rentes et d\u2019une t\u00eate de douche principale offrant une couverture optimale pour une exp\u00e9rience compl\u00e8te. La structure int\u00e8gre une barre de <b>25 cm de longueur<\/b>, facilitant le r\u00e9glage et le positionnement du pommeau selon les besoins. La finition noire apporte une esth\u00e9tique moderne et une int\u00e9gration facile avec divers styles de salle de bains, tout en \u00e9tant r\u00e9sistante \u00e0 la corrosion et \u00e0 l\u2019humidit\u00e9. Le design encastr\u00e9 optimise l\u2019espace dans la zone de douche, combinant confort et installation \u00e9pur\u00e9e. Fabriqu\u00e9 par Grohe, marque reconnue pour la qualit\u00e9 et l\u2019innovation en robinetterie et solutions de salle de bains, ce kit garantit durabilit\u00e9 et performance constante. En r\u00e9sum\u00e9, c\u2019est une option technique solide pour qui cherche une colonne de douche avec mitigeur thermostatique, design soign\u00e9 et contr\u00f4le polyvalent de l\u2019eau.<\/p>\n<ul>\n<li>Couleur: Noir<\/li>\n<li>diam\u00e8tre approx.: 25 cm<\/li>\n<\/ul>","protected":false},"excerpt":{"rendered":"<p>Si vous aimez prendre soin de chaque d\u00e9tail de votre maison et d&#8217;\u00eatre \u00e0 la derni\u00e8re mode en mati\u00e8re de produits qui vous rendront la vie plus facile, achetez Colonne de douche Grohe Noir 25 cm au meilleur prix. La colonne de douche Grohe en couleur noir allie fonctionnalit\u00e9 et design contemporain, id\u00e9ale pour les [&hellip;]<\/p>\n","protected":false},"featured_media":31269,"comment_status":"open","ping_status":"closed","template":"","meta":[],"product_brand":[848],"product_cat":[781,239,780],"product_tag":[59,210],"class_list":{"0":"post-31272","1":"product","2":"type-product","3":"status-publish","4":"has-post-thumbnail","6":"product_brand-brandp_3107","7":"product_cat-accessoires-et-robinets","8":"product_cat-maison-jardin","9":"product_cat-salle-de-bain","10":"product_tag-tag_1304","11":"product_tag-tag_25","13":"first","14":"instock","15":"taxable","16":"shipping-taxable","17":"purchasable","18":"product-type-simple"},"_links":{"self":[{"href":"https:\/\/bigbuy.tupique.com\/en\/wp-json\/wp\/v2\/product\/31272","targetHints":{"allow":["GET"]}}],"collection":[{"href":"https:\/\/bigbuy.tupique.com\/en\/wp-json\/wp\/v2\/product"}],"about":[{"href":"https:\/\/bigbuy.tupique.com\/en\/wp-json\/wp\/v2\/types\/product"}],"replies":[{"embeddable":true,"href":"https:\/\/bigbuy.tupique.com\/en\/wp-json\/wp\/v2\/comments?post=31272"}],"wp:featuredmedia":[{"embeddable":true,"href":"https:\/\/bigbuy.tupique.com\/en\/wp-json\/wp\/v2\/media\/31269"}],"wp:attachment":[{"href":"https:\/\/bigbuy.tupique.com\/en\/wp-json\/wp\/v2\/media?parent=31272"}],"wp:term":[{"taxonomy":"product_brand","embeddable":true,"href":"https:\/\/bigbuy.tupique.com\/en\/wp-json\/wp\/v2\/product_brand?post=31272"},{"taxonomy":"product_cat","embeddable":true,"href":"https:\/\/bigbuy.tupique.com\/en\/wp-json\/wp\/v2\/product_cat?post=31272"},{"taxonomy":"product_tag","embeddable":true,"href":"https:\/\/bigbuy.tupique.com\/en\/wp-json\/wp\/v2\/product_tag?post=31272"}],"curies":[{"name":"wp","href":"https:\/\/api.w.org\/{rel}","templated":true}]}}