{"id":31079,"date":"2026-03-30T02:51:53","date_gmt":"2026-03-30T01:51:53","guid":{"rendered":"https:\/\/bigbuy.tupique.com\/produto\/motherboard-gigabyte-amd-amd-b650-amd-am5\/"},"modified":"2026-04-16T18:10:50","modified_gmt":"2026-04-16T17:10:50","slug":"motherboard-gigabyte-amd-amd-b650-amd-am5","status":"publish","type":"product","link":"https:\/\/bigbuy.tupique.com\/en\/produto\/motherboard-gigabyte-amd-amd-b650-amd-am5\/","title":{"rendered":"Carte M\u00e8re Gigabyte AMD AMD B650 AMD AM5"},"content":{"rendered":"<p>Si vous \u00eates \u00e0 la recherche de nouvelles tendances sur le march\u00e9, nous vous pr\u00e9sentons <b>Carte M\u00e8re Gigabyte AMD AMD B650 AMD AM5<\/b> !<\/p>\n<ul>\n<li>Type:\n<ul>\n<li>Carte M\u00e8re<\/li>\n<li>ATX<\/li>\n<li>UEFI<\/li>\n<\/ul>\n<\/li>\n<li>USB 2.0: 2<\/li>\n<li>Bloc d\u2019Alimentation: ATX<\/li>\n<li>Chipset:\n<ul>\n<li>AMD AM5<\/li>\n<li>AMD<\/li>\n<li>AMD B650<\/li>\n<\/ul>\n<\/li>\n<li>Couleur: Noir<\/li>\n<li>Mod\u00e8le: Serie 1<\/li>\n<li>Connectivit\u00e9:\n<ul>\n<li>Bluetooth<\/li>\n<li>Wi-Fi<\/li>\n<li>Bluetooth 5.2<\/li>\n<li>Wi-Fi 6 GHz<\/li>\n<\/ul>\n<\/li>\n<li>Facteur de forme: ATX<\/li>\n<li>Interface:\n<ul>\n<li>Gigabit Ethernet<\/li>\n<li>DirectX 12.0<\/li>\n<\/ul>\n<\/li>\n<li>Batterie: CR2032<\/li>\n<li>M\u00e9moire: 256 MB<\/li>\n<li>Nombre d&#8217;emplacements m\u00e9moire: 4<\/li>\n<li>Piles incluses: Oui<\/li>\n<li>Haut-parleurs: 7.1<\/li>\n<li>Connexions:\n<ul>\n<li>HDMI x 1<\/li>\n<li>DisplayPort x 2<\/li>\n<li>2 x USB 2.0<\/li>\n<li>Microphone<\/li>\n<li>Ethernet LAN<\/li>\n<li>SATA x 4<\/li>\n<li>PS\/2 x 1<\/li>\n<li>Jack 3.5 mm x 3<\/li>\n<li>M.2 x 3<\/li>\n<li>HDMI 2.1 x 1<\/li>\n<li>USB-C 3.2 x 1<\/li>\n<li>DIMM<\/li>\n<li>4 x USB 3.2 Gen 1 (3.1 Gen 1)<\/li>\n<li>USB-A &#8211; USB-C<\/li>\n<li>RJ45 x 1<\/li>\n<\/ul>\n<\/li>\n<li>Compatible:\n<ul>\n<li>HDD\/SSD<\/li>\n<li>PC<\/li>\n<\/ul>\n<\/li>\n<li>Connecteurs: SATA x 4<\/li>\n<li>Largeur: 30,5 cm<\/li>\n<li>Inclut: SATA<\/li>\n<li>M\u00e9moire interne: 128 GB<\/li>\n<li>Socket: AMD AM5<\/li>\n<li>Type de m\u00e9moire: DDR5<\/li>\n<li>Famille de processeurs: AMD<\/li>\n<li>R\u00e9solution (px): 4096 x 2160 px<\/li>\n<li>\u00c9crans support\u00e9s: x 3<\/li>\n<\/ul>","protected":false},"excerpt":{"rendered":"<p>Si vous \u00eates \u00e0 la recherche de nouvelles tendances sur le march\u00e9, nous vous pr\u00e9sentons Carte M\u00e8re Gigabyte AMD AMD B650 AMD AM5 ! Type: Carte M\u00e8re ATX UEFI USB 2.0: 2 Bloc d\u2019Alimentation: ATX Chipset: AMD AM5 AMD AMD B650 Couleur: Noir Mod\u00e8le: Serie 1 Connectivit\u00e9: Bluetooth Wi-Fi Bluetooth 5.2 Wi-Fi 6 GHz Facteur [&hellip;]<\/p>\n","protected":false},"featured_media":31063,"comment_status":"open","ping_status":"closed","template":"","meta":[],"product_brand":[1147],"product_cat":[736,65,584],"product_tag":[59,106],"class_list":{"0":"post-31079","1":"product","2":"type-product","3":"status-publish","4":"has-post-thumbnail","6":"product_brand-brandp_550","7":"product_cat-cartes-meres","8":"product_cat-informatique-electronique","9":"product_cat-informatique-reseaux-et-composants","10":"product_tag-tag_1304","11":"product_tag-tag_1295","13":"first","14":"instock","15":"taxable","16":"shipping-taxable","17":"purchasable","18":"product-type-simple"},"_links":{"self":[{"href":"https:\/\/bigbuy.tupique.com\/en\/wp-json\/wp\/v2\/product\/31079","targetHints":{"allow":["GET"]}}],"collection":[{"href":"https:\/\/bigbuy.tupique.com\/en\/wp-json\/wp\/v2\/product"}],"about":[{"href":"https:\/\/bigbuy.tupique.com\/en\/wp-json\/wp\/v2\/types\/product"}],"replies":[{"embeddable":true,"href":"https:\/\/bigbuy.tupique.com\/en\/wp-json\/wp\/v2\/comments?post=31079"}],"wp:featuredmedia":[{"embeddable":true,"href":"https:\/\/bigbuy.tupique.com\/en\/wp-json\/wp\/v2\/media\/31063"}],"wp:attachment":[{"href":"https:\/\/bigbuy.tupique.com\/en\/wp-json\/wp\/v2\/media?parent=31079"}],"wp:term":[{"taxonomy":"product_brand","embeddable":true,"href":"https:\/\/bigbuy.tupique.com\/en\/wp-json\/wp\/v2\/product_brand?post=31079"},{"taxonomy":"product_cat","embeddable":true,"href":"https:\/\/bigbuy.tupique.com\/en\/wp-json\/wp\/v2\/product_cat?post=31079"},{"taxonomy":"product_tag","embeddable":true,"href":"https:\/\/bigbuy.tupique.com\/en\/wp-json\/wp\/v2\/product_tag?post=31079"}],"curies":[{"name":"wp","href":"https:\/\/api.w.org\/{rel}","templated":true}]}}