{"id":30697,"date":"2026-03-30T02:33:47","date_gmt":"2026-03-30T01:33:47","guid":{"rendered":"https:\/\/bigbuy.tupique.com\/produto\/babys-pushchair-chicco-black\/"},"modified":"2026-04-16T16:56:23","modified_gmt":"2026-04-16T15:56:23","slug":"babys-pushchair-chicco-black","status":"publish","type":"product","link":"https:\/\/bigbuy.tupique.com\/en\/produto\/babys-pushchair-chicco-black\/","title":{"rendered":"Poussette pour b\u00e9b\u00e9 Chicco Noir"},"content":{"rendered":"<p>Si vous \u00eates \u00e0 la recherche de nouvelles tendances sur le march\u00e9, nous vous pr\u00e9sentons <b>Poussette pour b\u00e9b\u00e9 Chicco Noir<\/b> !<\/p>\n<p>Le <b>poussette pour b\u00e9b\u00e9<\/b> Chicco mod\u00e8le 06079885950000 est une option pratique et fonctionnelle con\u00e7ue pour un usage quotidien avec un maximum de confort et de s\u00e9curit\u00e9, id\u00e9ale pour b\u00e9b\u00e9s et tout-petits. Cette poussette se distingue par sa structure l\u00e9g\u00e8re en <b>plastique<\/b> r\u00e9sistant, garantissant durabilit\u00e9 et facilit\u00e9 de maniement lors des promenades. Elle est finie en <b>noir<\/b>, une teinte polyvalente et \u00e9l\u00e9gante qui s\u2019adapte \u00e0 tous styles et environnements. Elle dispose d\u2019un syst\u00e8me \u00e0 <b>quatre roues<\/b> offrant stabilit\u00e9 et maniabilit\u00e9, facilitant sa conduite aussi bien sur surfaces urbaines que terrains irr\u00e9guliers. Son design parapluie permet un pliage compact et simple, rendant le transport et le rangement ais\u00e9s, parfait pour les familles souhaitant optimiser l\u2019espace. De plus, la poussette est unisexe, adapt\u00e9e aux gar\u00e7ons comme aux filles, et a \u00e9t\u00e9 fabriqu\u00e9e vers l\u2019ann\u00e9e <b>2020<\/b>, refl\u00e9tant les tendances actuelles en praticit\u00e9 et fonctionnalit\u00e9 pour produits b\u00e9b\u00e9. Le ch\u00e2ssis et les mat\u00e9riaux utilis\u00e9s respectent des normes assurant une utilisation s\u00fbre pour l\u2019enfant, apportant confiance aux parents ou aux gardiens. Ce mod\u00e8le allie simplicit\u00e9, l\u00e9g\u00e8ret\u00e9 et robustesse, convenant parfaitement pour accompagner b\u00e9b\u00e9 lors de ses premi\u00e8res sorties quotidiennes en tout confort. En r\u00e9sum\u00e9, la poussette Chicco 06079885950000 se pr\u00e9sente comme une solution efficace et fiable pour ceux qui recherchent une poussette l\u00e9g\u00e8re, facile \u00e0 manier et \u00e0 ranger, adapt\u00e9e \u00e0 la mobilit\u00e9 quotidienne du b\u00e9b\u00e9.<\/p>\n<ul>\n<li>Caract\u00e9ristiques: 4 roues<\/li>\n<li>Couleur: Noir<\/li>\n<li>Mati\u00e8re: Plastique<\/li>\n<li>Ann\u00e9e: 2020<\/li>\n<li>Genre: Unisexe<\/li>\n<\/ul>","protected":false},"excerpt":{"rendered":"<p>Si vous \u00eates \u00e0 la recherche de nouvelles tendances sur le march\u00e9, nous vous pr\u00e9sentons Poussette pour b\u00e9b\u00e9 Chicco Noir ! Le poussette pour b\u00e9b\u00e9 Chicco mod\u00e8le 06079885950000 est une option pratique et fonctionnelle con\u00e7ue pour un usage quotidien avec un maximum de confort et de s\u00e9curit\u00e9, id\u00e9ale pour b\u00e9b\u00e9s et tout-petits. Cette poussette se [&hellip;]<\/p>\n","protected":false},"featured_media":30681,"comment_status":"open","ping_status":"closed","template":"","meta":[],"product_brand":[998],"product_cat":[750,251,157],"product_tag":[59],"class_list":{"0":"post-30697","1":"product","2":"type-product","3":"status-publish","4":"has-post-thumbnail","6":"product_brand-brandp_2092","7":"product_cat-balades-et-voyages","8":"product_cat-bebes-et-enfants","9":"product_cat-jouets-deguisements","10":"product_tag-tag_1304","12":"first","13":"instock","14":"taxable","15":"shipping-taxable","16":"purchasable","17":"product-type-simple"},"_links":{"self":[{"href":"https:\/\/bigbuy.tupique.com\/en\/wp-json\/wp\/v2\/product\/30697","targetHints":{"allow":["GET"]}}],"collection":[{"href":"https:\/\/bigbuy.tupique.com\/en\/wp-json\/wp\/v2\/product"}],"about":[{"href":"https:\/\/bigbuy.tupique.com\/en\/wp-json\/wp\/v2\/types\/product"}],"replies":[{"embeddable":true,"href":"https:\/\/bigbuy.tupique.com\/en\/wp-json\/wp\/v2\/comments?post=30697"}],"wp:featuredmedia":[{"embeddable":true,"href":"https:\/\/bigbuy.tupique.com\/en\/wp-json\/wp\/v2\/media\/30681"}],"wp:attachment":[{"href":"https:\/\/bigbuy.tupique.com\/en\/wp-json\/wp\/v2\/media?parent=30697"}],"wp:term":[{"taxonomy":"product_brand","embeddable":true,"href":"https:\/\/bigbuy.tupique.com\/en\/wp-json\/wp\/v2\/product_brand?post=30697"},{"taxonomy":"product_cat","embeddable":true,"href":"https:\/\/bigbuy.tupique.com\/en\/wp-json\/wp\/v2\/product_cat?post=30697"},{"taxonomy":"product_tag","embeddable":true,"href":"https:\/\/bigbuy.tupique.com\/en\/wp-json\/wp\/v2\/product_tag?post=30697"}],"curies":[{"name":"wp","href":"https:\/\/api.w.org\/{rel}","templated":true}]}}