{"id":30680,"date":"2026-03-30T02:33:16","date_gmt":"2026-03-30T01:33:16","guid":{"rendered":"https:\/\/bigbuy.tupique.com\/produto\/smart-tv-continental-edison-celed43svqld25b6-43-dled-uhd-4k\/"},"modified":"2026-04-16T16:56:23","modified_gmt":"2026-04-16T15:56:23","slug":"smart-tv-continental-edison-celed43svqld25b6-43-dled-uhd-4k","status":"publish","type":"product","link":"https:\/\/bigbuy.tupique.com\/en\/produto\/smart-tv-continental-edison-celed43svqld25b6-43-dled-uhd-4k\/","title":{"rendered":"TV intelligente Continental Edison CELED43SVQLD25B6 43&#8243; DLED UHD 4K"},"content":{"rendered":"<p>Si vous \u00eates passionn\u00e9 d&#8217;<b>informatique et d&#8217;\u00e9lectronique<\/b>, si vous \u00eates \u00e0 la pointe de la technologie et qu&#8217;aucun d\u00e9tail ne vous \u00e9chappe, achetez <b>TV intelligente Continental Edison CELED43SVQLD25B6 43&#8243; DLED UHD 4K<\/b> au meilleur prix.<\/p>\n<p>Le <b>t\u00e9l\u00e9viseur Smart TV Continental Edison CELED43SVQLD25B6<\/b> offre une exp\u00e9rience visuelle avanc\u00e9e gr\u00e2ce \u00e0 son <b>\u00e9cran QLED de 43 pouces<\/b> (109 cm) affichant des images en r\u00e9solution <b>UHD 4K de 3840&#215;2160 pixels<\/b>, garantissant une qualit\u00e9 de d\u00e9tail et de couleur sup\u00e9rieure, id\u00e9ale pour profiter de contenus en haute d\u00e9finition ainsi que de streaming et d\u2019applications intelligentes. Ce mod\u00e8le int\u00e8gre la technologie <b>SMART VIDAA<\/b>, facilitant l\u2019acc\u00e8s aux plateformes num\u00e9riques et applications interactives, \u00e9largissant les options de divertissement. Son design en couleur <b>noir<\/b> apporte une finition \u00e9l\u00e9gante et moderne qui s\u2019int\u00e8gre facilement dans tout espace. Il dispose d\u2019une connectivit\u00e9 compl\u00e8te incluant <b>3 ports HDMI<\/b> pour connecter des appareils externes comme consoles ou lecteurs multim\u00e9dias, et <b>2 ports USB<\/b> permettant de lire du contenu depuis des m\u00e9moires externes ou d\u2019enregistrer des programmes, augmentant la polyvalence d\u2019utilisation. Bien que sa <b>classe \u00e9nerg\u00e9tique F<\/b> indique une consommation plus \u00e9lev\u00e9e que d\u2019autres mod\u00e8les, cet appareil se positionne comme une option fonctionnelle et accessible dans la gamme des t\u00e9l\u00e9viseurs UHD QLED de taille moyenne, \u00e9quilibrant qualit\u00e9 visuelle et caract\u00e9ristiques pratiques. En r\u00e9sum\u00e9, le CELED43SVQLD25B6 est une solution adapt\u00e9e pour ceux qui recherchent une <b>Smart TV 43\u201d<\/b> avec r\u00e9solution 4K et une connectivit\u00e9 suffisante pour un usage domestique vari\u00e9.<\/p>\n<ul>\n<li>Ecran:\n<ul>\n<li>43&#8243;<\/li>\n<li>43\u201d<\/li>\n<\/ul>\n<\/li>\n<li>Couleur: Noir<\/li>\n<li>Classification \u00e9nerg\u00e9tique: F<\/li>\n<li>Syst\u00e8me d&#8217;exploitation: Vidaa<\/li>\n<li>Technologie:\n<ul>\n<li>DLED<\/li>\n<li>ULED<\/li>\n<li>Ultra HD 4K<\/li>\n<li>QLED<\/li>\n<\/ul>\n<\/li>\n<li>Caract\u00e9ristiques:\n<ul>\n<li>USB<\/li>\n<li>T\u00e9l\u00e9commande<\/li>\n<li>TV intelligente<\/li>\n<li>4K<\/li>\n<li>HDR<\/li>\n<li>Wi-Fi<\/li>\n<li>Montage mural<\/li>\n<li>Haut-parleurs int\u00e9gr\u00e9s<\/li>\n<\/ul>\n<\/li>\n<li>Connexions:\n<ul>\n<li>HDMI<\/li>\n<li>USB<\/li>\n<\/ul>\n<\/li>\n<li>Rapport d&#8217;aspect: 16:9<\/li>\n<li>Connectivit\u00e9:\n<ul>\n<li>Wi-Fi<\/li>\n<li>HDMI<\/li>\n<\/ul>\n<\/li>\n<li>Format: 16:9<\/li>\n<li>TV intelligente: Oui<\/li>\n<li>Compatible: VESA<\/li>\n<li>R\u00e9cepteur: DVB-C, DVB-T, DVB-T2<\/li>\n<li>R\u00e9solution: UHD 4K<\/li>\n<li>Montage: VESA<\/li>\n<li>R\u00e9solution (px): 3840 x 2160 px<\/li>\n<li>Diagonale de l&#8217;\u00e9cran (cm): 109,2 cm<\/li>\n<\/ul>","protected":false},"excerpt":{"rendered":"<p>Si vous \u00eates passionn\u00e9 d&#8217;informatique et d&#8217;\u00e9lectronique, si vous \u00eates \u00e0 la pointe de la technologie et qu&#8217;aucun d\u00e9tail ne vous \u00e9chappe, achetez TV intelligente Continental Edison CELED43SVQLD25B6 43&#8243; DLED UHD 4K au meilleur prix. Le t\u00e9l\u00e9viseur Smart TV Continental Edison CELED43SVQLD25B6 offre une exp\u00e9rience visuelle avanc\u00e9e gr\u00e2ce \u00e0 son \u00e9cran QLED de 43 pouces [&hellip;]<\/p>\n","protected":false},"featured_media":30674,"comment_status":"open","ping_status":"closed","template":"","meta":[],"product_brand":[464],"product_cat":[589,65,957],"product_tag":[59],"class_list":{"0":"post-30680","1":"product","2":"type-product","3":"status-publish","4":"has-post-thumbnail","6":"product_brand-brandp_5966","7":"product_cat-electronique-television","8":"product_cat-informatique-electronique","9":"product_cat-televisions-et-smart-tv","10":"product_tag-tag_1304","12":"first","13":"instock","14":"taxable","15":"shipping-taxable","16":"purchasable","17":"product-type-simple"},"_links":{"self":[{"href":"https:\/\/bigbuy.tupique.com\/en\/wp-json\/wp\/v2\/product\/30680","targetHints":{"allow":["GET"]}}],"collection":[{"href":"https:\/\/bigbuy.tupique.com\/en\/wp-json\/wp\/v2\/product"}],"about":[{"href":"https:\/\/bigbuy.tupique.com\/en\/wp-json\/wp\/v2\/types\/product"}],"replies":[{"embeddable":true,"href":"https:\/\/bigbuy.tupique.com\/en\/wp-json\/wp\/v2\/comments?post=30680"}],"wp:featuredmedia":[{"embeddable":true,"href":"https:\/\/bigbuy.tupique.com\/en\/wp-json\/wp\/v2\/media\/30674"}],"wp:attachment":[{"href":"https:\/\/bigbuy.tupique.com\/en\/wp-json\/wp\/v2\/media?parent=30680"}],"wp:term":[{"taxonomy":"product_brand","embeddable":true,"href":"https:\/\/bigbuy.tupique.com\/en\/wp-json\/wp\/v2\/product_brand?post=30680"},{"taxonomy":"product_cat","embeddable":true,"href":"https:\/\/bigbuy.tupique.com\/en\/wp-json\/wp\/v2\/product_cat?post=30680"},{"taxonomy":"product_tag","embeddable":true,"href":"https:\/\/bigbuy.tupique.com\/en\/wp-json\/wp\/v2\/product_tag?post=30680"}],"curies":[{"name":"wp","href":"https:\/\/api.w.org\/{rel}","templated":true}]}}