{"id":30620,"date":"2026-03-30T02:23:06","date_gmt":"2026-03-30T01:23:06","guid":{"rendered":"https:\/\/bigbuy.tupique.com\/produto\/robot-vacuum-cleaner-dreame-2\/"},"modified":"2026-04-16T15:22:06","modified_gmt":"2026-04-16T14:22:06","slug":"robot-vacuum-cleaner-dreame-2","status":"publish","type":"product","link":"https:\/\/bigbuy.tupique.com\/en\/produto\/robot-vacuum-cleaner-dreame-2\/","title":{"rendered":"Aspirateur robot Dreame"},"content":{"rendered":"<p>Si vous aimez prendre soin de chaque d\u00e9tail de votre maison et d&#8217;\u00eatre \u00e0 la derni\u00e8re mode en mati\u00e8re de produits qui vous rendront la vie plus facile, achetez <b>Aspirateur robot Dreame<\/b> au meilleur prix.<\/p>\n<p>Le <b>Dreame X50 MASTER<\/b> est un <b>robot aspirateur<\/b> con\u00e7u pour offrir un nettoyage efficace et pratique \u00e0 la maison. Ce mod\u00e8le pr\u00e9sente une finition \u00e9l\u00e9gante en <b>noir<\/b> et un design <b>rond<\/b> d\u2019un diam\u00e8tre d\u2019environ <b>35 cm<\/b>, des dimensions qui lui permettent de man\u0153uvrer ais\u00e9ment dans diff\u00e9rentes pi\u00e8ces et d\u2019acc\u00e9der aux zones difficiles. Sa connectivit\u00e9 <b>Wi-Fi<\/b> facilite le contr\u00f4le \u00e0 distance depuis des appareils mobiles, permettant de programmer et g\u00e9rer les t\u00e2ches de nettoyage o\u00f9 que vous soyez. \u00c9quip\u00e9 d\u2019une batterie rechargeable, il n\u00e9cessite un temps de charge d\u2019environ <b>4,5 heures<\/b>, garantissant un bon \u00e9quilibre entre autonomie et temps de recharge. Parmi ses caract\u00e9ristiques cl\u00e9s, sa facilit\u00e9 d\u2019entretien se distingue, ce qui simplifie le nettoyage et le soin du robot, prolongeant ainsi sa dur\u00e9e de vie. Le paquet inclut un <b>c\u00e2ble d\u2019alimentation<\/b> indispensable pour sa charge et son fonctionnement. La combinaison de ces \u00e9l\u00e9ments fait du Dreame X50 MASTER une solution pratique pour garder les sols propres avec un minimum d\u2019intervention manuelle. Son design, ses fonctionnalit\u00e9s et son autonomie en font une option solide pour les utilisateurs souhaitant automatiser et optimiser les t\u00e2ches de nettoyage quotidiennes.<\/p>\n<ul>\n<li>Couleur: Noir<\/li>\n<\/ul>","protected":false},"excerpt":{"rendered":"<p>Si vous aimez prendre soin de chaque d\u00e9tail de votre maison et d&#8217;\u00eatre \u00e0 la derni\u00e8re mode en mati\u00e8re de produits qui vous rendront la vie plus facile, achetez Aspirateur robot Dreame au meilleur prix. Le Dreame X50 MASTER est un robot aspirateur con\u00e7u pour offrir un nettoyage efficace et pratique \u00e0 la maison. Ce [&hellip;]<\/p>\n","protected":false},"featured_media":30613,"comment_status":"open","ping_status":"closed","template":"","meta":[],"product_brand":[860],"product_cat":[762,239,240],"product_tag":[59,56],"class_list":{"0":"post-30620","1":"product","2":"type-product","3":"status-publish","4":"has-post-thumbnail","6":"product_brand-brandp_4590","7":"product_cat-aspirateurs-et-robots","8":"product_cat-maison-jardin","9":"product_cat-nettoyage-aspirateur-et-repassage","10":"product_tag-tag_1304","11":"product_tag-tag_930","13":"first","14":"instock","15":"taxable","16":"shipping-taxable","17":"purchasable","18":"product-type-simple"},"_links":{"self":[{"href":"https:\/\/bigbuy.tupique.com\/en\/wp-json\/wp\/v2\/product\/30620","targetHints":{"allow":["GET"]}}],"collection":[{"href":"https:\/\/bigbuy.tupique.com\/en\/wp-json\/wp\/v2\/product"}],"about":[{"href":"https:\/\/bigbuy.tupique.com\/en\/wp-json\/wp\/v2\/types\/product"}],"replies":[{"embeddable":true,"href":"https:\/\/bigbuy.tupique.com\/en\/wp-json\/wp\/v2\/comments?post=30620"}],"wp:featuredmedia":[{"embeddable":true,"href":"https:\/\/bigbuy.tupique.com\/en\/wp-json\/wp\/v2\/media\/30613"}],"wp:attachment":[{"href":"https:\/\/bigbuy.tupique.com\/en\/wp-json\/wp\/v2\/media?parent=30620"}],"wp:term":[{"taxonomy":"product_brand","embeddable":true,"href":"https:\/\/bigbuy.tupique.com\/en\/wp-json\/wp\/v2\/product_brand?post=30620"},{"taxonomy":"product_cat","embeddable":true,"href":"https:\/\/bigbuy.tupique.com\/en\/wp-json\/wp\/v2\/product_cat?post=30620"},{"taxonomy":"product_tag","embeddable":true,"href":"https:\/\/bigbuy.tupique.com\/en\/wp-json\/wp\/v2\/product_tag?post=30620"}],"curies":[{"name":"wp","href":"https:\/\/api.w.org\/{rel}","templated":true}]}}