{"id":30526,"date":"2026-03-30T02:20:38","date_gmt":"2026-03-30T01:20:38","guid":{"rendered":"https:\/\/bigbuy.tupique.com\/produto\/atx-semi-tower-box-fractal-white\/"},"modified":"2026-05-11T20:01:46","modified_gmt":"2026-05-11T18:01:46","slug":"atx-semi-tower-box-fractal-white","status":"publish","type":"product","link":"https:\/\/bigbuy.tupique.com\/en\/produto\/atx-semi-tower-box-fractal-white\/","title":{"rendered":"Bo\u00eetier ATX semi-tour Fractal Blanc"},"content":{"rendered":"<p>Si vous \u00eates \u00e0 la recherche de nouvelles tendances sur le march\u00e9, nous vous pr\u00e9sentons <b>Bo\u00eetier ATX semi-tour Fractal Blanc<\/b> !<\/p>\n<p>Le <b>bo\u00eetier tour moyenne ATX Fractal Meshify 3 Ambience Pro RGB<\/b> en couleur <b>blanc<\/b> est con\u00e7u pour les utilisateurs recherchant un syst\u00e8me de <b>gaming<\/b> et PC avec une excellente capacit\u00e9 de refroidissement et une connectivit\u00e9 avanc\u00e9e. Ce bo\u00eetier, compatible avec les cartes m\u00e8res jusqu\u2019au format <b>E-ATX (277 mm)<\/b>, pr\u00e9sente une structure robuste en <b>m\u00e9tal<\/b> alliant durabilit\u00e9 et design moderne, tandis que sa fa\u00e7ade en mesh optimise le flux d\u2019air et am\u00e9liore la dissipation thermique sur des syst\u00e8mes puissants. Il est \u00e9quip\u00e9 de <b>trois ventilateurs<\/b> pr\u00e9install\u00e9s, dont des mod\u00e8les avec \u00e9clairage RGB offrant un effet visuel personnalisable et contribuant \u00e0 maintenir des temp\u00e9ratures optimales dans toutes configurations. Parmi ses connectiques, on trouve un port <b>USB Type-C 3.2<\/b> pour un transfert de donn\u00e9es \u00e0 haute vitesse jusqu\u2019\u00e0 20 Gbps, ainsi que des ports <b>USB-A 3.2<\/b> facilitant la connexion de p\u00e9riph\u00e9riques modernes et d\u2019appareils externes. L\u2019agencement int\u00e9rieur pr\u00e9voit le support pour disques durs de <b>2,5 pouces<\/b> et offre un espace organis\u00e9 facilitant l\u2019installation et la gestion des composants, avec un acc\u00e8s rapide via un <b>bouton d\u2019alimentation<\/b> accessible sur le panneau avant. En r\u00e9sum\u00e9, ce bo\u00eetier tour moyenne combine fonctionnalit\u00e9, compatibilit\u00e9 et style, constituant une solution adapt\u00e9e aussi bien aux configurations gaming hautes performances qu\u2019aux postes de travail. Sa finition blanche lui conf\u00e8re une pr\u00e9sence visuelle marqu\u00e9e sans sacrifier la polyvalence. En d\u00e9finitive, le Fractal Meshify 3 Ambience Pro RGB est un choix \u00e9quilibr\u00e9 offrant qualit\u00e9 de fabrication et caract\u00e9ristiques techniques avanc\u00e9es pour les utilisateurs exigeants.<\/p>\n<ul>\n<li>Type:\n<ul>\n<li>Bo\u00eetier ATX semi-tour<\/li>\n<li>Jeux<\/li>\n<li>PC<\/li>\n<\/ul>\n<\/li>\n<li>Couleur: Blanc<\/li>\n<li>Caract\u00e9ristiques:\n<ul>\n<li>Bouton marche\/arr\u00eat<\/li>\n<li>Organisateur de C\u00e2bles<\/li>\n<\/ul>\n<\/li>\n<li>Compatible: Disque dur 2,5&#8243;<\/li>\n<li>Illumination: Multicouleur<\/li>\n<li>Connexions:\n<ul>\n<li>USB-C 3.2 x 1<\/li>\n<li>USB-A 3.2<\/li>\n<li>C\u00e2ble jack 3,3 mm<\/li>\n<\/ul>\n<\/li>\n<li>Emplacements d&#8217;extension: 7<\/li>\n<li>Bloc d\u2019Alimentation: ATX<\/li>\n<li>Inclut: Manuel de l&#8217;utilisateur<\/li>\n<\/ul>","protected":false},"excerpt":{"rendered":"<p>Si vous \u00eates \u00e0 la recherche de nouvelles tendances sur le march\u00e9, nous vous pr\u00e9sentons Bo\u00eetier ATX semi-tour Fractal Blanc ! Le bo\u00eetier tour moyenne ATX Fractal Meshify 3 Ambience Pro RGB en couleur blanc est con\u00e7u pour les utilisateurs recherchant un syst\u00e8me de gaming et PC avec une excellente capacit\u00e9 de refroidissement et une [&hellip;]<\/p>\n","protected":false},"featured_media":30517,"comment_status":"open","ping_status":"closed","template":"","meta":[],"product_brand":[850],"product_cat":[615,65,584],"product_tag":[59,106],"class_list":{"0":"post-30526","1":"product","2":"type-product","3":"status-publish","4":"has-post-thumbnail","6":"product_brand-brandp_6143","7":"product_cat-boitiers-et-caisses","8":"product_cat-informatique-electronique","9":"product_cat-informatique-reseaux-et-composants","10":"product_tag-tag_1304","11":"product_tag-tag_1295","13":"first","14":"instock","15":"taxable","16":"shipping-taxable","17":"purchasable","18":"product-type-simple"},"_links":{"self":[{"href":"https:\/\/bigbuy.tupique.com\/en\/wp-json\/wp\/v2\/product\/30526","targetHints":{"allow":["GET"]}}],"collection":[{"href":"https:\/\/bigbuy.tupique.com\/en\/wp-json\/wp\/v2\/product"}],"about":[{"href":"https:\/\/bigbuy.tupique.com\/en\/wp-json\/wp\/v2\/types\/product"}],"replies":[{"embeddable":true,"href":"https:\/\/bigbuy.tupique.com\/en\/wp-json\/wp\/v2\/comments?post=30526"}],"wp:featuredmedia":[{"embeddable":true,"href":"https:\/\/bigbuy.tupique.com\/en\/wp-json\/wp\/v2\/media\/30517"}],"wp:attachment":[{"href":"https:\/\/bigbuy.tupique.com\/en\/wp-json\/wp\/v2\/media?parent=30526"}],"wp:term":[{"taxonomy":"product_brand","embeddable":true,"href":"https:\/\/bigbuy.tupique.com\/en\/wp-json\/wp\/v2\/product_brand?post=30526"},{"taxonomy":"product_cat","embeddable":true,"href":"https:\/\/bigbuy.tupique.com\/en\/wp-json\/wp\/v2\/product_cat?post=30526"},{"taxonomy":"product_tag","embeddable":true,"href":"https:\/\/bigbuy.tupique.com\/en\/wp-json\/wp\/v2\/product_tag?post=30526"}],"curies":[{"name":"wp","href":"https:\/\/api.w.org\/{rel}","templated":true}]}}