{"id":30516,"date":"2026-03-30T02:20:20","date_gmt":"2026-03-30T01:20:20","guid":{"rendered":"https:\/\/bigbuy.tupique.com\/produto\/car-chair-chicco-ece-r129-04-2\/"},"modified":"2026-05-11T20:01:45","modified_gmt":"2026-05-11T18:01:45","slug":"car-chair-chicco-ece-r129-04-2","status":"publish","type":"product","link":"https:\/\/bigbuy.tupique.com\/en\/produto\/car-chair-chicco-ece-r129-04-2\/","title":{"rendered":"Si\u00e8ge de Voiture Chicco ECE R129\/04"},"content":{"rendered":"<p>Si vous \u00eates \u00e0 la recherche de nouvelles tendances sur le march\u00e9, nous vous pr\u00e9sentons <b>Si\u00e8ge de Voiture Chicco ECE R129\/04<\/b> !<\/p>\n<p>Le <b>si\u00e8ge auto Chicco Unico Evo<\/b> est un syst\u00e8me de retenue enfant con\u00e7u pour accompagner l\u2019enfant de la naissance jusqu\u2019\u00e0 environ 12 ans, couvrant les groupes 0\/1\/2\/3 selon la norme I-Size, garantissant un haut niveau de s\u00e9curit\u00e9 et d\u2019adaptabilit\u00e9 tout au long de sa croissance. Ce si\u00e8ge se distingue par son <b>design inclinable<\/b>, permettant plusieurs positions pour offrir un confort optimal lors des trajets, favorisant une posture adapt\u00e9e pour dormir ou se reposer sur de longues distances. Il int\u00e8gre \u00e9galement un <b>r\u00e9ducteur<\/b> qui apporte un soutien et une protection suppl\u00e9mentaires pour les plus petits b\u00e9b\u00e9s, assurant un ajustement ergonomique et s\u00fbr d\u00e8s les premi\u00e8res \u00e9tapes. Sa structure robuste et ses mat\u00e9riaux de qualit\u00e9 garantissent r\u00e9sistance et durabilit\u00e9 \u00e0 l\u2019usage quotidien, tandis que sa finition en <b>gris noir<\/b> apporte un style sobre et \u00e9l\u00e9gant, s\u2019int\u00e9grant facilement \u00e0 tout int\u00e9rieur de v\u00e9hicule. L\u2019installation est intuitive et compatible avec diff\u00e9rents syst\u00e8mes d\u2019ancrage courants, offrant flexibilit\u00e9 et facilit\u00e9 de pose. L\u2019unit\u00e9 est con\u00e7ue en pensant \u00e0 la s\u00e9curit\u00e9 active et passive, incluant des caract\u00e9ristiques qui minimisent l\u2019impact des collisions et r\u00e9partissent les forces de mani\u00e8re optimale. La combinaison des certifications et le respect des normes strictes font du <b>Chicco Unico Evo<\/b> un choix s\u00fbr pour la protection des enfants en d\u00e9placement, un produit alliant fonctionnalit\u00e9, s\u00e9curit\u00e9 et confort pour une exp\u00e9rience fiable et adapt\u00e9e aux besoins \u00e9volutifs des enfants durant leurs premi\u00e8res ann\u00e9es.<\/p>\n<ul>\n<li>Homologu\u00e9: ECE R129\/04<\/li>\n<li>Caract\u00e9ristiques: Inclinable<\/li>\n<\/ul>","protected":false},"excerpt":{"rendered":"<p>Si vous \u00eates \u00e0 la recherche de nouvelles tendances sur le march\u00e9, nous vous pr\u00e9sentons Si\u00e8ge de Voiture Chicco ECE R129\/04 ! Le si\u00e8ge auto Chicco Unico Evo est un syst\u00e8me de retenue enfant con\u00e7u pour accompagner l\u2019enfant de la naissance jusqu\u2019\u00e0 environ 12 ans, couvrant les groupes 0\/1\/2\/3 selon la norme I-Size, garantissant un [&hellip;]<\/p>\n","protected":false},"featured_media":30510,"comment_status":"open","ping_status":"closed","template":"","meta":[],"product_brand":[998],"product_cat":[750,251,157],"product_tag":[59,164],"class_list":{"0":"post-30516","1":"product","2":"type-product","3":"status-publish","4":"has-post-thumbnail","6":"product_brand-brandp_2092","7":"product_cat-balades-et-voyages","8":"product_cat-bebes-et-enfants","9":"product_cat-jouets-deguisements","10":"product_tag-tag_1304","11":"product_tag-tag_152","13":"first","14":"instock","15":"taxable","16":"shipping-taxable","17":"purchasable","18":"product-type-simple"},"_links":{"self":[{"href":"https:\/\/bigbuy.tupique.com\/en\/wp-json\/wp\/v2\/product\/30516","targetHints":{"allow":["GET"]}}],"collection":[{"href":"https:\/\/bigbuy.tupique.com\/en\/wp-json\/wp\/v2\/product"}],"about":[{"href":"https:\/\/bigbuy.tupique.com\/en\/wp-json\/wp\/v2\/types\/product"}],"replies":[{"embeddable":true,"href":"https:\/\/bigbuy.tupique.com\/en\/wp-json\/wp\/v2\/comments?post=30516"}],"wp:featuredmedia":[{"embeddable":true,"href":"https:\/\/bigbuy.tupique.com\/en\/wp-json\/wp\/v2\/media\/30510"}],"wp:attachment":[{"href":"https:\/\/bigbuy.tupique.com\/en\/wp-json\/wp\/v2\/media?parent=30516"}],"wp:term":[{"taxonomy":"product_brand","embeddable":true,"href":"https:\/\/bigbuy.tupique.com\/en\/wp-json\/wp\/v2\/product_brand?post=30516"},{"taxonomy":"product_cat","embeddable":true,"href":"https:\/\/bigbuy.tupique.com\/en\/wp-json\/wp\/v2\/product_cat?post=30516"},{"taxonomy":"product_tag","embeddable":true,"href":"https:\/\/bigbuy.tupique.com\/en\/wp-json\/wp\/v2\/product_tag?post=30516"}],"curies":[{"name":"wp","href":"https:\/\/api.w.org\/{rel}","templated":true}]}}