{"id":30496,"date":"2026-03-30T02:19:43","date_gmt":"2026-03-30T01:19:43","guid":{"rendered":"https:\/\/bigbuy.tupique.com\/produto\/shower-rose-rousseau-doddy-yellow-brass-abs-polished-brass\/"},"modified":"2026-04-16T17:35:58","modified_gmt":"2026-04-16T16:35:58","slug":"shower-rose-rousseau-doddy-yellow-brass-abs-polished-brass","status":"publish","type":"product","link":"https:\/\/bigbuy.tupique.com\/en\/produto\/shower-rose-rousseau-doddy-yellow-brass-abs-polished-brass\/","title":{"rendered":"Pomme de douche Rousseau DODDY Jaune Laiton ABS Laiton poli"},"content":{"rendered":"<p>Si vous aimez prendre soin de chaque d\u00e9tail de votre maison et d&#8217;\u00eatre \u00e0 la derni\u00e8re mode en mati\u00e8re de produits qui vous rendront la vie plus facile, achetez <b>Pomme de douche Rousseau DODDY Jaune Laiton ABS Laiton poli<\/b> au meilleur prix.<\/p>\n<p>La <b>pomme de douche DODDY<\/b> de la marque Rousseau est un \u00e9l\u00e9ment essentiel d\u2019une <b>colonne de douche avec robinet thermostatique<\/b> alliant fonctionnalit\u00e9 et design. Fabriqu\u00e9e en <b>ABS<\/b>, un mat\u00e9riau durable et r\u00e9sistant \u00e0 la corrosion, cette pomme se distingue par sa <b>couleur jaune<\/b>, qui apporte une touche moderne et originale \u00e0 l\u2019installation de la salle de bain. Son int\u00e9gration avec un <b>robinet thermostatique<\/b> permet un contr\u00f4le pr\u00e9cis et s\u00e9curis\u00e9 de la temp\u00e9rature de l\u2019eau, am\u00e9liorant l\u2019exp\u00e9rience quotidienne de la douche gr\u00e2ce \u00e0 un d\u00e9bit constant et confortable, \u00e9vitant les variations brusques et renfor\u00e7ant la s\u00e9curit\u00e9, notamment dans les foyers avec enfants ou personnes \u00e2g\u00e9es. La r\u00e9f\u00e9rence au laiton bross\u00e9 EDO3047404001995 dans la gamme EDOUARD ROUSSEAU indique \u00e9galement une finition et une construction ax\u00e9es sur l\u2019esth\u00e9tique et la robustesse, avec des mat\u00e9riaux m\u00e9talliques de haute qualit\u00e9 garantissant une meilleure r\u00e9sistance \u00e0 l\u2019usure et \u00e0 l\u2019oxydation. Ce produit, par ses caract\u00e9ristiques techniques et stylistiques, constitue une option adapt\u00e9e pour ceux qui recherchent une solution fonctionnelle, fiable et visuellement attrayante pour leur espace bain, combinant la technologie du robinet thermostatique \u00e0 un design solide et pratique. En r\u00e9sum\u00e9, la pomme DODDY de Rousseau est un \u00e9l\u00e9ment cl\u00e9 pour assurer confort, s\u00e9curit\u00e9 et durabilit\u00e9 \u00e0 l\u2019exp\u00e9rience de douche quotidienne.<\/p>\n<ul>\n<li>Type: Robinet<\/li>\n<li>Couleur: Jaune<\/li>\n<li>Mati\u00e8re:\n<ul>\n<li>Laiton<\/li>\n<li>ABS<\/li>\n<li>Laiton poli<\/li>\n<\/ul>\n<\/li>\n<\/ul>","protected":false},"excerpt":{"rendered":"<p>Si vous aimez prendre soin de chaque d\u00e9tail de votre maison et d&#8217;\u00eatre \u00e0 la derni\u00e8re mode en mati\u00e8re de produits qui vous rendront la vie plus facile, achetez Pomme de douche Rousseau DODDY Jaune Laiton ABS Laiton poli au meilleur prix. La pomme de douche DODDY de la marque Rousseau est un \u00e9l\u00e9ment essentiel [&hellip;]<\/p>\n","protected":false},"featured_media":168375,"comment_status":"open","ping_status":"closed","template":"","meta":[],"product_brand":[1289],"product_cat":[781,239,780],"product_tag":[59,210],"class_list":{"0":"post-30496","1":"product","2":"type-product","3":"status-publish","4":"has-post-thumbnail","6":"product_brand-brandp_6230","7":"product_cat-accessoires-et-robinets","8":"product_cat-maison-jardin","9":"product_cat-salle-de-bain","10":"product_tag-tag_1304","11":"product_tag-tag_25","13":"first","14":"instock","15":"taxable","16":"shipping-taxable","17":"purchasable","18":"product-type-simple"},"_links":{"self":[{"href":"https:\/\/bigbuy.tupique.com\/en\/wp-json\/wp\/v2\/product\/30496","targetHints":{"allow":["GET"]}}],"collection":[{"href":"https:\/\/bigbuy.tupique.com\/en\/wp-json\/wp\/v2\/product"}],"about":[{"href":"https:\/\/bigbuy.tupique.com\/en\/wp-json\/wp\/v2\/types\/product"}],"replies":[{"embeddable":true,"href":"https:\/\/bigbuy.tupique.com\/en\/wp-json\/wp\/v2\/comments?post=30496"}],"wp:featuredmedia":[{"embeddable":true,"href":"https:\/\/bigbuy.tupique.com\/en\/wp-json\/wp\/v2\/media\/168375"}],"wp:attachment":[{"href":"https:\/\/bigbuy.tupique.com\/en\/wp-json\/wp\/v2\/media?parent=30496"}],"wp:term":[{"taxonomy":"product_brand","embeddable":true,"href":"https:\/\/bigbuy.tupique.com\/en\/wp-json\/wp\/v2\/product_brand?post=30496"},{"taxonomy":"product_cat","embeddable":true,"href":"https:\/\/bigbuy.tupique.com\/en\/wp-json\/wp\/v2\/product_cat?post=30496"},{"taxonomy":"product_tag","embeddable":true,"href":"https:\/\/bigbuy.tupique.com\/en\/wp-json\/wp\/v2\/product_tag?post=30496"}],"curies":[{"name":"wp","href":"https:\/\/api.w.org\/{rel}","templated":true}]}}