{"id":30491,"date":"2026-03-30T02:19:36","date_gmt":"2026-03-30T01:19:36","guid":{"rendered":"https:\/\/bigbuy.tupique.com\/produto\/drill-drivers-bosch-gsr-18v-28-gdr-18v-160-18v\/"},"modified":"2026-04-16T16:27:45","modified_gmt":"2026-04-16T15:27:45","slug":"drill-drivers-bosch-gsr-18v-28-gdr-18v-160-18v","status":"publish","type":"product","link":"https:\/\/bigbuy.tupique.com\/en\/produto\/drill-drivers-bosch-gsr-18v-28-gdr-18v-160-18v\/","title":{"rendered":"Perceuse visseuse BOSCH GSR 18V-28 + GDR 18V-160 18V"},"content":{"rendered":"<p>Si vous aimez prendre soin de chaque d\u00e9tail de votre maison et d&#8217;\u00eatre \u00e0 la derni\u00e8re mode en mati\u00e8re de produits qui vous rendront la vie plus facile, achetez <b>Perceuse visseuse BOSCH GSR 18V-28 + GDR 18V-160 18V<\/b> au meilleur prix.<\/p>\n<p>Le <b>GSR 18V-28 + GDR 18V-160<\/b> de BOSCH est une <b>perceuse-visseuse<\/b> professionnelle con\u00e7ue pour r\u00e9pondre efficacement aux exigences du bricolage avanc\u00e9 comme des travaux de montage intensifs sur chantier. Ce kit comprend non seulement une puissante <b>perceuse-visseuse<\/b> avec une <b>puissance de 18V<\/b>, mais aussi une <b>visseuse \u00e0 chocs<\/b>, \u00e9largissant les possibilit\u00e9s de travail sur des mat\u00e9riaux durs et des vis de grand format. Les deux appareils fonctionnent sans fil gr\u00e2ce \u00e0 des <b>batteries de 4,0 Ah<\/b>, offrant une autonomie prolong\u00e9e et r\u00e9duisant les interruptions, id\u00e9al pour ceux qui ont besoin de mobilit\u00e9 et de rapidit\u00e9 lors de t\u00e2ches continues. Le design en <b>bleu<\/b> caract\u00e9ristique de BOSCH assure une robustesse visuelle et une identification facile sur le lieu de travail. Gr\u00e2ce \u00e0 son format compact de <b>36 x 14 x 44 cm<\/b>, il est facile \u00e0 transporter et \u00e0 manipuler, facilitant l\u2019acc\u00e8s aux espaces restreints et le rangement apr\u00e8s usage. L\u2019alimentation par batterie lithium-ion et la configuration avec <b>prise EU<\/b> garantissent une compatibilit\u00e9 totale avec les infrastructures \u00e9lectriques europ\u00e9ennes. Deux batteries sont incluses, permettant d\u2019alterner la charge et de maximiser le temps d\u2019utilisation des outils. L\u2019association de la perceuse-visseuse et de la visseuse \u00e0 chocs dans un seul ensemble est id\u00e9ale pour les professionnels et utilisateurs exigeants recherchant performance, fiabilit\u00e9 et polyvalence dans un seul investissement. Ce kit BOSCH constitue une solution compl\u00e8te pour les travaux de montage, vissage et per\u00e7age sur de nombreux mat\u00e9riaux et applications.<\/p>\n<ul>\n<li>Produit \u00e0 brancher: Oui<\/li>\n<li>Type de prise: Prise EU<\/li>\n<li>Type: Perceuse<\/li>\n<li>Bloc d\u2019Alimentation:\n<ul>\n<li>r\u00e9seau \u00e9lectrique<\/li>\n<li>Batterie<\/li>\n<\/ul>\n<\/li>\n<li>Dimensions approx.: 36 x 14 x 44 cm<\/li>\n<li>Couleur: Bleu<\/li>\n<li>Capacit\u00e9 de la batterie: 4 Ah<\/li>\n<li>puissance: 18V<\/li>\n<\/ul>","protected":false},"excerpt":{"rendered":"<p>Si vous aimez prendre soin de chaque d\u00e9tail de votre maison et d&#8217;\u00eatre \u00e0 la derni\u00e8re mode en mati\u00e8re de produits qui vous rendront la vie plus facile, achetez Perceuse visseuse BOSCH GSR 18V-28 + GDR 18V-160 18V au meilleur prix. Le GSR 18V-28 + GDR 18V-160 de BOSCH est une perceuse-visseuse professionnelle con\u00e7ue pour [&hellip;]<\/p>\n","protected":false},"featured_media":30488,"comment_status":"open","ping_status":"closed","template":"","meta":[],"product_brand":[162],"product_cat":[613,239],"product_tag":[59,210],"class_list":{"0":"post-30491","1":"product","2":"type-product","3":"status-publish","4":"has-post-thumbnail","6":"product_brand-brandp_959","7":"product_cat-bricolage-et-materiel","8":"product_cat-maison-jardin","9":"product_tag-tag_1304","10":"product_tag-tag_25","12":"first","13":"instock","14":"taxable","15":"shipping-taxable","16":"purchasable","17":"product-type-simple"},"_links":{"self":[{"href":"https:\/\/bigbuy.tupique.com\/en\/wp-json\/wp\/v2\/product\/30491","targetHints":{"allow":["GET"]}}],"collection":[{"href":"https:\/\/bigbuy.tupique.com\/en\/wp-json\/wp\/v2\/product"}],"about":[{"href":"https:\/\/bigbuy.tupique.com\/en\/wp-json\/wp\/v2\/types\/product"}],"replies":[{"embeddable":true,"href":"https:\/\/bigbuy.tupique.com\/en\/wp-json\/wp\/v2\/comments?post=30491"}],"wp:featuredmedia":[{"embeddable":true,"href":"https:\/\/bigbuy.tupique.com\/en\/wp-json\/wp\/v2\/media\/30488"}],"wp:attachment":[{"href":"https:\/\/bigbuy.tupique.com\/en\/wp-json\/wp\/v2\/media?parent=30491"}],"wp:term":[{"taxonomy":"product_brand","embeddable":true,"href":"https:\/\/bigbuy.tupique.com\/en\/wp-json\/wp\/v2\/product_brand?post=30491"},{"taxonomy":"product_cat","embeddable":true,"href":"https:\/\/bigbuy.tupique.com\/en\/wp-json\/wp\/v2\/product_cat?post=30491"},{"taxonomy":"product_tag","embeddable":true,"href":"https:\/\/bigbuy.tupique.com\/en\/wp-json\/wp\/v2\/product_tag?post=30491"}],"curies":[{"name":"wp","href":"https:\/\/api.w.org\/{rel}","templated":true}]}}