{"id":30041,"date":"2026-03-30T01:49:09","date_gmt":"2026-03-30T00:49:09","guid":{"rendered":"https:\/\/bigbuy.tupique.com\/produto\/smartphone-honor-honor-400-655-octa-core-8-gb-ram-512-gb-black\/"},"modified":"2026-04-16T23:49:31","modified_gmt":"2026-04-16T22:49:31","slug":"smartphone-honor-honor-400-655-octa-core-8-gb-ram-512-gb-black","status":"publish","type":"product","link":"https:\/\/bigbuy.tupique.com\/en\/produto\/smartphone-honor-honor-400-655-octa-core-8-gb-ram-512-gb-black\/","title":{"rendered":"Smartphone Honor Honor 400 6,55&#8243; Octa Core 8 GB RAM 512 GB Noir"},"content":{"rendered":"<p>Si vous \u00eates \u00e0 la recherche de nouvelles tendances sur le march\u00e9, nous vous pr\u00e9sentons <b>Smartphone Honor Honor 400 6,55&#8243; Octa Core 8 GB RAM 512 GB Noir<\/b> !<\/p>\n<p>Le <b>smartphone<\/b> Honor, en noir \u00e9l\u00e9gant, se pr\u00e9sente comme une solution fiable et avanc\u00e9e pour ceux qui recherchent un appareil haute performance sous Android. Il dispose d\u2019une g\u00e9n\u00e9reuse <b>m\u00e9moire RAM de 8 Go<\/b> facilitant le multit\u00e2che et assurant la fluidit\u00e9 des applications, ainsi qu\u2019une impressionnante <b>capacit\u00e9 de stockage interne de 512 Go<\/b>, id\u00e9ale pour conserver de grandes quantit\u00e9s de photos, vid\u00e9os et documents sans souci d\u2019espace. Son <b>\u00e9cran de 6,55 pouces<\/b> garantit une exp\u00e9rience visuelle confortable et immersive, parfaite pour la navigation, le multim\u00e9dia et la gestion quotidienne. Il int\u00e8gre une <b>connexion USB-C<\/b> polyvalente pour une charge rapide et des transferts de donn\u00e9es efficaces, tandis que le syst\u00e8me d\u2019exploitation <b>Android<\/b> assure la compatibilit\u00e9 avec les derni\u00e8res applications et mises \u00e0 jour, r\u00e9pondant aux besoins actuels des utilisateurs. Le processeur <b>Octa Core<\/b> offre des performances stables pour les t\u00e2ches quotidiennes, permettant de jouer, g\u00e9rer les r\u00e9seaux sociaux et r\u00e9aliser des activit\u00e9s de productivit\u00e9 avec r\u00e9activit\u00e9. De plus, l\u2019int\u00e9gration \u00e0 la <b>r\u00e9seau \u00e9lectrique<\/b> facilite la recharge dans tous les environnements, apportant confort et flexibilit\u00e9 au quotidien. Ce mod\u00e8le Honor \u00e9quilibre capacit\u00e9, connectivit\u00e9 et fonctionnalit\u00e9, constituant un excellent choix pour ceux qui recherchent un smartphone complet, moderne et pr\u00eat \u00e0 r\u00e9pondre \u00e0 diverses exigences.<\/p>\n<ul>\n<li>Produit \u00e0 brancher: Oui<\/li>\n<li>Type: Smartphone<\/li>\n<li>Type de prise: Prise EU<\/li>\n<li>Diagonale de l&#8217;\u00e9cran (cm): 16,6 cm<\/li>\n<li>Bloc d\u2019Alimentation: r\u00e9seau \u00e9lectrique<\/li>\n<li>Technologie: AMOLED<\/li>\n<li>Capacit\u00e9 de la batterie: 5300 mAh<\/li>\n<li>Ecran: 6,55&#8243;<\/li>\n<li>Syst\u00e8me d&#8217;exploitation: Android<\/li>\n<li>puissance: 66 W<\/li>\n<li>Connectivit\u00e9: NFC<\/li>\n<li>Connexions: USB-C<\/li>\n<li>Processeur: Octa Core<\/li>\n<li>M\u00e9moire RAM: 8 GB RAM<\/li>\n<li>M\u00e9moire interne: 512 GB<\/li>\n<li>Couleur: Noir<\/li>\n<\/ul>","protected":false},"excerpt":{"rendered":"<p>Si vous \u00eates \u00e0 la recherche de nouvelles tendances sur le march\u00e9, nous vous pr\u00e9sentons Smartphone Honor Honor 400 6,55&#8243; Octa Core 8 GB RAM 512 GB Noir ! Le smartphone Honor, en noir \u00e9l\u00e9gant, se pr\u00e9sente comme une solution fiable et avanc\u00e9e pour ceux qui recherchent un appareil haute performance sous Android. Il dispose [&hellip;]<\/p>\n","protected":false},"featured_media":30035,"comment_status":"open","ping_status":"closed","template":"","meta":[],"product_brand":[1155],"product_cat":[575,65,960],"product_tag":[213,566,106],"class_list":{"0":"post-30041","1":"product","2":"type-product","3":"status-publish","4":"has-post-thumbnail","6":"product_brand-brandp_1272","7":"product_cat-electronique-telephonie-et-tablettes","8":"product_cat-informatique-electronique","9":"product_cat-telephones-portables","10":"product_tag-tag_933","11":"product_tag-tag_547","12":"product_tag-tag_1295","14":"first","15":"instock","16":"taxable","17":"shipping-taxable","18":"purchasable","19":"product-type-simple"},"_links":{"self":[{"href":"https:\/\/bigbuy.tupique.com\/en\/wp-json\/wp\/v2\/product\/30041","targetHints":{"allow":["GET"]}}],"collection":[{"href":"https:\/\/bigbuy.tupique.com\/en\/wp-json\/wp\/v2\/product"}],"about":[{"href":"https:\/\/bigbuy.tupique.com\/en\/wp-json\/wp\/v2\/types\/product"}],"replies":[{"embeddable":true,"href":"https:\/\/bigbuy.tupique.com\/en\/wp-json\/wp\/v2\/comments?post=30041"}],"wp:featuredmedia":[{"embeddable":true,"href":"https:\/\/bigbuy.tupique.com\/en\/wp-json\/wp\/v2\/media\/30035"}],"wp:attachment":[{"href":"https:\/\/bigbuy.tupique.com\/en\/wp-json\/wp\/v2\/media?parent=30041"}],"wp:term":[{"taxonomy":"product_brand","embeddable":true,"href":"https:\/\/bigbuy.tupique.com\/en\/wp-json\/wp\/v2\/product_brand?post=30041"},{"taxonomy":"product_cat","embeddable":true,"href":"https:\/\/bigbuy.tupique.com\/en\/wp-json\/wp\/v2\/product_cat?post=30041"},{"taxonomy":"product_tag","embeddable":true,"href":"https:\/\/bigbuy.tupique.com\/en\/wp-json\/wp\/v2\/product_tag?post=30041"}],"curies":[{"name":"wp","href":"https:\/\/api.w.org\/{rel}","templated":true}]}}