{"id":29788,"date":"2026-03-30T01:33:07","date_gmt":"2026-03-30T00:33:07","guid":{"rendered":"https:\/\/bigbuy.tupique.com\/produto\/smartphone-apple-iphone-16e-61-hexa-core-8-gb-ram-128-gb-white\/"},"modified":"2026-04-15T18:42:49","modified_gmt":"2026-04-15T17:42:49","slug":"smartphone-apple-iphone-16e-61-hexa-core-8-gb-ram-128-gb-white","status":"publish","type":"product","link":"https:\/\/bigbuy.tupique.com\/en\/produto\/smartphone-apple-iphone-16e-61-hexa-core-8-gb-ram-128-gb-white\/","title":{"rendered":"Smartphone Apple iPhone 16e 6,1&#8243; Hexa Core 8 GB RAM 128 GB Blanc"},"content":{"rendered":"<p>Si vous \u00eates passionn\u00e9 d&#8217;<b>informatique et d&#8217;\u00e9lectronique<\/b>, si vous \u00eates \u00e0 la pointe de la technologie et qu&#8217;aucun d\u00e9tail ne vous \u00e9chappe, achetez <b>Smartphone Apple iPhone 16e 6,1&#8243; Hexa Core 8 GB RAM 128 GB Blanc<\/b> au meilleur prix.<\/p>\n<p>Le <b>Apple iPhone 16e<\/b> est un <b>smartphone<\/b> con\u00e7u pour offrir un \u00e9quilibre entre performance et exp\u00e9rience visuelle avanc\u00e9e, id\u00e9al pour les utilisateurs recherchant robustesse, puissance et qualit\u00e9 d\u2019image dans un format compact. Il dispose d\u2019un \u00e9cran <b>Super Retina XDR OLED de 6,1 pouces<\/b> offrant un contraste exceptionnel et des couleurs vives pour profiter des contenus multim\u00e9dias avec pr\u00e9cision et nettet\u00e9. Son bo\u00eetier associe un design \u00e9l\u00e9gant en <b>blanc<\/b> \u00e0 un aluminium de qualit\u00e9 a\u00e9rospatiale, garantissant une haute r\u00e9sistance aux chocs ainsi qu\u2019une protection contre \u00e9claboussures, eau et poussi\u00e8re, gr\u00e2ce \u00e0 sa face avant en <b>Ceramic Shield<\/b>. \u00c0 l\u2019int\u00e9rieur, sa m\u00e9moire de <b>8 Go RAM<\/b> assure un multit\u00e2che fluide et une r\u00e9activit\u00e9 rapide dans les applications et jeux, tandis que ses <b>128 Go de stockage<\/b> offrent un espace suffisant pour photos, vid\u00e9os et applis. \u00c9quip\u00e9 d\u2019un syst\u00e8me avanc\u00e9 de <b>cam\u00e9ra Fusion de 48 m\u00e9gapixels<\/b>, l\u2019iPhone 16e int\u00e8gre deux cam\u00e9ras en une, avec un capteur multipliant par quatre la r\u00e9solution par rapport aux mod\u00e8les pr\u00e9c\u00e9dents, et un t\u00e9l\u00e9objectif optique 2x permettant des zooms sans perte de qualit\u00e9. Il peut aussi enregistrer des vid\u00e9os en <b>4K avec Dolby Vision<\/b>, offrant une qualit\u00e9 cin\u00e9matographique pour les cr\u00e9ations audiovisuelles. Parmi ses autres caract\u00e9ristiques, on trouve un <b>GPS int\u00e9gr\u00e9<\/b> pour une localisation pr\u00e9cise, un <b>barom\u00e8tre<\/b> am\u00e9liorant la mesure d\u2019altitude et les applications sant\u00e9 et sport, ainsi qu\u2019une connectivit\u00e9 via un <b>port USB-C polyvalent<\/b> facilitant la charge et la connexion aux accessoires et appareils Apple. Son autonomie d\u00e9passe largement celle des mod\u00e8les pr\u00e9c\u00e9dents, atteignant jusqu\u2019\u00e0 26 heures en lecture vid\u00e9o, permettant une utilisation prolong\u00e9e sans souci. L\u2019appareil int\u00e8gre aussi un syst\u00e8me de <b>reconnaissance faciale<\/b> pour un d\u00e9verrouillage s\u00e9curis\u00e9 et pratique, ainsi qu\u2019un bouton d\u2019action configurable am\u00e9liorant l\u2019acc\u00e8s aux fonctions intelligentes et personnalisables via Apple Intelligence, syst\u00e8me optimisant l\u2019exp\u00e9rience utilisateur avec des fonctions d\u2019intelligence personnelle et de confidentialit\u00e9 avanc\u00e9e. L\u2019iPhone 16e se distingue par sa puce derni\u00e8re g\u00e9n\u00e9ration qui, associ\u00e9e \u00e0 son GPU quadric\u0153ur, offre des performances remarquables pour les t\u00e2ches graphiques et les jeux exigeants. En r\u00e9sum\u00e9, cet appareil repr\u00e9sente une option solide dans la gamme Apple, alliant innovation technologique, robustesse et exp\u00e9rience audiovisuelle de qualit\u00e9 dans un format maniable.<\/p>\n<ul>\n<li>Diagonale de l&#8217;\u00e9cran (cm): 15,5 cm<\/li>\n<li>Produit \u00e0 brancher: Oui<\/li>\n<li>Type: Smartphone<\/li>\n<li>Bloc d\u2019Alimentation:\n<ul>\n<li>r\u00e9seau \u00e9lectrique<\/li>\n<li>USB<\/li>\n<\/ul>\n<\/li>\n<li>Indice de r\u00e9parabilit\u00e9: 7.9<\/li>\n<li>Capacit\u00e9 de la batterie: 3279 mAh<\/li>\n<li>Ecran: 6,1&#8243;<\/li>\n<li>Syst\u00e8me d&#8217;exploitation: iOS<\/li>\n<li>puissance: 20 W<\/li>\n<li>Connectivit\u00e9:\n<ul>\n<li>NFC<\/li>\n<li>Bluetooth<\/li>\n<li>BeiDou<\/li>\n<li>5G<\/li>\n<li>Positionnement de Wi-Fi<\/li>\n<li>Wi-Fi 6 GHz<\/li>\n<li>Bluetooth 5.3<\/li>\n<\/ul>\n<\/li>\n<li>Cam\u00e9ra\/Appareil Photo:\n<ul>\n<li>12 mpx<\/li>\n<li>48 MP<\/li>\n<li>Frontal<\/li>\n<li>Arri\u00e8re<\/li>\n<\/ul>\n<\/li>\n<li>Connexions:\n<ul>\n<li>USB-C<\/li>\n<li>USB 2.0<\/li>\n<li>Dual SIM<\/li>\n<\/ul>\n<\/li>\n<li>Processeur: Hexa Core<\/li>\n<li>M\u00e9moire RAM: 8 GB RAM<\/li>\n<li>M\u00e9moire interne: 128 GB<\/li>\n<li>Couleur: Blanc<\/li>\n<li>Caract\u00e9ristiques:\n<ul>\n<li>GPS<\/li>\n<li>Barom\u00e8tre<\/li>\n<li>Ecran tactile<\/li>\n<li>Reconnaissance faciale<\/li>\n<li>Capteur de lumi\u00e8re ambiante<\/li>\n<li>Chargement sans fil<\/li>\n<li>Connectivit\u00e9 NFC<\/li>\n<li>MMS<\/li>\n<li>Appel vid\u00e9o<\/li>\n<li>HDR<\/li>\n<li>Wi-Fi<\/li>\n<li>Autofocus<\/li>\n<li>Activation vocale<\/li>\n<li>Guide d&#8217;installation inclus<\/li>\n<li>Chargement rapide et fiable<\/li>\n<li>SMS<\/li>\n<li>Chargeur sans fil<\/li>\n<li>Syst\u00e8me de reconnaissance faciale<\/li>\n<li>Stabilisateur d&#8217;image<\/li>\n<li>Lecteur d&#8217;empreintes<\/li>\n<li>Chargement rapide<\/li>\n<li>Capteur de proximit\u00e9<\/li>\n<li>Ceramic Shield<\/li>\n<li>\u00c9cran avec coins arrondis<\/li>\n<li>\u00c9cran plat<\/li>\n<\/ul>\n<\/li>\n<li>Zoom Num\u00e9rique: 10x<\/li>\n<li>Classification \u00e9nerg\u00e9tique: B<\/li>\n<li>Capteurs:\n<ul>\n<li>Acc\u00e9l\u00e9rom\u00e8tre<\/li>\n<li>Gyroscope<\/li>\n<\/ul>\n<\/li>\n<li>Inclut:\n<ul>\n<li>Haut-parleur<\/li>\n<li>USB Type-C &#8211; USB Type-C<\/li>\n<\/ul>\n<\/li>\n<li>Fonctions:\n<ul>\n<li>ECO<\/li>\n<li>G\u00e9olocalisation<\/li>\n<li>Vibration<\/li>\n<\/ul>\n<\/li>\n<li>Technologie:\n<ul>\n<li>Mime<\/li>\n<li>Glonass<\/li>\n<li>OLED<\/li>\n<li>Capacitive<\/li>\n<\/ul>\n<\/li>\n<li>SIM: nano SIM<\/li>\n<li>Non Inclus: Adaptateur AC<\/li>\n<li>Flux lumineux: 800 lm<\/li>\n<li>Flash: Non<\/li>\n<li>Type de batterie: Litio Ion<\/li>\n<li>R\u00e9solution: 2532 x 1170 px<\/li>\n<li>Noyaux:\n<ul>\n<li>8 Noyaux<\/li>\n<li>6 Noyaux<\/li>\n<li>16 Noyaux<\/li>\n<\/ul>\n<\/li>\n<li>R\u00e9solution (px): 2532 x 1170<\/li>\n<li>Dispositif intelligent: Apple Intelligence<\/li>\n<\/ul>","protected":false},"excerpt":{"rendered":"<p>Si vous \u00eates passionn\u00e9 d&#8217;informatique et d&#8217;\u00e9lectronique, si vous \u00eates \u00e0 la pointe de la technologie et qu&#8217;aucun d\u00e9tail ne vous \u00e9chappe, achetez Smartphone Apple iPhone 16e 6,1&#8243; Hexa Core 8 GB RAM 128 GB Blanc au meilleur prix. Le Apple iPhone 16e est un smartphone con\u00e7u pour offrir un \u00e9quilibre entre performance et exp\u00e9rience [&hellip;]<\/p>\n","protected":false},"featured_media":29785,"comment_status":"open","ping_status":"closed","template":"","meta":[],"product_brand":[979],"product_cat":[575,65,960],"product_tag":[213,566,106],"class_list":{"0":"post-29788","1":"product","2":"type-product","3":"status-publish","4":"has-post-thumbnail","6":"product_brand-brandp_533","7":"product_cat-electronique-telephonie-et-tablettes","8":"product_cat-informatique-electronique","9":"product_cat-telephones-portables","10":"product_tag-tag_933","11":"product_tag-tag_547","12":"product_tag-tag_1295","14":"first","15":"instock","16":"taxable","17":"shipping-taxable","18":"purchasable","19":"product-type-simple"},"_links":{"self":[{"href":"https:\/\/bigbuy.tupique.com\/en\/wp-json\/wp\/v2\/product\/29788","targetHints":{"allow":["GET"]}}],"collection":[{"href":"https:\/\/bigbuy.tupique.com\/en\/wp-json\/wp\/v2\/product"}],"about":[{"href":"https:\/\/bigbuy.tupique.com\/en\/wp-json\/wp\/v2\/types\/product"}],"replies":[{"embeddable":true,"href":"https:\/\/bigbuy.tupique.com\/en\/wp-json\/wp\/v2\/comments?post=29788"}],"wp:featuredmedia":[{"embeddable":true,"href":"https:\/\/bigbuy.tupique.com\/en\/wp-json\/wp\/v2\/media\/29785"}],"wp:attachment":[{"href":"https:\/\/bigbuy.tupique.com\/en\/wp-json\/wp\/v2\/media?parent=29788"}],"wp:term":[{"taxonomy":"product_brand","embeddable":true,"href":"https:\/\/bigbuy.tupique.com\/en\/wp-json\/wp\/v2\/product_brand?post=29788"},{"taxonomy":"product_cat","embeddable":true,"href":"https:\/\/bigbuy.tupique.com\/en\/wp-json\/wp\/v2\/product_cat?post=29788"},{"taxonomy":"product_tag","embeddable":true,"href":"https:\/\/bigbuy.tupique.com\/en\/wp-json\/wp\/v2\/product_tag?post=29788"}],"curies":[{"name":"wp","href":"https:\/\/api.w.org\/{rel}","templated":true}]}}