{"id":29755,"date":"2026-03-30T01:32:14","date_gmt":"2026-03-30T00:32:14","guid":{"rendered":"https:\/\/bigbuy.tupique.com\/produto\/keyboard-kenzo-2\/"},"modified":"2026-04-16T18:45:41","modified_gmt":"2026-04-16T17:45:41","slug":"keyboard-kenzo-2","status":"publish","type":"product","link":"https:\/\/bigbuy.tupique.com\/en\/produto\/keyboard-kenzo-2\/","title":{"rendered":"Clavier Kenzo"},"content":{"rendered":"<p>Si vous \u00eates \u00e0 la recherche de nouvelles tendances sur le march\u00e9, nous vous pr\u00e9sentons <b>Clavier Kenzo<\/b> !<\/p>\n<p>Le <b>clavier<\/b> Kenzo offre une combinaison de design moderne et de fonctionnalit\u00e9 avanc\u00e9e, con\u00e7u pour les utilisateurs recherchant polyvalence au quotidien et une exp\u00e9rience de frappe confortable et efficace, aussi bien au travail qu\u2019en loisirs. Ce mod\u00e8le est propos\u00e9 en <b>noir (noir)<\/b>, apportant un style \u00e9l\u00e9gant et discret qui s\u2019int\u00e8gre \u00e0 tout bureau. Le <b>layout azerty fran\u00e7ais<\/b> facilite l\u2019utilisation optimale pour ceux qui travaillent ou \u00e9tudient en fran\u00e7ais, offrant une disposition de touches adapt\u00e9e aux besoins linguistiques sp\u00e9cifiques. Gr\u00e2ce \u00e0 sa <b>technologie de connectivit\u00e9 Bluetooth 5.1<\/b>, il assure une connexion stable et rapide avec une large gamme d\u2019appareils, y compris les ordinateurs et portables sous PC, favorisant un espace de travail sans fil et une plus grande libert\u00e9 de mouvement. Fabriqu\u00e9 en Chine, il se distingue par sa construction solide et fiable, adapt\u00e9e \u00e0 une utilisation prolong\u00e9e. Son design compact en fait un choix pratique pour les espaces restreints ou pour ceux qui ont besoin de portabilit\u00e9 sans sacrifier la qualit\u00e9 de frappe. Ainsi, le clavier Kenzo se positionne comme une solution efficace et moderne pour ceux qui appr\u00e9cient la connectivit\u00e9 sans fil et l\u2019int\u00e9gration avec diff\u00e9rents syst\u00e8mes, tout en conservant une touche de sophistication sur le bureau.<\/p>\n<ul>\n<li>Type: Clavier<\/li>\n<li>Clavier: Azerty Fran\u00e7ais<\/li>\n<li>Couleur:\n<ul>\n<li>Noir<\/li>\n<li>noir<\/li>\n<\/ul>\n<\/li>\n<li>Connectivit\u00e9: Bluetooth 5.1<\/li>\n<li>Syst\u00e8me d&#8217;exploitation: Windows<\/li>\n<li>Capacit\u00e9 de la batterie: 4000 mAh<\/li>\n<li>Compatible: PC<\/li>\n<\/ul>","protected":false},"excerpt":{"rendered":"<p>Si vous \u00eates \u00e0 la recherche de nouvelles tendances sur le march\u00e9, nous vous pr\u00e9sentons Clavier Kenzo ! Le clavier Kenzo offre une combinaison de design moderne et de fonctionnalit\u00e9 avanc\u00e9e, con\u00e7u pour les utilisateurs recherchant polyvalence au quotidien et une exp\u00e9rience de frappe confortable et efficace, aussi bien au travail qu\u2019en loisirs. Ce mod\u00e8le [&hellip;]<\/p>\n","protected":false},"featured_media":29751,"comment_status":"open","ping_status":"closed","template":"","meta":[],"product_brand":[1286],"product_cat":[729,65,581],"product_tag":[213,59,106],"class_list":{"0":"post-29755","1":"product","2":"type-product","3":"status-publish","4":"has-post-thumbnail","6":"product_brand-brandp_410","7":"product_cat-claviers","8":"product_cat-informatique-electronique","9":"product_cat-informatique-peripheriques-et-consommables","10":"product_tag-tag_933","11":"product_tag-tag_1304","12":"product_tag-tag_1295","14":"first","15":"instock","16":"taxable","17":"shipping-taxable","18":"purchasable","19":"product-type-simple"},"_links":{"self":[{"href":"https:\/\/bigbuy.tupique.com\/en\/wp-json\/wp\/v2\/product\/29755","targetHints":{"allow":["GET"]}}],"collection":[{"href":"https:\/\/bigbuy.tupique.com\/en\/wp-json\/wp\/v2\/product"}],"about":[{"href":"https:\/\/bigbuy.tupique.com\/en\/wp-json\/wp\/v2\/types\/product"}],"replies":[{"embeddable":true,"href":"https:\/\/bigbuy.tupique.com\/en\/wp-json\/wp\/v2\/comments?post=29755"}],"wp:featuredmedia":[{"embeddable":true,"href":"https:\/\/bigbuy.tupique.com\/en\/wp-json\/wp\/v2\/media\/29751"}],"wp:attachment":[{"href":"https:\/\/bigbuy.tupique.com\/en\/wp-json\/wp\/v2\/media?parent=29755"}],"wp:term":[{"taxonomy":"product_brand","embeddable":true,"href":"https:\/\/bigbuy.tupique.com\/en\/wp-json\/wp\/v2\/product_brand?post=29755"},{"taxonomy":"product_cat","embeddable":true,"href":"https:\/\/bigbuy.tupique.com\/en\/wp-json\/wp\/v2\/product_cat?post=29755"},{"taxonomy":"product_tag","embeddable":true,"href":"https:\/\/bigbuy.tupique.com\/en\/wp-json\/wp\/v2\/product_tag?post=29755"}],"curies":[{"name":"wp","href":"https:\/\/api.w.org\/{rel}","templated":true}]}}