{"id":29417,"date":"2026-03-30T01:12:48","date_gmt":"2026-03-30T00:12:48","guid":{"rendered":"https:\/\/bigbuy.tupique.com\/produto\/uninterruptible-power-supply-system-interactive-ups-apc-srv36rlbp-9a\/"},"modified":"2026-04-16T08:14:51","modified_gmt":"2026-04-16T07:14:51","slug":"uninterruptible-power-supply-system-interactive-ups-apc-srv36rlbp-9a","status":"publish","type":"product","link":"https:\/\/bigbuy.tupique.com\/en\/produto\/uninterruptible-power-supply-system-interactive-ups-apc-srv36rlbp-9a\/","title":{"rendered":"Syst\u00e8me d&#8217;Alimentation Sans Interruption Interactif APC SRV36RLBP-9A"},"content":{"rendered":"<p>Si vous \u00eates passionn\u00e9 d&#8217;<b>informatique et d&#8217;\u00e9lectronique<\/b>, si vous \u00eates \u00e0 la pointe de la technologie et qu&#8217;aucun d\u00e9tail ne vous \u00e9chappe, achetez <b>Syst\u00e8me d&#8217;Alimentation Sans Interruption Interactif APC SRV36RLBP-9A<\/b> au meilleur prix.<\/p>\n<p>Le <b>APC SRV36RLBP-9A<\/b> est un <b>onduleur interactif<\/b> con\u00e7u pour offrir une protection \u00e9lectrique fiable et continue aux \u00e9quipements sensibles contre les coupures et fluctuations du r\u00e9seau. Il int\u00e8gre une technologie de batterie <b>VRLA (Sealed Lead Acid)<\/b>, garantissant un fonctionnement s\u00fbr et sans entretien, avec une capacit\u00e9 nominale de <b>36 V<\/b> et une batterie incluse assurant une autonomie imm\u00e9diate en cas d\u2019interruption. Ce mod\u00e8le dispose de certifications cl\u00e9s telles que <b>RoHS et REACH<\/b>, attestant sa conformit\u00e9 aux normes environnementales strictes, confirmant son engagement envers des standards durables et s\u00fbrs. Sa structure pr\u00e9sente un design compact et fonctionnel, avec des dimensions de <b>438 mm de largeur, 86 mm de hauteur<\/b> et un poids d\u2019environ <b>21 kg<\/b>, facilitant son int\u00e9gration dans divers environnements professionnels ou domestiques. De plus, il est \u00e9quip\u00e9 d\u2019une prise europ\u00e9enne pour une connexion directe sur installations standards. Cet onduleur se distingue par sa fiabilit\u00e9 et sa durabilit\u00e9, caract\u00e9ristiques de la marque reconnue APC, destin\u00e9 \u00e0 maintenir la continuit\u00e9 op\u00e9rationnelle des syst\u00e8mes informatiques et \u00e9lectroniques en conditions \u00e9lectriques difficiles. En r\u00e9sum\u00e9, le <b>SRV36RLBP-9A<\/b> repr\u00e9sente une solution technique solide et certifi\u00e9e pour les utilisateurs recherchant un syst\u00e8me d\u2019alimentation sans coupure efficace et respectueux de l\u2019environnement.<\/p>\n<ul>\n<li>Produit \u00e0 brancher: Oui<\/li>\n<li>Type de prise: Prise EU<\/li>\n<li>Type: Syst\u00e8me d&#8217;Alimentation Sans Interruption Interactif<\/li>\n<li>Bloc d\u2019Alimentation: r\u00e9seau \u00e9lectrique<\/li>\n<li>Couleur: Noir<\/li>\n<li>Largeur: 438 mm<\/li>\n<li>Technologie: VRLA<\/li>\n<li>Caract\u00e9ristiques: Pile incluse<\/li>\n<li>Certificat: RoHS<\/li>\n<\/ul>","protected":false},"excerpt":{"rendered":"<p>Si vous \u00eates passionn\u00e9 d&#8217;informatique et d&#8217;\u00e9lectronique, si vous \u00eates \u00e0 la pointe de la technologie et qu&#8217;aucun d\u00e9tail ne vous \u00e9chappe, achetez Syst\u00e8me d&#8217;Alimentation Sans Interruption Interactif APC SRV36RLBP-9A au meilleur prix. Le APC SRV36RLBP-9A est un onduleur interactif con\u00e7u pour offrir une protection \u00e9lectrique fiable et continue aux \u00e9quipements sensibles contre les coupures [&hellip;]<\/p>\n","protected":false},"featured_media":29412,"comment_status":"open","ping_status":"closed","template":"","meta":[],"product_brand":[649],"product_cat":[65,581,603],"product_tag":[106],"class_list":{"0":"post-29417","1":"product","2":"type-product","3":"status-publish","4":"has-post-thumbnail","6":"product_brand-brandp_532","7":"product_cat-informatique-electronique","8":"product_cat-informatique-peripheriques-et-consommables","9":"product_cat-ups","10":"product_tag-tag_1295","12":"first","13":"instock","14":"taxable","15":"shipping-taxable","16":"purchasable","17":"product-type-simple"},"_links":{"self":[{"href":"https:\/\/bigbuy.tupique.com\/en\/wp-json\/wp\/v2\/product\/29417","targetHints":{"allow":["GET"]}}],"collection":[{"href":"https:\/\/bigbuy.tupique.com\/en\/wp-json\/wp\/v2\/product"}],"about":[{"href":"https:\/\/bigbuy.tupique.com\/en\/wp-json\/wp\/v2\/types\/product"}],"replies":[{"embeddable":true,"href":"https:\/\/bigbuy.tupique.com\/en\/wp-json\/wp\/v2\/comments?post=29417"}],"wp:featuredmedia":[{"embeddable":true,"href":"https:\/\/bigbuy.tupique.com\/en\/wp-json\/wp\/v2\/media\/29412"}],"wp:attachment":[{"href":"https:\/\/bigbuy.tupique.com\/en\/wp-json\/wp\/v2\/media?parent=29417"}],"wp:term":[{"taxonomy":"product_brand","embeddable":true,"href":"https:\/\/bigbuy.tupique.com\/en\/wp-json\/wp\/v2\/product_brand?post=29417"},{"taxonomy":"product_cat","embeddable":true,"href":"https:\/\/bigbuy.tupique.com\/en\/wp-json\/wp\/v2\/product_cat?post=29417"},{"taxonomy":"product_tag","embeddable":true,"href":"https:\/\/bigbuy.tupique.com\/en\/wp-json\/wp\/v2\/product_tag?post=29417"}],"curies":[{"name":"wp","href":"https:\/\/api.w.org\/{rel}","templated":true}]}}