{"id":29003,"date":"2026-03-30T00:42:14","date_gmt":"2026-03-29T23:42:14","guid":{"rendered":"https:\/\/bigbuy.tupique.com\/produto\/grill-weber-black-43-x-22-cm\/"},"modified":"2026-04-16T21:30:42","modified_gmt":"2026-04-16T20:30:42","slug":"grill-weber-black-43-x-22-cm","status":"publish","type":"product","link":"https:\/\/bigbuy.tupique.com\/en\/produto\/grill-weber-black-43-x-22-cm\/","title":{"rendered":"Grill Weber Noir 43 x 22 cm"},"content":{"rendered":"<p>Si vous \u00eates \u00e0 la recherche de nouvelles tendances sur le march\u00e9, nous vous pr\u00e9sentons <b>Grill Weber Noir 43 x 22 cm<\/b> !<\/p>\n<p>La <b>plancha de cocina Weber<\/b> est un accessoire con\u00e7u pour offrir une exp\u00e9rience de cuisson efficace et pratique utilisant <b>le gaz comme source d\u2019alimentation<\/b>, fournissant une chaleur rapide et uniforme id\u00e9ale pour diverses pr\u00e9parations. Cette plancha pr\u00e9sente une <b>surface de cuisson rectangulaire d\u2019environ 43 x 22 cm<\/b>, fabriqu\u00e9e en <b>m\u00e9tal haute r\u00e9sistance<\/b> et finie dans un \u00e9l\u00e9gant <b>coloris noir<\/b>, garantissant durabilit\u00e9, facilit\u00e9 de nettoyage et excellente r\u00e9partition de la chaleur. Sa taille compacte, avec une longueur totale de <b>76 cm<\/b>, permet de l\u2019int\u00e9grer dans des espaces r\u00e9duits ou de la compl\u00e9ter avec d\u2019autres ustensiles sans perdre en fonctionnalit\u00e9. Elle est sp\u00e9cialement con\u00e7ue pour un usage <b>barbecue<\/b>, facilitant la cuisson de viandes, l\u00e9gumes et autres aliments directement sur la plancha, \u00e9largissant les possibilit\u00e9s culinaires au-del\u00e0 du grill traditionnel. De plus, elle inclut un syst\u00e8me de r\u00e9glage ajustable qui optimise le contr\u00f4le de la puissance du gaz pour cuisiner \u00e0 diff\u00e9rentes temp\u00e9ratures selon le type d\u2019aliment, offrant pr\u00e9cision et polyvalence \u00e0 chaque pr\u00e9paration. Le design int\u00e8gre des d\u00e9tails compatibles avec une prise europ\u00e9enne (<b>prise EU<\/b>) pour garantir une utilisation s\u00fbre et conforme aux normes habituelles. En r\u00e9sum\u00e9, cette plancha allie fonctionnalit\u00e9, qualit\u00e9 des mat\u00e9riaux et design compact, adapt\u00e9e tant aux amateurs de cuisine en plein air qu\u2019\u00e0 ceux recherchant un \u00e9quipement fiable pour leurs r\u00e9unions et barbecues. C\u2019est une solution pratique et robuste pour profiter des avantages du gaz sur une surface efficace et facile \u00e0 manipuler, en cuisine ou en ext\u00e9rieur.<\/p>\n<ul>\n<li>Produit \u00e0 brancher: Oui<\/li>\n<li>Type:\n<ul>\n<li>Grill<\/li>\n<li>Barbecue<\/li>\n<\/ul>\n<\/li>\n<li>Type de prise: Prise EU<\/li>\n<li>Bloc d\u2019Alimentation:\n<ul>\n<li>r\u00e9seau \u00e9lectrique<\/li>\n<li>Gaz<\/li>\n<\/ul>\n<\/li>\n<li>Couleur: Noir<\/li>\n<li>Mati\u00e8re: M\u00e9tal<\/li>\n<li>Largeur: 76 cm<\/li>\n<li>Forme: Rectangulaire<\/li>\n<li>Thermostat: R\u00e9glable<\/li>\n<li>Surface pour cuisiner: 43 x 22 cm<\/li>\n<\/ul>","protected":false},"excerpt":{"rendered":"<p>Si vous \u00eates \u00e0 la recherche de nouvelles tendances sur le march\u00e9, nous vous pr\u00e9sentons Grill Weber Noir 43 x 22 cm ! La plancha de cocina Weber est un accessoire con\u00e7u pour offrir une exp\u00e9rience de cuisson efficace et pratique utilisant le gaz comme source d\u2019alimentation, fournissant une chaleur rapide et uniforme id\u00e9ale pour [&hellip;]<\/p>\n","protected":false},"featured_media":29001,"comment_status":"open","ping_status":"closed","template":"","meta":[],"product_brand":[1283],"product_cat":[60,77,1222],"product_tag":[390,55,59,56],"class_list":{"0":"post-29003","1":"product","2":"type-product","3":"status-publish","4":"has-post-thumbnail","6":"product_brand-brandp_3681","7":"product_cat-cuisine-gourmet","8":"product_cat-petit-electromenager","9":"product_cat-planches-et-grils","10":"product_tag-tag_8","11":"product_tag-tag_926","12":"product_tag-tag_1304","13":"product_tag-tag_930","15":"first","16":"instock","17":"taxable","18":"shipping-taxable","19":"purchasable","20":"product-type-simple"},"_links":{"self":[{"href":"https:\/\/bigbuy.tupique.com\/en\/wp-json\/wp\/v2\/product\/29003","targetHints":{"allow":["GET"]}}],"collection":[{"href":"https:\/\/bigbuy.tupique.com\/en\/wp-json\/wp\/v2\/product"}],"about":[{"href":"https:\/\/bigbuy.tupique.com\/en\/wp-json\/wp\/v2\/types\/product"}],"replies":[{"embeddable":true,"href":"https:\/\/bigbuy.tupique.com\/en\/wp-json\/wp\/v2\/comments?post=29003"}],"wp:featuredmedia":[{"embeddable":true,"href":"https:\/\/bigbuy.tupique.com\/en\/wp-json\/wp\/v2\/media\/29001"}],"wp:attachment":[{"href":"https:\/\/bigbuy.tupique.com\/en\/wp-json\/wp\/v2\/media?parent=29003"}],"wp:term":[{"taxonomy":"product_brand","embeddable":true,"href":"https:\/\/bigbuy.tupique.com\/en\/wp-json\/wp\/v2\/product_brand?post=29003"},{"taxonomy":"product_cat","embeddable":true,"href":"https:\/\/bigbuy.tupique.com\/en\/wp-json\/wp\/v2\/product_cat?post=29003"},{"taxonomy":"product_tag","embeddable":true,"href":"https:\/\/bigbuy.tupique.com\/en\/wp-json\/wp\/v2\/product_tag?post=29003"}],"curies":[{"name":"wp","href":"https:\/\/api.w.org\/{rel}","templated":true}]}}