{"id":28977,"date":"2026-03-30T00:41:31","date_gmt":"2026-03-29T23:41:31","guid":{"rendered":"https:\/\/bigbuy.tupique.com\/produto\/lawn-mowing-robot-gardena-smart-sileno-free-400-m%c2%b2-800-m%c2%b2\/"},"modified":"2026-05-11T20:01:30","modified_gmt":"2026-05-11T18:01:30","slug":"lawn-mowing-robot-gardena-smart-sileno-free-400-m%c2%b2-800-m%c2%b2","status":"publish","type":"product","link":"https:\/\/bigbuy.tupique.com\/en\/produto\/lawn-mowing-robot-gardena-smart-sileno-free-400-m%c2%b2-800-m%c2%b2\/","title":{"rendered":"Robot tondeuse Gardena Smart SILENO Free 400 M\u00b2 800 m\u00b2"},"content":{"rendered":"<p>Si vous \u00eates \u00e0 la recherche de nouvelles tendances sur le march\u00e9, nous vous pr\u00e9sentons <b>Robot tondeuse Gardena Smart SILENO Free 400 M\u00b2 800 m\u00b2<\/b> !<\/p>\n<ul>\n<li>Caract\u00e9ristiques:\n<ul>\n<li>Poign\u00e9e ergonomique<\/li>\n<li>Anti-vol<\/li>\n<li>Double poign\u00e9e<\/li>\n<\/ul>\n<\/li>\n<li>Port\u00e9e: 800 m\u00b2<\/li>\n<li>Utilisation recommand\u00e9e: 400 M\u00b2<\/li>\n<\/ul>","protected":false},"excerpt":{"rendered":"<p>Si vous \u00eates \u00e0 la recherche de nouvelles tendances sur le march\u00e9, nous vous pr\u00e9sentons Robot tondeuse Gardena Smart SILENO Free 400 M\u00b2 800 m\u00b2 ! Caract\u00e9ristiques: Poign\u00e9e ergonomique Anti-vol Double poign\u00e9e Port\u00e9e: 800 m\u00b2 Utilisation recommand\u00e9e: 400 M\u00b2<\/p>","protected":false},"featured_media":28971,"comment_status":"open","ping_status":"closed","template":"","meta":[],"product_brand":[831],"product_cat":[613,239],"product_tag":[59,210],"class_list":{"0":"post-28977","1":"product","2":"type-product","3":"status-publish","4":"has-post-thumbnail","6":"product_brand-brandp_6026","7":"product_cat-bricolage-et-materiel","8":"product_cat-maison-jardin","9":"product_tag-tag_1304","10":"product_tag-tag_25","12":"first","13":"instock","14":"taxable","15":"shipping-taxable","16":"purchasable","17":"product-type-simple"},"_links":{"self":[{"href":"https:\/\/bigbuy.tupique.com\/en\/wp-json\/wp\/v2\/product\/28977","targetHints":{"allow":["GET"]}}],"collection":[{"href":"https:\/\/bigbuy.tupique.com\/en\/wp-json\/wp\/v2\/product"}],"about":[{"href":"https:\/\/bigbuy.tupique.com\/en\/wp-json\/wp\/v2\/types\/product"}],"replies":[{"embeddable":true,"href":"https:\/\/bigbuy.tupique.com\/en\/wp-json\/wp\/v2\/comments?post=28977"}],"wp:featuredmedia":[{"embeddable":true,"href":"https:\/\/bigbuy.tupique.com\/en\/wp-json\/wp\/v2\/media\/28971"}],"wp:attachment":[{"href":"https:\/\/bigbuy.tupique.com\/en\/wp-json\/wp\/v2\/media?parent=28977"}],"wp:term":[{"taxonomy":"product_brand","embeddable":true,"href":"https:\/\/bigbuy.tupique.com\/en\/wp-json\/wp\/v2\/product_brand?post=28977"},{"taxonomy":"product_cat","embeddable":true,"href":"https:\/\/bigbuy.tupique.com\/en\/wp-json\/wp\/v2\/product_cat?post=28977"},{"taxonomy":"product_tag","embeddable":true,"href":"https:\/\/bigbuy.tupique.com\/en\/wp-json\/wp\/v2\/product_tag?post=28977"}],"curies":[{"name":"wp","href":"https:\/\/api.w.org\/{rel}","templated":true}]}}