{"id":28734,"date":"2026-03-30T00:25:16","date_gmt":"2026-03-29T23:25:16","guid":{"rendered":"https:\/\/bigbuy.tupique.com\/produto\/microwave-siemens-ag-ser4-bfl523mb1f-black-800-w\/"},"modified":"2026-04-16T20:56:34","modified_gmt":"2026-04-16T19:56:34","slug":"microwave-siemens-ag-ser4-bfl523mb1f-black-800-w","status":"publish","type":"product","link":"https:\/\/bigbuy.tupique.com\/en\/produto\/microwave-siemens-ag-ser4-bfl523mb1f-black-800-w\/","title":{"rendered":"Micro-ondes Siemens AG SER4 &#8211; BFL523MB1F Noir 800 W"},"content":{"rendered":"<p>Si vous \u00eates \u00e0 la recherche de nouvelles tendances sur le march\u00e9, nous vous pr\u00e9sentons <b>Micro-ondes Siemens AG SER4 &#8211; BFL523MB1F Noir 800 W<\/b> !<\/p>\n<p>Le <b>micro-ondes encastrable Bosch SER4 &#8211; BFL523MB1F<\/b> en couleur <b>noir<\/b> pr\u00e9sente un design \u00e9l\u00e9gant et fonctionnel con\u00e7u pour une installation int\u00e9gr\u00e9e, optimisant l\u2019espace dans les cuisines modernes. Avec des dimensions de <b>38,2 x 59,4 x 31,7 cm<\/b>, cet appareil est fabriqu\u00e9 en <b>acier inoxydable<\/b>, garantissant une construction robuste, un nettoyage facile et une esth\u00e9tique durable. Sa <b>puissance de 800W<\/b> permet un chauffage efficace et homog\u00e8ne, adapt\u00e9 \u00e0 une large vari\u00e9t\u00e9 d\u2019usages domestiques, du d\u00e9cong\u00e9lation \u00e0 la cuisson de plats quotidiens. Il comprend <b>7 programmes automatiques<\/b> qui facilitent l\u2019utilisation gr\u00e2ce \u00e0 des r\u00e9glages pr\u00e9d\u00e9finis pour diff\u00e9rents types d\u2019aliments, apportant confort et r\u00e9sultats constants. Parmi ses fonctionnalit\u00e9s, on trouve des dispositifs de s\u00e9curit\u00e9 comme le <b>verrouillage enfant<\/b>, id\u00e9al pour les foyers avec des enfants, car il pr\u00e9vient les utilisations accidentelles. Il est \u00e9galement \u00e9quip\u00e9 d\u2019un <b>\u00e9cran int\u00e9gr\u00e9<\/b> offrant une interface claire et accessible pour le contr\u00f4le du temps, de la puissance et la s\u00e9lection des modes. Cette combinaison de caract\u00e9ristiques fait du micro-ondes SER4 une solution pratique et s\u00fbre, adapt\u00e9e aux exigences actuelles de design et de fonctionnalit\u00e9 des appareils \u00e9lectrom\u00e9nagers de cuisine. En somme, c\u2019est un \u00e9quipement qui allie technologie, esth\u00e9tique et s\u00e9curit\u00e9, con\u00e7u pour ceux qui recherchent efficacit\u00e9 sans renoncer \u00e0 une installation professionnelle et discr\u00e8te dans leur espace culinaire.<\/p>\n<ul>\n<li>Produit \u00e0 brancher: Oui<\/li>\n<li>Type d&#8217;installation: Int\u00e9grable<\/li>\n<li>Type de prise:\n<ul>\n<li>Prise EU<\/li>\n<li>Type F<\/li>\n<\/ul>\n<\/li>\n<li>Bloc d\u2019Alimentation: r\u00e9seau \u00e9lectrique<\/li>\n<li>Couleur: Noir<\/li>\n<li>Largeur: 59,4 cm<\/li>\n<li>puissance: 800 W<\/li>\n<li>\u00c9lev\u00e9: 38,2 cm<\/li>\n<li>Programmes: 7<\/li>\n<li>Longueur du c\u00e2ble: 130 cm<\/li>\n<li>Capacit\u00e9: 20 L<\/li>\n<li>Dimensions approx.: 28,2 cm<\/li>\n<li>Mati\u00e8re: Acier inoxydable<\/li>\n<li>Caract\u00e9ristiques:\n<ul>\n<li>Verrouillage pour enfants<\/li>\n<li>\u00c9cran integr\u00e9<\/li>\n<\/ul>\n<\/li>\n<li>Technologie: LED<\/li>\n<li>Direction d&#8217;ouverture: Gauche<\/li>\n<li>Fr\u00e9quence: 50 Hz<\/li>\n<li>Type de commande: Num\u00e9rique<\/li>\n<li>Tension: 220 &#8211; 230 V<\/li>\n<li>Inclut: Montre<\/li>\n<li>Amp\u00e9rage: 10 A<\/li>\n<li>Fonctions: Programmes automatiques<\/li>\n<\/ul>","protected":false},"excerpt":{"rendered":"<p><span class=\"unit-info\">20.1995 &euro; \/ 1 l<\/span><\/p>","protected":false},"featured_media":84794,"comment_status":"open","ping_status":"closed","template":"","meta":[],"product_brand":[851],"product_cat":[60,727,77],"product_tag":[55,59,56],"class_list":{"0":"post-28734","1":"product","2":"type-product","3":"status-publish","4":"has-post-thumbnail","6":"product_brand-brandp_930","7":"product_cat-cuisine-gourmet","8":"product_cat-micro-ondes","9":"product_cat-petit-electromenager","10":"product_tag-tag_926","11":"product_tag-tag_1304","12":"product_tag-tag_930","14":"first","15":"instock","16":"taxable","17":"shipping-taxable","18":"purchasable","19":"product-type-simple"},"_links":{"self":[{"href":"https:\/\/bigbuy.tupique.com\/en\/wp-json\/wp\/v2\/product\/28734","targetHints":{"allow":["GET"]}}],"collection":[{"href":"https:\/\/bigbuy.tupique.com\/en\/wp-json\/wp\/v2\/product"}],"about":[{"href":"https:\/\/bigbuy.tupique.com\/en\/wp-json\/wp\/v2\/types\/product"}],"replies":[{"embeddable":true,"href":"https:\/\/bigbuy.tupique.com\/en\/wp-json\/wp\/v2\/comments?post=28734"}],"wp:featuredmedia":[{"embeddable":true,"href":"https:\/\/bigbuy.tupique.com\/en\/wp-json\/wp\/v2\/media\/84794"}],"wp:attachment":[{"href":"https:\/\/bigbuy.tupique.com\/en\/wp-json\/wp\/v2\/media?parent=28734"}],"wp:term":[{"taxonomy":"product_brand","embeddable":true,"href":"https:\/\/bigbuy.tupique.com\/en\/wp-json\/wp\/v2\/product_brand?post=28734"},{"taxonomy":"product_cat","embeddable":true,"href":"https:\/\/bigbuy.tupique.com\/en\/wp-json\/wp\/v2\/product_cat?post=28734"},{"taxonomy":"product_tag","embeddable":true,"href":"https:\/\/bigbuy.tupique.com\/en\/wp-json\/wp\/v2\/product_tag?post=28734"}],"curies":[{"name":"wp","href":"https:\/\/api.w.org\/{rel}","templated":true}]}}