{"id":28715,"date":"2026-03-30T00:24:43","date_gmt":"2026-03-29T23:24:43","guid":{"rendered":"https:\/\/bigbuy.tupique.com\/produto\/vaporeta-steam-cleaner-laurastar-lift-swiss-limited-edition-2200-w\/"},"modified":"2026-04-16T15:27:12","modified_gmt":"2026-04-16T14:27:12","slug":"vaporeta-steam-cleaner-laurastar-lift-swiss-limited-edition-2200-w","status":"publish","type":"product","link":"https:\/\/bigbuy.tupique.com\/en\/produto\/vaporeta-steam-cleaner-laurastar-lift-swiss-limited-edition-2200-w\/","title":{"rendered":"Nettoyeur vapeur Vaporeta Laurastar Lift Swiss Limited Edition 2200 W"},"content":{"rendered":"<p>Si vous \u00eates \u00e0 la recherche de nouvelles tendances sur le march\u00e9, nous vous pr\u00e9sentons <b>Nettoyeur vapeur Vaporeta Laurastar Lift Swiss Limited Edition 2200 W<\/b> !<\/p>\n<p>Le <b>g\u00e9n\u00e9rateur de vapeur Laurastar Lift Swiss Limited Edition<\/b> est une <b>centrale vapeur<\/b> con\u00e7ue pour offrir un repassage efficace et performant gr\u00e2ce \u00e0 sa <b>puissance de 2200 W<\/b>, garantissant une production de vapeur rapide et constante. Sa <b>capacit\u00e9 de 1,1 litre<\/b> permet une utilisation prolong\u00e9e sans recharges fr\u00e9quentes, assurant un confort optimal lors du repassage. Ce mod\u00e8le pr\u00e9sente une finition attrayante en <b>rouge<\/b>, alliant \u00e9l\u00e9gance et touche moderne dans tout int\u00e9rieur domestique. L\u2019alimentation par <b>secteur \u00e9lectrique<\/b> assure une source d\u2019\u00e9nergie stable, favorisant une exp\u00e9rience continue et fiable. Le Laurastar Lift Swiss Limited Edition s\u2019adresse aux utilisateurs qui appr\u00e9cient la qualit\u00e9 suisse et la technologie pr\u00e9cise pour l\u2019entretien des v\u00eatements, optimisant \u00e0 la fois l\u2019\u00e9limination des plis et l\u2019hygi\u00e8ne textile gr\u00e2ce \u00e0 la vapeur haute temp\u00e9rature. Son design compact et l\u2019efficacit\u00e9 de son g\u00e9n\u00e9rateur de vapeur en font une solution avanc\u00e9e pour ceux qui recherchent des r\u00e9sultats professionnels \u00e0 domicile. En r\u00e9sum\u00e9, ce mod\u00e8le est un outil technique robuste et fonctionnel, fid\u00e8le \u00e0 la tradition et \u00e0 la performance caract\u00e9ristiques de Laurastar.<\/p>\n<ul>\n<li>Produit \u00e0 brancher: Oui<\/li>\n<li>Couleur: Rouge<\/li>\n<li>Capacit\u00e9: 1,1 L<\/li>\n<li>Bloc d\u2019Alimentation: r\u00e9seau \u00e9lectrique<\/li>\n<li>puissance: 2200 W<\/li>\n<\/ul>","protected":false},"excerpt":{"rendered":"<p>Si vous \u00eates \u00e0 la recherche de nouvelles tendances sur le march\u00e9, nous vous pr\u00e9sentons Nettoyeur vapeur Vaporeta Laurastar Lift Swiss Limited Edition 2200 W ! Le g\u00e9n\u00e9rateur de vapeur Laurastar Lift Swiss Limited Edition est une centrale vapeur con\u00e7ue pour offrir un repassage efficace et performant gr\u00e2ce \u00e0 sa puissance de 2200 W, garantissant [&hellip;]<\/p>\n","protected":false},"featured_media":28709,"comment_status":"open","ping_status":"closed","template":"","meta":[],"product_brand":[810],"product_cat":[239,741,240],"product_tag":[59,210],"class_list":{"0":"post-28715","1":"product","2":"type-product","3":"status-publish","4":"has-post-thumbnail","6":"product_brand-brandp_5473","7":"product_cat-maison-jardin","8":"product_cat-nettoyage-a-la-vapeur","9":"product_cat-nettoyage-aspirateur-et-repassage","10":"product_tag-tag_1304","11":"product_tag-tag_25","13":"first","14":"instock","15":"taxable","16":"shipping-taxable","17":"purchasable","18":"product-type-simple"},"_links":{"self":[{"href":"https:\/\/bigbuy.tupique.com\/en\/wp-json\/wp\/v2\/product\/28715","targetHints":{"allow":["GET"]}}],"collection":[{"href":"https:\/\/bigbuy.tupique.com\/en\/wp-json\/wp\/v2\/product"}],"about":[{"href":"https:\/\/bigbuy.tupique.com\/en\/wp-json\/wp\/v2\/types\/product"}],"replies":[{"embeddable":true,"href":"https:\/\/bigbuy.tupique.com\/en\/wp-json\/wp\/v2\/comments?post=28715"}],"wp:featuredmedia":[{"embeddable":true,"href":"https:\/\/bigbuy.tupique.com\/en\/wp-json\/wp\/v2\/media\/28709"}],"wp:attachment":[{"href":"https:\/\/bigbuy.tupique.com\/en\/wp-json\/wp\/v2\/media?parent=28715"}],"wp:term":[{"taxonomy":"product_brand","embeddable":true,"href":"https:\/\/bigbuy.tupique.com\/en\/wp-json\/wp\/v2\/product_brand?post=28715"},{"taxonomy":"product_cat","embeddable":true,"href":"https:\/\/bigbuy.tupique.com\/en\/wp-json\/wp\/v2\/product_cat?post=28715"},{"taxonomy":"product_tag","embeddable":true,"href":"https:\/\/bigbuy.tupique.com\/en\/wp-json\/wp\/v2\/product_tag?post=28715"}],"curies":[{"name":"wp","href":"https:\/\/api.w.org\/{rel}","templated":true}]}}