{"id":28640,"date":"2026-03-30T00:22:48","date_gmt":"2026-03-29T23:22:48","guid":{"rendered":"https:\/\/bigbuy.tupique.com\/produto\/electric-toothbrush-oral-b-serie-io9s-2-pieces-2-units\/"},"modified":"2026-04-16T20:26:24","modified_gmt":"2026-04-16T19:26:24","slug":"electric-toothbrush-oral-b-serie-io9s-2-pieces-2-units","status":"publish","type":"product","link":"https:\/\/bigbuy.tupique.com\/en\/produto\/electric-toothbrush-oral-b-serie-io9s-2-pieces-2-units\/","title":{"rendered":"Brosse \u00e0 dents \u00e9lectrique Oral-B Serie iO9s (2 Pi\u00e8ces) (2 Unit\u00e9s)"},"content":{"rendered":"<p>Si vous \u00eates \u00e0 la recherche de nouvelles tendances sur le march\u00e9, nous vous pr\u00e9sentons <b>Brosse \u00e0 dents \u00e9lectrique Oral-B Serie iO9s (2 Pi\u00e8ces) (2 Unit\u00e9s)<\/b> !<\/p>\n<p>La <b>brosse \u00e0 dents \u00e9lectrique Oral-B S\u00e9rie iO9s<\/b> en <b>couleur quartz rose<\/b> allie technologie avanc\u00e9e et design soign\u00e9 pour offrir une exp\u00e9rience de nettoyage bucco-dentaire optimale. Ce mod\u00e8le int\u00e8gre des fonctions intelligentes cl\u00e9s telles que la <b>connectivit\u00e9 Bluetooth<\/b>, permettant de synchroniser l\u2019appareil avec l\u2019application Oral-B pour un suivi personnalis\u00e9 du brossage, aidant \u00e0 am\u00e9liorer la technique et la dur\u00e9e. Il dispose d\u2019un <b>minuteur int\u00e9gr\u00e9<\/b> garantissant un brossage homog\u00e8ne recommand\u00e9 par les experts, r\u00e9partissant efficacement le temps entre les diff\u00e9rentes zones de la bouche. Sa <b>vitesse r\u00e9glable<\/b> offre un contr\u00f4le total pour s\u2019adapter \u00e0 la sensibilit\u00e9 dentaire et aux pr\u00e9f\u00e9rences individuelles, tandis que l\u2019<b>indicateur de batterie<\/b> permet de conna\u00eetre en permanence l\u2019autonomie restante, \u00e9vitant les interruptions inattendues. De plus, un embout de rechange est inclus pour maintenir l\u2019efficacit\u00e9 du brossage dans le temps et prolonger la dur\u00e9e de vie de l\u2019appareil. La combinaison de ces caract\u00e9ristiques assure une hygi\u00e8ne buccale plus profonde et personnalis\u00e9e, soutenue par la qualit\u00e9 et la fiabilit\u00e9 reconnues de la marque Oral-B, leader du soin dentaire. Cette brosse \u00e9lectrique est une option technologique solide et pratique pour ceux qui souhaitent optimiser leur routine quotidienne de sant\u00e9 bucco-dentaire avec un appareil moderne et performant.<\/p>\n<ul>\n<li>Produit \u00e0 brancher: Oui<\/li>\n<li>Type de prise: Prise EU<\/li>\n<li>Bloc d\u2019Alimentation:\n<ul>\n<li>r\u00e9seau \u00e9lectrique<\/li>\n<li>Batterie<\/li>\n<\/ul>\n<\/li>\n<li>Type: Brosse \u00e0 dents \u00e9lectrique<\/li>\n<li>Couleur:\n<ul>\n<li>Blanc<\/li>\n<li>Rose<\/li>\n<\/ul>\n<\/li>\n<li>Fonctions:\n<ul>\n<li>7<\/li>\n<li>Connectivit\u00e9 Bluetooth<\/li>\n<li>Indicateur de batterie<\/li>\n<li>Minuterie<\/li>\n<\/ul>\n<\/li>\n<li>Dimensions approx.: 10 X 18 X 26 CM<\/li>\n<li>Caract\u00e9ristiques:\n<ul>\n<li>\u00c9tui<\/li>\n<li>Minuterie<\/li>\n<li>Chargement rapide et fiable<\/li>\n<li>Base de charge<\/li>\n<\/ul>\n<\/li>\n<li>Type de batterie:\n<ul>\n<li>Int\u00e9gr\u00e9e<\/li>\n<li>Batterie rechargeable<\/li>\n<\/ul>\n<\/li>\n<li>Connectivit\u00e9: Bluetooth<\/li>\n<li>Nombre de pi\u00e8ces: 2 Pi\u00e8ces<\/li>\n<li>3D: Oui<\/li>\n<li>vitesse: R\u00e9glable<\/li>\n<li>Utilisation recommand\u00e9e: Adulte<\/li>\n<li>Inclut:\n<ul>\n<li>T\u00eates x 2<\/li>\n<li>Chargeur<\/li>\n<li>Quillon<\/li>\n<\/ul>\n<\/li>\n<li>Unit\u00e9s: 2 Unit\u00e9s<\/li>\n<\/ul>","protected":false},"excerpt":{"rendered":"<p><span class=\"unit-info\">162.9950 &euro; \/ 1 unit<\/span><\/p>","protected":false},"featured_media":28634,"comment_status":"open","ping_status":"closed","template":"","meta":[],"product_brand":[836],"product_cat":[771,769,770],"product_tag":[59,56],"class_list":{"0":"post-28640","1":"product","2":"type-product","3":"status-publish","4":"has-post-thumbnail","6":"product_brand-brandp_915","7":"product_cat-hygiene-buccale","8":"product_cat-parfum-cosmetique","9":"product_cat-soin-corporel","10":"product_tag-tag_1304","11":"product_tag-tag_930","13":"first","14":"instock","15":"taxable","16":"shipping-taxable","17":"purchasable","18":"product-type-simple"},"_links":{"self":[{"href":"https:\/\/bigbuy.tupique.com\/en\/wp-json\/wp\/v2\/product\/28640","targetHints":{"allow":["GET"]}}],"collection":[{"href":"https:\/\/bigbuy.tupique.com\/en\/wp-json\/wp\/v2\/product"}],"about":[{"href":"https:\/\/bigbuy.tupique.com\/en\/wp-json\/wp\/v2\/types\/product"}],"replies":[{"embeddable":true,"href":"https:\/\/bigbuy.tupique.com\/en\/wp-json\/wp\/v2\/comments?post=28640"}],"wp:featuredmedia":[{"embeddable":true,"href":"https:\/\/bigbuy.tupique.com\/en\/wp-json\/wp\/v2\/media\/28634"}],"wp:attachment":[{"href":"https:\/\/bigbuy.tupique.com\/en\/wp-json\/wp\/v2\/media?parent=28640"}],"wp:term":[{"taxonomy":"product_brand","embeddable":true,"href":"https:\/\/bigbuy.tupique.com\/en\/wp-json\/wp\/v2\/product_brand?post=28640"},{"taxonomy":"product_cat","embeddable":true,"href":"https:\/\/bigbuy.tupique.com\/en\/wp-json\/wp\/v2\/product_cat?post=28640"},{"taxonomy":"product_tag","embeddable":true,"href":"https:\/\/bigbuy.tupique.com\/en\/wp-json\/wp\/v2\/product_tag?post=28640"}],"curies":[{"name":"wp","href":"https:\/\/api.w.org\/{rel}","templated":true}]}}