{"id":28597,"date":"2026-03-30T00:21:43","date_gmt":"2026-03-29T23:21:43","guid":{"rendered":"https:\/\/bigbuy.tupique.com\/produto\/robot-vacuum-cleaner-dreame-l50-pro-ultra-6400-mah\/"},"modified":"2026-04-16T15:27:13","modified_gmt":"2026-04-16T14:27:13","slug":"robot-vacuum-cleaner-dreame-l50-pro-ultra-6400-mah","status":"publish","type":"product","link":"https:\/\/bigbuy.tupique.com\/en\/produto\/robot-vacuum-cleaner-dreame-l50-pro-ultra-6400-mah\/","title":{"rendered":"Aspirateur robot Dreame L50 Pro Ultra 6400 mAh"},"content":{"rendered":"<p>Si vous aimez prendre soin de chaque d\u00e9tail de votre maison et d&#8217;\u00eatre \u00e0 la derni\u00e8re mode en mati\u00e8re de produits qui vous rendront la vie plus facile, achetez <b>Aspirateur robot Dreame L50 Pro Ultra 6400 mAh<\/b> au meilleur prix.<\/p>\n<p>Le <b>Dreame L50 Pro Ultra<\/b> est un <b>robot aspirateur<\/b> con\u00e7u pour offrir un nettoyage efficace et pratique dans les foyers modernes, int\u00e9grant une technologie avanc\u00e9e pour optimiser ses performances. \u00c9quip\u00e9 de la <b>technologie iTech Laser 360\u00ba<\/b> innovante, cet appareil peut cartographier son environnement avec pr\u00e9cision gr\u00e2ce \u00e0 des capteurs laser, permettant une navigation intelligente et une couverture compl\u00e8te de chaque zone \u00e0 nettoyer. Son <b>design rond et compact de 35 cm de diam\u00e8tre<\/b> facilite l\u2019acc\u00e8s aux espaces \u00e9troits et aux coins difficiles, tandis que sa finition en <b>blanc avec des mat\u00e9riaux plastiques r\u00e9sistants<\/b> assure un \u00e9quilibre esth\u00e9tique et durable. Con\u00e7u pour un nettoyage simple, le robot dispose d\u2019un syst\u00e8me <b>facile \u00e0 nettoyer<\/b> et d\u2019un <b>filtre interne<\/b> qui retient poussi\u00e8re et allerg\u00e8nes, am\u00e9liorant la qualit\u00e9 de l\u2019air int\u00e9rieur. Sa capacit\u00e9 <b>rechargeable<\/b> lui conf\u00e8re une autonomie suffisante pour effectuer des cycles complets sans interruptions fr\u00e9quentes. De plus, la <b>connectivit\u00e9 Wi-Fi<\/b> lui permet de se connecter \u00e0 des applications mobiles, facilitant la programmation, le contr\u00f4le \u00e0 distance et la surveillance depuis n\u2019importe o\u00f9, ajoutant confort et personnalisation \u00e0 l\u2019exp\u00e9rience utilisateur. L\u2019\u00e9quilibre entre ses fonctions technologiques et sa forme pratique fait du Dreame L50 Pro Ultra une solution compl\u00e8te pour garder les sols propres sans effort manuel. Ce robot aspirateur incarne une avanc\u00e9e dans le nettoyage domestique intelligent, se positionnant comme une option fonctionnelle et performante pour ceux qui valorisent la technologie appliqu\u00e9e \u00e0 l\u2019entretien du foyer.<\/p>\n<ul>\n<li>Produit \u00e0 brancher: Oui<\/li>\n<li>Bloc d\u2019Alimentation:\n<ul>\n<li>r\u00e9seau \u00e9lectrique<\/li>\n<li>Batterie<\/li>\n<\/ul>\n<\/li>\n<li>Couleur: Blanc<\/li>\n<li>Poids: 9 kg<\/li>\n<li>Capacit\u00e9 de la batterie: 6400 mAh<\/li>\n<li>Autonomie approx.: 240 MIN<\/li>\n<li>Filtre: HEPA<\/li>\n<li>Indice de r\u00e9parabilit\u00e9: 8.2<\/li>\n<li>Capacit\u00e9:\n<ul>\n<li>4 L<\/li>\n<li>4,5 L<\/li>\n<li>3,2 L<\/li>\n<\/ul>\n<\/li>\n<li>Dimensions approx.:\n<ul>\n<li>35 cm<\/li>\n<li>11 cm<\/li>\n<li>34 cm<\/li>\n<li>35 x 35 x 89 cm<\/li>\n<\/ul>\n<\/li>\n<li>Mati\u00e8re: Plastique<\/li>\n<li>Largeur: 35 cm<\/li>\n<li>Caract\u00e9ristiques:\n<ul>\n<li>Facile \u00e0 nettoyer<\/li>\n<li>Filtre<\/li>\n<li>D\u00e9tecte les obstacles<\/li>\n<\/ul>\n<\/li>\n<li>Type de batterie: Rechargeable<\/li>\n<li>Connectivit\u00e9: Wi-Fi<\/li>\n<li>Forme: Rond<\/li>\n<li>Piles incluses: Oui<\/li>\n<li>Compatible:\n<ul>\n<li>Amazon Alexa<\/li>\n<li>Google Home<\/li>\n<\/ul>\n<\/li>\n<li>Inclut:\n<ul>\n<li>C\u00e2ble Alimentation<\/li>\n<li>Manuel de l&#8217;utilisateur<\/li>\n<li>Sac \u00e0 poussi\u00e8re<\/li>\n<\/ul>\n<\/li>\n<li>Fonctions:\n<ul>\n<li>Serpilli\u00e8re<\/li>\n<li>Frott\u00e9<\/li>\n<\/ul>\n<\/li>\n<li>Technologie: iTech Laser 360\u00ba<\/li>\n<\/ul>","protected":false},"excerpt":{"rendered":"<p>Si vous aimez prendre soin de chaque d\u00e9tail de votre maison et d&#8217;\u00eatre \u00e0 la derni\u00e8re mode en mati\u00e8re de produits qui vous rendront la vie plus facile, achetez Aspirateur robot Dreame L50 Pro Ultra 6400 mAh au meilleur prix. Le Dreame L50 Pro Ultra est un robot aspirateur con\u00e7u pour offrir un nettoyage efficace [&hellip;]<\/p>\n","protected":false},"featured_media":28591,"comment_status":"open","ping_status":"closed","template":"","meta":[],"product_brand":[860],"product_cat":[762,239,240],"product_tag":[59,56],"class_list":{"0":"post-28597","1":"product","2":"type-product","3":"status-publish","4":"has-post-thumbnail","6":"product_brand-brandp_4590","7":"product_cat-aspirateurs-et-robots","8":"product_cat-maison-jardin","9":"product_cat-nettoyage-aspirateur-et-repassage","10":"product_tag-tag_1304","11":"product_tag-tag_930","13":"first","14":"instock","15":"taxable","16":"shipping-taxable","17":"purchasable","18":"product-type-simple"},"_links":{"self":[{"href":"https:\/\/bigbuy.tupique.com\/en\/wp-json\/wp\/v2\/product\/28597","targetHints":{"allow":["GET"]}}],"collection":[{"href":"https:\/\/bigbuy.tupique.com\/en\/wp-json\/wp\/v2\/product"}],"about":[{"href":"https:\/\/bigbuy.tupique.com\/en\/wp-json\/wp\/v2\/types\/product"}],"replies":[{"embeddable":true,"href":"https:\/\/bigbuy.tupique.com\/en\/wp-json\/wp\/v2\/comments?post=28597"}],"wp:featuredmedia":[{"embeddable":true,"href":"https:\/\/bigbuy.tupique.com\/en\/wp-json\/wp\/v2\/media\/28591"}],"wp:attachment":[{"href":"https:\/\/bigbuy.tupique.com\/en\/wp-json\/wp\/v2\/media?parent=28597"}],"wp:term":[{"taxonomy":"product_brand","embeddable":true,"href":"https:\/\/bigbuy.tupique.com\/en\/wp-json\/wp\/v2\/product_brand?post=28597"},{"taxonomy":"product_cat","embeddable":true,"href":"https:\/\/bigbuy.tupique.com\/en\/wp-json\/wp\/v2\/product_cat?post=28597"},{"taxonomy":"product_tag","embeddable":true,"href":"https:\/\/bigbuy.tupique.com\/en\/wp-json\/wp\/v2\/product_tag?post=28597"}],"curies":[{"name":"wp","href":"https:\/\/api.w.org\/{rel}","templated":true}]}}