{"id":28532,"date":"2026-03-30T00:19:54","date_gmt":"2026-03-29T23:19:54","guid":{"rendered":"https:\/\/bigbuy.tupique.com\/produto\/tablet-apple-ipad-a16-grey-11-128-gb\/"},"modified":"2026-04-16T19:51:29","modified_gmt":"2026-04-16T18:51:29","slug":"tablet-apple-ipad-a16-grey-11-128-gb","status":"publish","type":"product","link":"https:\/\/bigbuy.tupique.com\/en\/produto\/tablet-apple-ipad-a16-grey-11-128-gb\/","title":{"rendered":"Tablette Apple iPad A16 Gris 11&#8243; 128 GB"},"content":{"rendered":"<p>Si vous \u00eates passionn\u00e9 d&#8217;<b>informatique et d&#8217;\u00e9lectronique<\/b>, si vous \u00eates \u00e0 la pointe de la technologie et qu&#8217;aucun d\u00e9tail ne vous \u00e9chappe, achetez <b>Tablette Apple iPad A16 Gris 11&#8243; 128 GB<\/b> au meilleur prix.<\/p>\n<p>Le <b>iPad A16 (mod\u00e8le MD3Y4TY\/A)<\/b> d\u2019Apple est une <b>tablette<\/b> con\u00e7ue pour offrir un \u00e9quilibre entre performance et qualit\u00e9 visuelle gr\u00e2ce \u00e0 son large <b>\u00e9cran de 11 pouces<\/b>, qui garantit une grande nettet\u00e9 et un espace adapt\u00e9 aux activit\u00e9s multim\u00e9dias, professionnelles ou \u00e9ducatives. Cet appareil dispose d\u2019un bo\u00eetier \u00e9l\u00e9gant en <b>gris argent\u00e9<\/b> fabriqu\u00e9 en <b>aluminium<\/b>, alliant l\u00e9g\u00e8ret\u00e9 et robustesse. Dot\u00e9 d\u2019une capacit\u00e9 de stockage de <b>128 Go<\/b>, il permet de sauvegarder une grande vari\u00e9t\u00e9 de fichiers, applications et contenus multim\u00e9dias sans souci d\u2019espace. C\u00f4t\u00e9 connectivit\u00e9, il int\u00e8gre des fonctions comme le <b>Bluetooth<\/b> pour la synchronisation sans fil avec d\u2019autres appareils et le <b>GPS<\/b>, \u00e9largissant ses usages pour la navigation et les applications bas\u00e9es sur la localisation. Son syst\u00e8me comprend une <b>cam\u00e9ra frontale<\/b> id\u00e9ale pour les appels vid\u00e9o ou la photo simple, compl\u00e9t\u00e9e par un <b>microphone int\u00e9gr\u00e9<\/b> assurant une bonne captation audio lors des communications ou enregistrements. Le tout est r\u00e9uni dans un \u00e9quipement qui conserve la qualit\u00e9 et le design reconnus d\u2019Apple, avec un accent sur la polyvalence et la fonctionnalit\u00e9 pour un usage quotidien et professionnel. Ce mod\u00e8le se pr\u00e9sente comme une option attrayante pour les utilisateurs recherchant une tablette moderne offrant un bon \u00e9quilibre entre performances, design et confort d\u2019utilisation au quotidien.<\/p>\n<ul>\n<li>Type de prise: Prise EU<\/li>\n<li>Type:\n<ul>\n<li>Tablette<\/li>\n<li>iPad<\/li>\n<li>Flash<\/li>\n<\/ul>\n<\/li>\n<li>Produit \u00e0 brancher: Oui<\/li>\n<li>Bloc d\u2019Alimentation:\n<ul>\n<li>r\u00e9seau \u00e9lectrique<\/li>\n<li>USB<\/li>\n<\/ul>\n<\/li>\n<li>Cam\u00e9ra\/Appareil Photo:\n<ul>\n<li>12 MP<\/li>\n<li>Arri\u00e8re<\/li>\n<\/ul>\n<\/li>\n<li>Connectivit\u00e9:\n<ul>\n<li>Wi-Fi<\/li>\n<li>Bluetooth<\/li>\n<li>GPS<\/li>\n<li>Wi-Fi 6 GHz<\/li>\n<li>Bluetooth 5.3<\/li>\n<\/ul>\n<\/li>\n<li>Plate-forme: iOS<\/li>\n<li>Classification \u00e9nerg\u00e9tique: G<\/li>\n<li>Noyaux:\n<ul>\n<li>1<\/li>\n<li>16 Noyaux<\/li>\n<\/ul>\n<\/li>\n<li>Diagonale de l&#8217;\u00e9cran (cm): 27,9 cm<\/li>\n<li>Couleur:\n<ul>\n<li>Gris<\/li>\n<li>Argent\u00e9<\/li>\n<\/ul>\n<\/li>\n<li>Mati\u00e8re: Aluminium<\/li>\n<li>Caract\u00e9ristiques:\n<ul>\n<li>Cam\u00e9ra frontale<\/li>\n<li>Microphone int\u00e9gr\u00e9<\/li>\n<li>Autofocus<\/li>\n<li>Pile incluse<\/li>\n<li>Stabilisateur d&#8217;image<\/li>\n<li>2 Haut-parleurs<\/li>\n<li>Lecteur d&#8217;empreintes<\/li>\n<li>Boussole \u00e9lectronique<\/li>\n<li>\u00c9cran avec coins arrondis<\/li>\n<\/ul>\n<\/li>\n<li>Connexions:\n<ul>\n<li>USB-C<\/li>\n<li>USB-C 2.0<\/li>\n<\/ul>\n<\/li>\n<li>Fonctions:\n<ul>\n<li>Barom\u00e8tre<\/li>\n<li>Acc\u00e9l\u00e9rom\u00e8tre<\/li>\n<li>G\u00e9olocalisation<\/li>\n<\/ul>\n<\/li>\n<li>Syst\u00e8me d&#8217;exploitation: iOS<\/li>\n<li>Ouverture: F\/1,8<\/li>\n<li>Technologie:\n<ul>\n<li>LED<\/li>\n<li>IPS<\/li>\n<li>Mime<\/li>\n<li>Capacitive<\/li>\n<\/ul>\n<\/li>\n<li>Brille: 500 cd\/m2<\/li>\n<li>Non Inclus:\n<ul>\n<li>Adaptateur AC<\/li>\n<li>Connexion au r\u00e9seau mobile<\/li>\n<\/ul>\n<\/li>\n<li>Ecran: 11&#8243;<\/li>\n<li>Certificat: Certification ENERGY STAR<\/li>\n<li>Compatible: iPadOS<\/li>\n<li>M\u00e9moire interne: 128 GB<\/li>\n<li>Type de batterie: Litio Ion<\/li>\n<li>R\u00e9solution: 2360 x 1640 px<\/li>\n<li>R\u00e9solution (px):\n<ul>\n<li>3840 x 2160 px<\/li>\n<li>2160 px<\/li>\n<\/ul>\n<\/li>\n<li>Autonomie approx.: 10 heures<\/li>\n<\/ul>","protected":false},"excerpt":{"rendered":"<p>Si vous \u00eates passionn\u00e9 d&#8217;informatique et d&#8217;\u00e9lectronique, si vous \u00eates \u00e0 la pointe de la technologie et qu&#8217;aucun d\u00e9tail ne vous \u00e9chappe, achetez Tablette Apple iPad A16 Gris 11&#8243; 128 GB au meilleur prix. Le iPad A16 (mod\u00e8le MD3Y4TY\/A) d\u2019Apple est une tablette con\u00e7ue pour offrir un \u00e9quilibre entre performance et qualit\u00e9 visuelle gr\u00e2ce \u00e0 [&hellip;]<\/p>\n","protected":false},"featured_media":28525,"comment_status":"open","ping_status":"closed","template":"","meta":[],"product_brand":[979],"product_cat":[575,65,1052],"product_tag":[59,566,106],"class_list":{"0":"post-28532","1":"product","2":"type-product","3":"status-publish","4":"has-post-thumbnail","6":"product_brand-brandp_533","7":"product_cat-electronique-telephonie-et-tablettes","8":"product_cat-informatique-electronique","9":"product_cat-tablettes","10":"product_tag-tag_1304","11":"product_tag-tag_547","12":"product_tag-tag_1295","14":"first","15":"instock","16":"taxable","17":"shipping-taxable","18":"purchasable","19":"product-type-simple"},"_links":{"self":[{"href":"https:\/\/bigbuy.tupique.com\/en\/wp-json\/wp\/v2\/product\/28532","targetHints":{"allow":["GET"]}}],"collection":[{"href":"https:\/\/bigbuy.tupique.com\/en\/wp-json\/wp\/v2\/product"}],"about":[{"href":"https:\/\/bigbuy.tupique.com\/en\/wp-json\/wp\/v2\/types\/product"}],"replies":[{"embeddable":true,"href":"https:\/\/bigbuy.tupique.com\/en\/wp-json\/wp\/v2\/comments?post=28532"}],"wp:featuredmedia":[{"embeddable":true,"href":"https:\/\/bigbuy.tupique.com\/en\/wp-json\/wp\/v2\/media\/28525"}],"wp:attachment":[{"href":"https:\/\/bigbuy.tupique.com\/en\/wp-json\/wp\/v2\/media?parent=28532"}],"wp:term":[{"taxonomy":"product_brand","embeddable":true,"href":"https:\/\/bigbuy.tupique.com\/en\/wp-json\/wp\/v2\/product_brand?post=28532"},{"taxonomy":"product_cat","embeddable":true,"href":"https:\/\/bigbuy.tupique.com\/en\/wp-json\/wp\/v2\/product_cat?post=28532"},{"taxonomy":"product_tag","embeddable":true,"href":"https:\/\/bigbuy.tupique.com\/en\/wp-json\/wp\/v2\/product_tag?post=28532"}],"curies":[{"name":"wp","href":"https:\/\/api.w.org\/{rel}","templated":true}]}}