{"id":28470,"date":"2026-03-30T00:10:23","date_gmt":"2026-03-29T23:10:23","guid":{"rendered":"https:\/\/bigbuy.tupique.com\/produto\/induction-hot-plate-bosch-3\/"},"modified":"2026-04-16T16:32:19","modified_gmt":"2026-04-16T15:32:19","slug":"induction-hot-plate-bosch-3","status":"publish","type":"product","link":"https:\/\/bigbuy.tupique.com\/en\/produto\/induction-hot-plate-bosch-3\/","title":{"rendered":"Plaque \u00e0 Induction BOSCH"},"content":{"rendered":"<p>Si vous pensez r\u00e9nover votre cuisine, achetez <b>Plaque \u00e0 Induction BOSCH<\/b> et d\u00b4autres <b>produits BOSCH<\/b> !<\/p>\n<ul>\n<li>Type:\n<ul>\n<li>Int\u00e9grable<\/li>\n<li>Plaque \u00e0 Induction<\/li>\n<li>Int\u00e9gr\u00e9<\/li>\n<\/ul>\n<\/li>\n<li>Largeur:\n<ul>\n<li>30 cm<\/li>\n<li>30,6 cm<\/li>\n<\/ul>\n<\/li>\n<li>Tension:\n<ul>\n<li>220-240 V<\/li>\n<li>220 V<\/li>\n<\/ul>\n<\/li>\n<li>Contr\u00f4le: Tactile<\/li>\n<li>puissance: 3700 W<\/li>\n<li>Type de prise: Prise EU<\/li>\n<li>Produit \u00e0 brancher: Oui<\/li>\n<li>Caract\u00e9ristiques:\n<ul>\n<li>\u00c9cran integr\u00e9<\/li>\n<li>Commande tactile<\/li>\n<li>Minuterie<\/li>\n<li>Facile \u00e0 nettoyer<\/li>\n<\/ul>\n<\/li>\n<li>Bloc d\u2019Alimentation:\n<ul>\n<li>r\u00e9seau \u00e9lectrique<\/li>\n<li>\u00c9lectrique<\/li>\n<li>C\u00e2ble \u00e9lectrique<\/li>\n<li>Gaz<\/li>\n<\/ul>\n<\/li>\n<li>diam\u00e8tre approx.: \u00d8 21 cm<\/li>\n<li>Type d&#8217;installation: Int\u00e9grable<\/li>\n<li>Tension d&#8217;entr\u00e9e AC: 220-240 V<\/li>\n<li>Longueur du c\u00e2ble: 1,1 m<\/li>\n<li>Profondeur de compartiment d&#8217;installation: 50 cm<\/li>\n<li>Couleur:\n<ul>\n<li>Acier<\/li>\n<li>Noir<\/li>\n<\/ul>\n<\/li>\n<li>Hauteur: 5,1 cm<\/li>\n<li>Dimensions approx.: 30,6 X 5,1 X 52,7 cm<\/li>\n<li>Fonctions: Minuterie<\/li>\n<li>Zones de cuisson: 2<\/li>\n<li>Type de carburant: Gaz<\/li>\n<li>Fr\u00e9quence: 50 &#8211; 60 Hz<\/li>\n<li>Inclut: Ecran<\/li>\n<li>Type de commande: Tactile<\/li>\n<li>Niveaux de puissance: 17<\/li>\n<\/ul>\n<p><\/p>\n<p>Bosch PIB375FB1E. Couleur du produit: Noir, Acier inoxydable, Placement de l&#8217;appareil: Int\u00e9gr\u00e9 (placement), Type de plaque: Plaque avec zone \u00e0 induction. Type de commande: Tactile, Position de contr\u00f4le: En haut devant. Puissance raccord\u00e9e (\u00e9lectrique): 3700 W, Tension d&#8217;entr\u00e9e AC: 220-240 V, Fr\u00e9quence d&#8217;entr\u00e9e AC: 50 &#8211; 60 Hz. Largeur: 306 mm, Profondeur: 527 mm, Hauteur: 51 mm<\/p>\n<p><\/p>\n<ul>\n<li>Couleur du produit: Noir, Acier inoxydable<\/li>\n<li>Placement de l&#8217;appareil: Int\u00e9gr\u00e9 (placement)<\/li>\n<li>Type de plaque: Plaque avec zone \u00e0 induction<\/li>\n<li>Type de surface ext\u00e9rieure (dessus): Verre-c\u00e9ramique<\/li>\n<li>Nombre de br\u00fbleurs: 2 zone(s)<\/li>\n<li>Nombre de zone de cuisine \u00e9lectrique: 2 zone(s)<\/li>\n<li>Br\u00fbleur de mijotage: 2200 W<\/li>\n<li>Laisser mijoter diam\u00e8tre de la zone du br\u00fbleur \/ de cuisine: 14,5 cm<\/li>\n<li>Br\u00fbleur ordinaire: 3700 W<\/li>\n<li>Diam\u00e8tre de la zone du br\u00fbleur ordinaire \/ de cuisine: 21 cm<\/li>\n<li>Fonction Boost: Oui<\/li>\n<li>Couleur du cadre: Acier inoxydable<\/li>\n<li>Nombre de niveaux de puissance: 17<\/li>\n<li>Type de commande: Tactile<\/li>\n<li>Position de contr\u00f4le: En haut devant<\/li>\n<li>\u00c9cran integr\u00e9: Oui<\/li>\n<li>Minuteur: Oui<\/li>\n<li>Indicateur de chaleur r\u00e9siduelle: Oui<\/li>\n<li>Facile \u00e0 nettoyer: Oui<\/li>\n<li>Puissance raccord\u00e9e (\u00e9lectrique): 3700 W<\/li>\n<li>Tension d&#8217;entr\u00e9e AC: 220-240 V<\/li>\n<li>Fr\u00e9quence d&#8217;entr\u00e9e AC: 50 &#8211; 60 Hz<\/li>\n<li>Largeur: 306 mm<\/li>\n<li>Profondeur: 527 mm<\/li>\n<li>Hauteur: 51 mm<\/li>\n<li>Longueur du c\u00e2ble: 1,1 m<\/li>\n<li>Largeur de compartiment d&#8217;installation: 27 cm<\/li>\n<li>Profondeur de compartiment d&#8217;installation: 50 cm<\/li>\n<\/ul>","protected":false},"excerpt":{"rendered":"<p>Si vous pensez r\u00e9nover votre cuisine, achetez Plaque \u00e0 Induction BOSCH et d\u00b4autres produits BOSCH ! Type: Int\u00e9grable Plaque \u00e0 Induction Int\u00e9gr\u00e9 Largeur: 30 cm 30,6 cm Tension: 220-240 V 220 V Contr\u00f4le: Tactile puissance: 3700 W Type de prise: Prise EU Produit \u00e0 brancher: Oui Caract\u00e9ristiques: \u00c9cran integr\u00e9 Commande tactile Minuterie Facile \u00e0 nettoyer [&hellip;]<\/p>\n","protected":false},"featured_media":28434,"comment_status":"open","ping_status":"closed","template":"","meta":[],"product_brand":[162],"product_cat":[60,77,78],"product_tag":[55,59,56],"class_list":{"0":"post-28470","1":"product","2":"type-product","3":"status-publish","4":"has-post-thumbnail","6":"product_brand-brandp_959","7":"product_cat-cuisine-gourmet","8":"product_cat-petit-electromenager","9":"product_cat-plaques-de-cuisson","10":"product_tag-tag_926","11":"product_tag-tag_1304","12":"product_tag-tag_930","14":"first","15":"instock","16":"taxable","17":"shipping-taxable","18":"purchasable","19":"product-type-simple"},"_links":{"self":[{"href":"https:\/\/bigbuy.tupique.com\/en\/wp-json\/wp\/v2\/product\/28470","targetHints":{"allow":["GET"]}}],"collection":[{"href":"https:\/\/bigbuy.tupique.com\/en\/wp-json\/wp\/v2\/product"}],"about":[{"href":"https:\/\/bigbuy.tupique.com\/en\/wp-json\/wp\/v2\/types\/product"}],"replies":[{"embeddable":true,"href":"https:\/\/bigbuy.tupique.com\/en\/wp-json\/wp\/v2\/comments?post=28470"}],"wp:featuredmedia":[{"embeddable":true,"href":"https:\/\/bigbuy.tupique.com\/en\/wp-json\/wp\/v2\/media\/28434"}],"wp:attachment":[{"href":"https:\/\/bigbuy.tupique.com\/en\/wp-json\/wp\/v2\/media?parent=28470"}],"wp:term":[{"taxonomy":"product_brand","embeddable":true,"href":"https:\/\/bigbuy.tupique.com\/en\/wp-json\/wp\/v2\/product_brand?post=28470"},{"taxonomy":"product_cat","embeddable":true,"href":"https:\/\/bigbuy.tupique.com\/en\/wp-json\/wp\/v2\/product_cat?post=28470"},{"taxonomy":"product_tag","embeddable":true,"href":"https:\/\/bigbuy.tupique.com\/en\/wp-json\/wp\/v2\/product_tag?post=28470"}],"curies":[{"name":"wp","href":"https:\/\/api.w.org\/{rel}","templated":true}]}}